{"id":18599,"date":"2015-10-06T20:33:53","date_gmt":"2015-10-06T17:33:53","guid":{"rendered":"https:\/\/westbalt.ee\/?post_type=product&#038;p=18599"},"modified":"2026-03-21T19:48:06","modified_gmt":"2026-03-21T16:48:06","slug":"parkimisandur-2616-n04","status":"publish","type":"product","link":"https:\/\/westbalt.ee\/?product=parkimisandur-2616-n04","title":{"rendered":"Parkimisandur 2616-N04"},"content":{"rendered":"<p>&#8211;<\/p>\n","protected":false},"excerpt":{"rendered":"<p>\u2022 Tagurdamise s\u00fcsteem k\u00e4ivitatakse automaatselt p\u00e4rast toite sissel\u00fclitamist.<br \/>\n\u2022 Wide Color digitaalne ekraan, suunan\u00e4it ja h\u00e4\u00e4l.<br \/>\n\u2022 Usaldusv\u00e4\u00e4rne ja stabiilne.<br \/>\n\u2022 T\u00f6\u00f6pinge: 10 ~ 15 V DC<br \/>\n\u2022 Max. v\u00f5imsus: 5 W max.<br \/>\n\u2022 T\u00f6\u00f6temperatuur: -20 \u00b0 C kuni + 60 \u00b0 C<br \/>\n\u2022 Helisignaal: >70 dB<br \/>\n\u2022 N\u00e4it kaugusel: <1,8 m\n\u2022 Helisignaal kaugusel: <1,5 m\n<\/p>\n","protected":false},"featured_media":18600,"comment_status":"open","ping_status":"open","template":"","meta":{"_acf_changed":false,"_monsterinsights_skip_tracking":false,"_monsterinsights_sitenote_active":false,"_monsterinsights_sitenote_note":"","_monsterinsights_sitenote_category":0},"pwb-brand":[],"product_brand":[],"product_cat":[325],"product_tag":[],"class_list":{"0":"post-18599","1":"product","2":"type-product","3":"status-publish","4":"has-post-thumbnail","6":"product_cat-valveseadmed-2","7":"pa_varv-must","9":"first","10":"outofstock","11":"taxable","12":"shipping-taxable","13":"purchasable","14":"product-type-simple"},"acf":[],"aioseo_notices":[],"jetpack_sharing_enabled":true,"brands":[],"_links":{"self":[{"href":"https:\/\/westbalt.ee\/index.php?rest_route=\/wp\/v2\/product\/18599","targetHints":{"allow":["GET"]}}],"collection":[{"href":"https:\/\/westbalt.ee\/index.php?rest_route=\/wp\/v2\/product"}],"about":[{"href":"https:\/\/westbalt.ee\/index.php?rest_route=\/wp\/v2\/types\/product"}],"replies":[{"embeddable":true,"href":"https:\/\/westbalt.ee\/index.php?rest_route=%2Fwp%2Fv2%2Fcomments&post=18599"}],"wp:featuredmedia":[{"embeddable":true,"href":"https:\/\/westbalt.ee\/index.php?rest_route=\/wp\/v2\/media\/18600"}],"wp:attachment":[{"href":"https:\/\/westbalt.ee\/index.php?rest_route=%2Fwp%2Fv2%2Fmedia&parent=18599"}],"wp:term":[{"taxonomy":"pwb-brand","embeddable":true,"href":"https:\/\/westbalt.ee\/index.php?rest_route=%2Fwp%2Fv2%2Fpwb-brand&post=18599"},{"taxonomy":"product_brand","embeddable":true,"href":"https:\/\/westbalt.ee\/index.php?rest_route=%2Fwp%2Fv2%2Fproduct_brand&post=18599"},{"taxonomy":"product_cat","embeddable":true,"href":"https:\/\/westbalt.ee\/index.php?rest_route=%2Fwp%2Fv2%2Fproduct_cat&post=18599"},{"taxonomy":"product_tag","embeddable":true,"href":"https:\/\/westbalt.ee\/index.php?rest_route=%2Fwp%2Fv2%2Fproduct_tag&post=18599"}],"curies":[{"name":"wp","href":"https:\/\/api.w.org\/{rel}","templated":true}]}}