{"id":18644,"date":"2015-11-08T07:48:02","date_gmt":"2015-11-08T04:48:02","guid":{"rendered":"https:\/\/westbalt.ee\/?post_type=product&#038;p=18644"},"modified":"2026-03-21T19:44:56","modified_gmt":"2026-03-21T16:44:56","slug":"toiteplokk-2x0-32v-2x0-3a-utp3702s","status":"publish","type":"product","link":"https:\/\/westbalt.ee\/?product=toiteplokk-2x0-32v-2x0-3a-utp3702s","title":{"rendered":"Toiteplokk 2&#215;0-32V\/ 2&#215;0-3A UTP3702S"},"content":{"rendered":"<p>&#8211;<\/p>\n","protected":false},"excerpt":{"rendered":"<p>\u2022 V\u00e4ljundpinge Ch1, Ch2: 0 ~ 32V<br \/>\n\u2022 V\u00e4ljundvool Ch1, Ch2: 0 ~ 3A<br \/>\n\u2022 M\u00fcra CV\u22641mVrms, CC\u22641mArms<br \/>\n\u2022 LED-ekraan n\u00e4itab pinge ja voolu v\u00e4\u00e4rtused<br \/>\n\u2022 Sisendpinge: 220VAC +\/- 10%; Sagedus: 50 Hz +\/- 4%<br \/>\n\u2022 Komplektis: toitejuhe, karp, inglisekeelne kasutusjuhend.<\/p>\n","protected":false},"featured_media":18645,"comment_status":"open","ping_status":"open","template":"","meta":{"_acf_changed":false,"_monsterinsights_skip_tracking":false,"_monsterinsights_sitenote_active":false,"_monsterinsights_sitenote_note":"","_monsterinsights_sitenote_category":0},"pwb-brand":[2409],"product_brand":[],"product_cat":[321],"product_tag":[],"class_list":{"0":"post-18644","1":"product","2":"type-product","3":"status-publish","4":"has-post-thumbnail","6":"pwb-brand-uni-t","7":"product_cat-labori-toiteplokid","8":"pa_m-dud-210mm-x-152mm-x-305mm","10":"first","11":"outofstock","12":"taxable","13":"shipping-taxable","14":"purchasable","15":"product-type-simple"},"acf":[],"aioseo_notices":[],"jetpack_sharing_enabled":true,"brands":[{"id":2409,"name":"UNI-T","slug":"uni-t"}],"_links":{"self":[{"href":"https:\/\/westbalt.ee\/index.php?rest_route=\/wp\/v2\/product\/18644","targetHints":{"allow":["GET"]}}],"collection":[{"href":"https:\/\/westbalt.ee\/index.php?rest_route=\/wp\/v2\/product"}],"about":[{"href":"https:\/\/westbalt.ee\/index.php?rest_route=\/wp\/v2\/types\/product"}],"replies":[{"embeddable":true,"href":"https:\/\/westbalt.ee\/index.php?rest_route=%2Fwp%2Fv2%2Fcomments&post=18644"}],"wp:featuredmedia":[{"embeddable":true,"href":"https:\/\/westbalt.ee\/index.php?rest_route=\/wp\/v2\/media\/18645"}],"wp:attachment":[{"href":"https:\/\/westbalt.ee\/index.php?rest_route=%2Fwp%2Fv2%2Fmedia&parent=18644"}],"wp:term":[{"taxonomy":"pwb-brand","embeddable":true,"href":"https:\/\/westbalt.ee\/index.php?rest_route=%2Fwp%2Fv2%2Fpwb-brand&post=18644"},{"taxonomy":"product_brand","embeddable":true,"href":"https:\/\/westbalt.ee\/index.php?rest_route=%2Fwp%2Fv2%2Fproduct_brand&post=18644"},{"taxonomy":"product_cat","embeddable":true,"href":"https:\/\/westbalt.ee\/index.php?rest_route=%2Fwp%2Fv2%2Fproduct_cat&post=18644"},{"taxonomy":"product_tag","embeddable":true,"href":"https:\/\/westbalt.ee\/index.php?rest_route=%2Fwp%2Fv2%2Fproduct_tag&post=18644"}],"curies":[{"name":"wp","href":"https:\/\/api.w.org\/{rel}","templated":true}]}}