{"id":18674,"date":"2015-11-22T11:09:48","date_gmt":"2015-11-22T08:09:48","guid":{"rendered":"https:\/\/westbalt.ee\/?post_type=product&#038;p=18674"},"modified":"2026-03-21T19:48:13","modified_gmt":"2026-03-21T16:48:13","slug":"kandelamp-led-laetav-26-led-12v-230v-ssd-6605","status":"publish","type":"product","link":"https:\/\/westbalt.ee\/?product=kandelamp-led-laetav-26-led-12v-230v-ssd-6605","title":{"rendered":"Kandelamp LED, laetav, 5W COB LED, 12V\/230V, magnet, Emos"},"content":{"rendered":"<table class=\"table-params margin-bottom-20\">\n<tbody>\n<tr>\n<th style=\"text-align: left;\">Waterproof<\/th>\n<td>IP43<\/td>\n<\/tr>\n<tr>\n<th style=\"text-align: left;\">Material<\/th>\n<td>ABS plastic + rubber<\/td>\n<\/tr>\n<tr>\n<th style=\"text-align: left;\">Runtime<\/th>\n<td>2\u201326 hrs<\/td>\n<\/tr>\n<tr>\n<th style=\"text-align: left;\">Runtime detail<\/th>\n<td>COB LED 50 % \u2013 4 hrs, COB LED 100 % \u2013 2 hrs, 5\u00d7 LED 26 hrs<\/td>\n<\/tr>\n<tr>\n<th style=\"text-align: left;\">Recharge time<\/th>\n<td>3 hrs<\/td>\n<\/tr>\n<tr>\n<th style=\"text-align: left;\">Impact resistance<\/th>\n<td>yes<\/td>\n<\/tr>\n<tr>\n<th style=\"text-align: left;\">Colour<\/th>\n<td>green-black<\/td>\n<\/tr>\n<tr>\n<th style=\"text-align: left;\">Light output<\/th>\n<td>COB LED 50 % \u2013 270 lm, COB LED 100 % \u2013 500 lm, 5\u00d7 LED 15 lm<\/td>\n<\/tr>\n<tr>\n<th style=\"text-align: left;\">Source of light<\/th>\n<td>COB LED + 5\u00d7 LED<\/td>\n<\/tr>\n<tr>\n<th style=\"text-align: left;\">Beam distance<\/th>\n<td>COB LED 50 % \u2013 22 m, COB LED 100 % \u2013 30 m, 5\u00d7 LED 24 m<\/td>\n<\/tr>\n<tr>\n<th style=\"text-align: left;\">Battery type<\/th>\n<td>2 000 mAh\/3.7 V<\/td>\n<\/tr>\n<tr>\n<th style=\"text-align: left;\">Number of lighting modes<\/th>\n<td>3<\/td>\n<\/tr>\n<tr>\n<th style=\"text-align: left;\">Power connector type<\/th>\n<td>3.0 \u00d7 1.0\/12 mm<\/td>\n<\/tr>\n<tr>\n<th style=\"text-align: left;\">Lighting modes<\/th>\n<td>COB LED 50 %, COB LED 100 %, 5\u00d7 LED<\/td>\n<\/tr>\n<tr>\n<th style=\"text-align: left;\">Accessories<\/th>\n<td>charging adapter + car adapter<\/td>\n<\/tr>\n<tr>\n<th style=\"text-align: left;\">Special features<\/th>\n<td>quick switch ON\/OFF, battery protection<\/td>\n<\/tr>\n<tr>\n<th style=\"text-align: left;\">Features<\/th>\n<td>swivel handle, 1\u00d7 hook, 3\u00d7 magnet<\/td>\n<\/tr>\n<\/tbody>\n<\/table>\n","protected":false},"excerpt":{"rendered":"<p>Universaalne laetav COB LED t\u00f6\u00f6valgusti igasse majapidamisse, t\u00f6\u00f6kotta v\u00f5i kuhu iganes laia ala valgustamiseks.<br \/>\nSisaldab hoiatavat LED -kolmnurka, k\u00e4ep\u00e4rast konksu ja magnetit lambi riputamiseks ning toiteadaptereid auto v\u00f5i tavalise pistikupesa jaoks.<\/p>\n","protected":false},"featured_media":24984,"comment_status":"open","ping_status":"closed","template":"","meta":{"_acf_changed":false,"_monsterinsights_skip_tracking":false,"_monsterinsights_sitenote_active":false,"_monsterinsights_sitenote_note":"","_monsterinsights_sitenote_category":0},"pwb-brand":[2437],"product_brand":[],"product_cat":[161],"product_tag":[],"class_list":{"0":"post-18674","1":"product","2":"type-product","3":"status-publish","4":"has-post-thumbnail","6":"pwb-brand-emos","7":"product_cat-taskulambid-kandelambid","9":"first","10":"onbackorder","11":"taxable","12":"shipping-taxable","13":"purchasable","14":"product-type-simple"},"acf":[],"aioseo_notices":[],"jetpack_sharing_enabled":true,"brands":[{"id":2437,"name":"EMOS","slug":"emos"}],"_links":{"self":[{"href":"https:\/\/westbalt.ee\/index.php?rest_route=\/wp\/v2\/product\/18674","targetHints":{"allow":["GET"]}}],"collection":[{"href":"https:\/\/westbalt.ee\/index.php?rest_route=\/wp\/v2\/product"}],"about":[{"href":"https:\/\/westbalt.ee\/index.php?rest_route=\/wp\/v2\/types\/product"}],"replies":[{"embeddable":true,"href":"https:\/\/westbalt.ee\/index.php?rest_route=%2Fwp%2Fv2%2Fcomments&post=18674"}],"wp:featuredmedia":[{"embeddable":true,"href":"https:\/\/westbalt.ee\/index.php?rest_route=\/wp\/v2\/media\/24984"}],"wp:attachment":[{"href":"https:\/\/westbalt.ee\/index.php?rest_route=%2Fwp%2Fv2%2Fmedia&parent=18674"}],"wp:term":[{"taxonomy":"pwb-brand","embeddable":true,"href":"https:\/\/westbalt.ee\/index.php?rest_route=%2Fwp%2Fv2%2Fpwb-brand&post=18674"},{"taxonomy":"product_brand","embeddable":true,"href":"https:\/\/westbalt.ee\/index.php?rest_route=%2Fwp%2Fv2%2Fproduct_brand&post=18674"},{"taxonomy":"product_cat","embeddable":true,"href":"https:\/\/westbalt.ee\/index.php?rest_route=%2Fwp%2Fv2%2Fproduct_cat&post=18674"},{"taxonomy":"product_tag","embeddable":true,"href":"https:\/\/westbalt.ee\/index.php?rest_route=%2Fwp%2Fv2%2Fproduct_tag&post=18674"}],"curies":[{"name":"wp","href":"https:\/\/api.w.org\/{rel}","templated":true}]}}