{"id":18693,"date":"2015-11-28T23:11:22","date_gmt":"2015-11-28T20:11:22","guid":{"rendered":"https:\/\/westbalt.ee\/?post_type=product&#038;p=18693"},"modified":"2026-03-21T19:37:54","modified_gmt":"2026-03-21T16:37:54","slug":"arvutikaabel-cat5e-utp-4x2x0-5-cca","status":"publish","type":"product","link":"https:\/\/westbalt.ee\/?product=arvutikaabel-cat5e-utp-4x2x0-5-cca","title":{"rendered":"Arvutikaabel CAT5E UTP 4x2x0,5 CCA"},"content":{"rendered":"<p>M\u00f5\u00f5t\u00fchik:\tMeeter<\/p>\n","protected":false},"excerpt":{"rendered":"<p>\u2022 materjal: vasetatud alumiiniumist (CCA)<br \/>\n\u2022 isolatsioon 0,95 mm<br \/>\n\u2022 soon 0,51 mm<br \/>\n\u2022 l\u00e4bim\u00f5\u00f5t 5,2 mm<br \/>\n\u2022 paigaldus temperatuur 5 \u00b0 C &#8211; +60 \u00b0 C<br \/>\n\u2022 pakend 305 m, pappkast<\/p>\n","protected":false},"featured_media":18694,"comment_status":"open","ping_status":"open","template":"","meta":{"_acf_changed":false,"_monsterinsights_skip_tracking":false,"_monsterinsights_sitenote_active":false,"_monsterinsights_sitenote_note":"","_monsterinsights_sitenote_category":0},"pwb-brand":[],"product_brand":[],"product_cat":[293],"product_tag":[],"class_list":{"0":"post-18693","1":"product","2":"type-product","3":"status-publish","4":"has-post-thumbnail","6":"product_cat-andmeside-ja-audio-kaablid","7":"pa_varv-hall","9":"first","10":"onbackorder","11":"taxable","12":"shipping-taxable","13":"purchasable","14":"product-type-simple"},"acf":[],"aioseo_notices":[],"jetpack_sharing_enabled":true,"brands":[],"_links":{"self":[{"href":"https:\/\/westbalt.ee\/index.php?rest_route=\/wp\/v2\/product\/18693","targetHints":{"allow":["GET"]}}],"collection":[{"href":"https:\/\/westbalt.ee\/index.php?rest_route=\/wp\/v2\/product"}],"about":[{"href":"https:\/\/westbalt.ee\/index.php?rest_route=\/wp\/v2\/types\/product"}],"replies":[{"embeddable":true,"href":"https:\/\/westbalt.ee\/index.php?rest_route=%2Fwp%2Fv2%2Fcomments&post=18693"}],"wp:featuredmedia":[{"embeddable":true,"href":"https:\/\/westbalt.ee\/index.php?rest_route=\/wp\/v2\/media\/18694"}],"wp:attachment":[{"href":"https:\/\/westbalt.ee\/index.php?rest_route=%2Fwp%2Fv2%2Fmedia&parent=18693"}],"wp:term":[{"taxonomy":"pwb-brand","embeddable":true,"href":"https:\/\/westbalt.ee\/index.php?rest_route=%2Fwp%2Fv2%2Fpwb-brand&post=18693"},{"taxonomy":"product_brand","embeddable":true,"href":"https:\/\/westbalt.ee\/index.php?rest_route=%2Fwp%2Fv2%2Fproduct_brand&post=18693"},{"taxonomy":"product_cat","embeddable":true,"href":"https:\/\/westbalt.ee\/index.php?rest_route=%2Fwp%2Fv2%2Fproduct_cat&post=18693"},{"taxonomy":"product_tag","embeddable":true,"href":"https:\/\/westbalt.ee\/index.php?rest_route=%2Fwp%2Fv2%2Fproduct_tag&post=18693"}],"curies":[{"name":"wp","href":"https:\/\/api.w.org\/{rel}","templated":true}]}}