{"id":18787,"date":"2016-02-08T18:33:50","date_gmt":"2016-02-08T15:33:50","guid":{"rendered":"https:\/\/westbalt.ee\/?post_type=product&#038;p=18787"},"modified":"2026-03-21T19:47:43","modified_gmt":"2026-03-21T16:47:43","slug":"akulaadija-li-ion-akudele-10440-25500-0-5a","status":"publish","type":"product","link":"https:\/\/westbalt.ee\/?product=akulaadija-li-ion-akudele-10440-25500-0-5a","title":{"rendered":"Akulaadija LI-ION akudele 10440&#8230;.25500; 2A"},"content":{"rendered":"<ul>\n<li>Toitepinge DC 5.0V 2.1A<\/li>\n<li>Max pidev laadimisvool 2A<\/li>\n<li>Cut-off Pinge (v\u00e4ljund) 4.20V \u00b1 0,05V<\/li>\n<li>Cut-off vool \u2264150mA<\/li>\n<li>T\u00f6\u00f6temperatuur 0-40 \u2103<\/li>\n<\/ul>\n","protected":false},"excerpt":{"rendered":"<p>\u2022 Laadija sobib j\u00e4rgmiste Li-ion akude laadimiseks: 10440\/14500\/14650\/16340\/17500\/17670\/18350\/18490\/18500\/18650\/ 18700\/22650\/25500\/26650 3.6V\/3.7V Li-ion\/IMR\/INR\/ICR<br \/>\n\u2022 Ekraan kuvab laadimise pinget, aku hetkepinget ja t\u00e4ituvust. <span>V\u00e4rviline LCD-ekraani t\u00e4iendatud versioon.<\/span><br \/>\n<span>\u2022 Arukas visualiseerimise kogemus<\/span><br \/>\n<span>\u2022 Mikro-USB sisend<\/span><br \/>\n<span>\u2022 Akupanga funktsioon<\/span><br \/>\n<span>\u2022 Aku t\u00fc\u00fcbi automaatne tuvastamine<\/span><br \/>\n<span>\u2022 T\u00e4ielikult t\u00fchjenenud aku taastamise funktsioon<\/span><\/p>\n","protected":false},"featured_media":24431,"comment_status":"open","ping_status":"closed","template":"","meta":{"_acf_changed":false,"_monsterinsights_skip_tracking":false,"_monsterinsights_sitenote_active":false,"_monsterinsights_sitenote_note":"","_monsterinsights_sitenote_category":0},"pwb-brand":[],"product_brand":[],"product_cat":[320],"product_tag":[],"class_list":{"0":"post-18787","1":"product","2":"type-product","3":"status-publish","4":"has-post-thumbnail","6":"product_cat-akulaadijad","7":"pa_m-dud-l131-w66-h33mm","8":"pa_varv-must","10":"first","11":"outofstock","12":"taxable","13":"shipping-taxable","14":"purchasable","15":"product-type-simple"},"acf":[],"aioseo_notices":[],"jetpack_sharing_enabled":true,"brands":[],"_links":{"self":[{"href":"https:\/\/westbalt.ee\/index.php?rest_route=\/wp\/v2\/product\/18787","targetHints":{"allow":["GET"]}}],"collection":[{"href":"https:\/\/westbalt.ee\/index.php?rest_route=\/wp\/v2\/product"}],"about":[{"href":"https:\/\/westbalt.ee\/index.php?rest_route=\/wp\/v2\/types\/product"}],"replies":[{"embeddable":true,"href":"https:\/\/westbalt.ee\/index.php?rest_route=%2Fwp%2Fv2%2Fcomments&post=18787"}],"wp:featuredmedia":[{"embeddable":true,"href":"https:\/\/westbalt.ee\/index.php?rest_route=\/wp\/v2\/media\/24431"}],"wp:attachment":[{"href":"https:\/\/westbalt.ee\/index.php?rest_route=%2Fwp%2Fv2%2Fmedia&parent=18787"}],"wp:term":[{"taxonomy":"pwb-brand","embeddable":true,"href":"https:\/\/westbalt.ee\/index.php?rest_route=%2Fwp%2Fv2%2Fpwb-brand&post=18787"},{"taxonomy":"product_brand","embeddable":true,"href":"https:\/\/westbalt.ee\/index.php?rest_route=%2Fwp%2Fv2%2Fproduct_brand&post=18787"},{"taxonomy":"product_cat","embeddable":true,"href":"https:\/\/westbalt.ee\/index.php?rest_route=%2Fwp%2Fv2%2Fproduct_cat&post=18787"},{"taxonomy":"product_tag","embeddable":true,"href":"https:\/\/westbalt.ee\/index.php?rest_route=%2Fwp%2Fv2%2Fproduct_tag&post=18787"}],"curies":[{"name":"wp","href":"https:\/\/api.w.org\/{rel}","templated":true}]}}