{"id":18933,"date":"2016-04-20T17:41:18","date_gmt":"2016-04-20T14:41:18","guid":{"rendered":"https:\/\/westbalt.ee\/?post_type=product&#038;p=18933"},"modified":"2026-03-21T19:45:17","modified_gmt":"2026-03-21T16:45:17","slug":"pealamp-led-3w-li-ion-aku-laadija","status":"publish","type":"product","link":"https:\/\/westbalt.ee\/?product=pealamp-led-3w-li-ion-aku-laadija","title":{"rendered":"Pealamp Superfire HL25, 700lm, USB-C"},"content":{"rendered":"<p>&#8211;<\/p>\n","protected":false},"excerpt":{"rendered":"<p>\u2022 8 valgusre\u017eiimi<br \/>\n\u2022 1200 mAh aku tagab kuni 6,5 tundi t\u00f6\u00f6aega<br \/>\n\u2022 USB-C\/USB-A laadimiskaabel<br \/>\n\u2022 Andur, mis v\u00f5imaldab taskulampi ilma seda puudutamata sisse ja v\u00e4lja l\u00fclitada<br \/>\n\u2022 Valgustus heledusega 700 lm. Maksimaalne valgustuskaugus on 210 meetrit.<\/p>\n","protected":false},"featured_media":36324,"comment_status":"open","ping_status":"closed","template":"","meta":{"_acf_changed":false,"_monsterinsights_skip_tracking":false,"_monsterinsights_sitenote_active":false,"_monsterinsights_sitenote_note":"","_monsterinsights_sitenote_category":0},"pwb-brand":[],"product_brand":[],"product_cat":[161],"product_tag":[],"class_list":{"0":"post-18933","1":"product","2":"type-product","3":"status-publish","4":"has-post-thumbnail","6":"product_cat-taskulambid-kandelambid","8":"first","9":"instock","10":"taxable","11":"shipping-taxable","12":"purchasable","13":"product-type-simple"},"acf":[],"aioseo_notices":[],"jetpack_sharing_enabled":true,"brands":[],"_links":{"self":[{"href":"https:\/\/westbalt.ee\/index.php?rest_route=\/wp\/v2\/product\/18933","targetHints":{"allow":["GET"]}}],"collection":[{"href":"https:\/\/westbalt.ee\/index.php?rest_route=\/wp\/v2\/product"}],"about":[{"href":"https:\/\/westbalt.ee\/index.php?rest_route=\/wp\/v2\/types\/product"}],"replies":[{"embeddable":true,"href":"https:\/\/westbalt.ee\/index.php?rest_route=%2Fwp%2Fv2%2Fcomments&post=18933"}],"wp:featuredmedia":[{"embeddable":true,"href":"https:\/\/westbalt.ee\/index.php?rest_route=\/wp\/v2\/media\/36324"}],"wp:attachment":[{"href":"https:\/\/westbalt.ee\/index.php?rest_route=%2Fwp%2Fv2%2Fmedia&parent=18933"}],"wp:term":[{"taxonomy":"pwb-brand","embeddable":true,"href":"https:\/\/westbalt.ee\/index.php?rest_route=%2Fwp%2Fv2%2Fpwb-brand&post=18933"},{"taxonomy":"product_brand","embeddable":true,"href":"https:\/\/westbalt.ee\/index.php?rest_route=%2Fwp%2Fv2%2Fproduct_brand&post=18933"},{"taxonomy":"product_cat","embeddable":true,"href":"https:\/\/westbalt.ee\/index.php?rest_route=%2Fwp%2Fv2%2Fproduct_cat&post=18933"},{"taxonomy":"product_tag","embeddable":true,"href":"https:\/\/westbalt.ee\/index.php?rest_route=%2Fwp%2Fv2%2Fproduct_tag&post=18933"}],"curies":[{"name":"wp","href":"https:\/\/api.w.org\/{rel}","templated":true}]}}