{"id":19300,"date":"2016-07-14T19:48:37","date_gmt":"2016-07-14T16:48:37","guid":{"rendered":"https:\/\/westbalt.ee\/?post_type=product&#038;p=19300"},"modified":"2026-03-21T19:46:16","modified_gmt":"2026-03-21T16:46:16","slug":"summer-svm24n-18-28vdc-30ma-85db-300-500hz","status":"publish","type":"product","link":"https:\/\/westbalt.ee\/?product=summer-svm24n-18-28vdc-30ma-85db-300-500hz","title":{"rendered":"Summer SVM24N 18-28VDC 30mA 85dB 300-500Hz"},"content":{"rendered":"<p>&#8211;<\/p>\n","protected":false},"excerpt":{"rendered":"<p>\u2022   summer sisemise generaatoriga<br \/>\n\u2022    flants-kinnitus<br \/>\n\u2022    ABS korpus<br \/>\n\u2022    tooni t\u00fc\u00fcp: \u00fchetonaalne<br \/>\n\u2022    t\u00f6\u00f6pinge: 18-28 VDC<br \/>\n\u2022    nominaalpinge: 24 VDC<br \/>\n\u2022    voolutarve: 30 mA<br \/>\n\u2022    v\u00f5nkesagedus: 300-500 Hz<br \/>\n\u2022    helir\u00f5hk: 85 dB<br \/>\n\u2022    \u00fchendus: juhtmetega<\/p>\n","protected":false},"featured_media":19301,"comment_status":"open","ping_status":"open","template":"","meta":{"_acf_changed":false,"_monsterinsights_skip_tracking":false,"_monsterinsights_sitenote_active":false,"_monsterinsights_sitenote_note":"","_monsterinsights_sitenote_category":0},"pwb-brand":[2410],"product_brand":[],"product_cat":[225],"product_tag":[],"class_list":{"0":"post-19300","1":"product","2":"type-product","3":"status-publish","4":"has-post-thumbnail","6":"pwb-brand-velleman","7":"product_cat-summerid-mikrofoonid","8":"pa_m-dud-33-5x23x15mm","10":"first","11":"instock","12":"taxable","13":"shipping-taxable","14":"purchasable","15":"product-type-simple"},"acf":[],"aioseo_notices":[],"jetpack_sharing_enabled":true,"brands":[{"id":2410,"name":"VELLEMAN","slug":"velleman"}],"_links":{"self":[{"href":"https:\/\/westbalt.ee\/index.php?rest_route=\/wp\/v2\/product\/19300","targetHints":{"allow":["GET"]}}],"collection":[{"href":"https:\/\/westbalt.ee\/index.php?rest_route=\/wp\/v2\/product"}],"about":[{"href":"https:\/\/westbalt.ee\/index.php?rest_route=\/wp\/v2\/types\/product"}],"replies":[{"embeddable":true,"href":"https:\/\/westbalt.ee\/index.php?rest_route=%2Fwp%2Fv2%2Fcomments&post=19300"}],"wp:featuredmedia":[{"embeddable":true,"href":"https:\/\/westbalt.ee\/index.php?rest_route=\/wp\/v2\/media\/19301"}],"wp:attachment":[{"href":"https:\/\/westbalt.ee\/index.php?rest_route=%2Fwp%2Fv2%2Fmedia&parent=19300"}],"wp:term":[{"taxonomy":"pwb-brand","embeddable":true,"href":"https:\/\/westbalt.ee\/index.php?rest_route=%2Fwp%2Fv2%2Fpwb-brand&post=19300"},{"taxonomy":"product_brand","embeddable":true,"href":"https:\/\/westbalt.ee\/index.php?rest_route=%2Fwp%2Fv2%2Fproduct_brand&post=19300"},{"taxonomy":"product_cat","embeddable":true,"href":"https:\/\/westbalt.ee\/index.php?rest_route=%2Fwp%2Fv2%2Fproduct_cat&post=19300"},{"taxonomy":"product_tag","embeddable":true,"href":"https:\/\/westbalt.ee\/index.php?rest_route=%2Fwp%2Fv2%2Fproduct_tag&post=19300"}],"curies":[{"name":"wp","href":"https:\/\/api.w.org\/{rel}","templated":true}]}}