{"id":19442,"date":"2016-09-05T17:49:04","date_gmt":"2016-09-05T14:49:04","guid":{"rendered":"https:\/\/westbalt.ee\/?post_type=product&#038;p=19442"},"modified":"2026-03-21T19:46:09","modified_gmt":"2026-03-21T16:46:09","slug":"led-toru-t8-9w-900lm-4000k-600mm-emos","status":"publish","type":"product","link":"https:\/\/westbalt.ee\/?product=led-toru-t8-9w-900lm-4000k-600mm-emos","title":{"rendered":"LED toru T8 9.4W 900lm 4000K 600mm Emos"},"content":{"rendered":"<p>V\u00f5rreldes luminofoortoruga talub LED toru h\u00e4sti l\u00fclitusi ning s\u00fcttib kohe. LED toru on v\u00f5imalik lihtsa \u00fcmberehitusega asendada traditsioonilise luminofoortoruga.<\/p>\n","protected":false},"excerpt":{"rendered":"<p>\u2022 lambipesa\tG13<br \/>\n\u2022 v\u00f5imsus\t9.4W<br \/>\n\u2022 valgustugevus v\u00f5rreldav lum. toruga 18 W<br \/>\n\u2022 valgustugevus 900 lm<br \/>\n\u2022 v\u00e4rv:\tk\u00fclm valge<br \/>\n\u2022 v\u00e4rvi temp.\t4 000 K<br \/>\n\u2022 eluiga 20 000 tundi<br \/>\n\u2022 valgusvihu nurk\t260\u00b0<\/p>\n","protected":false},"featured_media":19443,"comment_status":"open","ping_status":"closed","template":"","meta":{"_acf_changed":false,"_monsterinsights_skip_tracking":false,"_monsterinsights_sitenote_active":false,"_monsterinsights_sitenote_note":"","_monsterinsights_sitenote_category":0},"pwb-brand":[2437],"product_brand":[],"product_cat":[164],"product_tag":[],"class_list":{"0":"post-19442","1":"product","2":"type-product","3":"status-publish","4":"has-post-thumbnail","6":"pwb-brand-emos","7":"product_cat-led-lambid","9":"first","10":"instock","11":"taxable","12":"shipping-taxable","13":"purchasable","14":"product-type-simple"},"acf":[],"aioseo_notices":[],"jetpack_sharing_enabled":true,"brands":[{"id":2437,"name":"EMOS","slug":"emos"}],"_links":{"self":[{"href":"https:\/\/westbalt.ee\/index.php?rest_route=\/wp\/v2\/product\/19442","targetHints":{"allow":["GET"]}}],"collection":[{"href":"https:\/\/westbalt.ee\/index.php?rest_route=\/wp\/v2\/product"}],"about":[{"href":"https:\/\/westbalt.ee\/index.php?rest_route=\/wp\/v2\/types\/product"}],"replies":[{"embeddable":true,"href":"https:\/\/westbalt.ee\/index.php?rest_route=%2Fwp%2Fv2%2Fcomments&post=19442"}],"wp:featuredmedia":[{"embeddable":true,"href":"https:\/\/westbalt.ee\/index.php?rest_route=\/wp\/v2\/media\/19443"}],"wp:attachment":[{"href":"https:\/\/westbalt.ee\/index.php?rest_route=%2Fwp%2Fv2%2Fmedia&parent=19442"}],"wp:term":[{"taxonomy":"pwb-brand","embeddable":true,"href":"https:\/\/westbalt.ee\/index.php?rest_route=%2Fwp%2Fv2%2Fpwb-brand&post=19442"},{"taxonomy":"product_brand","embeddable":true,"href":"https:\/\/westbalt.ee\/index.php?rest_route=%2Fwp%2Fv2%2Fproduct_brand&post=19442"},{"taxonomy":"product_cat","embeddable":true,"href":"https:\/\/westbalt.ee\/index.php?rest_route=%2Fwp%2Fv2%2Fproduct_cat&post=19442"},{"taxonomy":"product_tag","embeddable":true,"href":"https:\/\/westbalt.ee\/index.php?rest_route=%2Fwp%2Fv2%2Fproduct_tag&post=19442"}],"curies":[{"name":"wp","href":"https:\/\/api.w.org\/{rel}","templated":true}]}}