{"id":19910,"date":"2016-12-05T15:20:15","date_gmt":"2016-12-05T12:20:15","guid":{"rendered":"https:\/\/westbalt.ee\/?post_type=product&#038;p=19910"},"modified":"2026-03-21T19:52:10","modified_gmt":"2026-03-21T16:52:10","slug":"prf-505-520-rooste-eemaldaja-aerosool-520ml","status":"publish","type":"product","link":"https:\/\/westbalt.ee\/?product=prf-505-520-rooste-eemaldaja-aerosool-520ml","title":{"rendered":"PRF 505\/520 Rooste eemaldaja, aerosool, 520ml"},"content":{"rendered":"<p>&#8211;<\/p>\n","protected":false},"excerpt":{"rendered":"<p>Eemaldab rasva, v\u00e4rvi, liimi plekid ja muu mustuse metall-, klaas- ja keraamika- pindadelt nt enne v\u00e4rvimist v\u00f5i liimimist.<\/p>\n","protected":false},"featured_media":19911,"comment_status":"open","ping_status":"open","template":"","meta":{"_acf_changed":false,"_monsterinsights_skip_tracking":false,"_monsterinsights_sitenote_active":false,"_monsterinsights_sitenote_note":"","_monsterinsights_sitenote_category":0},"pwb-brand":[2426],"product_brand":[],"product_cat":[344],"product_tag":[],"class_list":{"0":"post-19910","1":"product","2":"type-product","3":"status-publish","4":"has-post-thumbnail","6":"pwb-brand-taerosol","7":"product_cat-puhastusvahendid","8":"pa_varv-labipaistev","10":"first","11":"instock","12":"taxable","13":"shipping-taxable","14":"purchasable","15":"product-type-simple"},"acf":[],"aioseo_notices":[],"jetpack_sharing_enabled":true,"brands":[{"id":2426,"name":"TAEROSOL","slug":"taerosol"}],"_links":{"self":[{"href":"https:\/\/westbalt.ee\/index.php?rest_route=\/wp\/v2\/product\/19910","targetHints":{"allow":["GET"]}}],"collection":[{"href":"https:\/\/westbalt.ee\/index.php?rest_route=\/wp\/v2\/product"}],"about":[{"href":"https:\/\/westbalt.ee\/index.php?rest_route=\/wp\/v2\/types\/product"}],"replies":[{"embeddable":true,"href":"https:\/\/westbalt.ee\/index.php?rest_route=%2Fwp%2Fv2%2Fcomments&post=19910"}],"wp:featuredmedia":[{"embeddable":true,"href":"https:\/\/westbalt.ee\/index.php?rest_route=\/wp\/v2\/media\/19911"}],"wp:attachment":[{"href":"https:\/\/westbalt.ee\/index.php?rest_route=%2Fwp%2Fv2%2Fmedia&parent=19910"}],"wp:term":[{"taxonomy":"pwb-brand","embeddable":true,"href":"https:\/\/westbalt.ee\/index.php?rest_route=%2Fwp%2Fv2%2Fpwb-brand&post=19910"},{"taxonomy":"product_brand","embeddable":true,"href":"https:\/\/westbalt.ee\/index.php?rest_route=%2Fwp%2Fv2%2Fproduct_brand&post=19910"},{"taxonomy":"product_cat","embeddable":true,"href":"https:\/\/westbalt.ee\/index.php?rest_route=%2Fwp%2Fv2%2Fproduct_cat&post=19910"},{"taxonomy":"product_tag","embeddable":true,"href":"https:\/\/westbalt.ee\/index.php?rest_route=%2Fwp%2Fv2%2Fproduct_tag&post=19910"}],"curies":[{"name":"wp","href":"https:\/\/api.w.org\/{rel}","templated":true}]}}