{"id":19982,"date":"2016-12-24T12:08:10","date_gmt":"2016-12-24T09:08:10","guid":{"rendered":"https:\/\/westbalt.ee\/?post_type=product&#038;p=19982"},"modified":"2026-03-21T19:48:13","modified_gmt":"2026-03-21T16:48:13","slug":"led-kasilamp-18led-laetav-ip43-emos","status":"publish","type":"product","link":"https:\/\/westbalt.ee\/?product=led-kasilamp-18led-laetav-ip43-emos","title":{"rendered":"LED k\u00e4silamp 10W laetav 850lm 110m Emos"},"content":{"rendered":"<p>&#8211;<\/p>\n","protected":false},"excerpt":{"rendered":"<p>\u2022 valgusallikas: CREE LED<br \/>\n\u2022 toitallikas: Li-Ion aku (komplektis)<br \/>\n\u2022 valgusvihu kaugus: CREE LED 50 % \u2013 300 m, CREE LED 100 % \u2013 470 m<br \/>\n\u2022 p\u00f5lemisaeg: CREE LED 50 % \u2013 40 hrs, CREE LED 100 % \u2013 25 hrs<br \/>\n\u2022 laadimisaeg 12 tundi<br \/>\n\u2022 materjal: ABS plastik<br \/>\n\u2022 veekindel, IP43<br \/>\n\u2022 tarvikuid: laadimis adapter + auto adapter, p\u00f5\u00f5ratav k\u00e4epide, \u00f5larihm<\/p>\n","protected":false},"featured_media":26305,"comment_status":"open","ping_status":"closed","template":"","meta":{"_acf_changed":false,"_monsterinsights_skip_tracking":false,"_monsterinsights_sitenote_active":false,"_monsterinsights_sitenote_note":"","_monsterinsights_sitenote_category":0},"pwb-brand":[2437],"product_brand":[],"product_cat":[161],"product_tag":[],"class_list":{"0":"post-19982","1":"product","2":"type-product","3":"status-publish","4":"has-post-thumbnail","6":"pwb-brand-emos","7":"product_cat-taskulambid-kandelambid","9":"first","10":"onbackorder","11":"taxable","12":"shipping-taxable","13":"purchasable","14":"product-type-simple"},"acf":[],"aioseo_notices":[],"jetpack_sharing_enabled":true,"brands":[{"id":2437,"name":"EMOS","slug":"emos"}],"_links":{"self":[{"href":"https:\/\/westbalt.ee\/index.php?rest_route=\/wp\/v2\/product\/19982","targetHints":{"allow":["GET"]}}],"collection":[{"href":"https:\/\/westbalt.ee\/index.php?rest_route=\/wp\/v2\/product"}],"about":[{"href":"https:\/\/westbalt.ee\/index.php?rest_route=\/wp\/v2\/types\/product"}],"replies":[{"embeddable":true,"href":"https:\/\/westbalt.ee\/index.php?rest_route=%2Fwp%2Fv2%2Fcomments&post=19982"}],"wp:featuredmedia":[{"embeddable":true,"href":"https:\/\/westbalt.ee\/index.php?rest_route=\/wp\/v2\/media\/26305"}],"wp:attachment":[{"href":"https:\/\/westbalt.ee\/index.php?rest_route=%2Fwp%2Fv2%2Fmedia&parent=19982"}],"wp:term":[{"taxonomy":"pwb-brand","embeddable":true,"href":"https:\/\/westbalt.ee\/index.php?rest_route=%2Fwp%2Fv2%2Fpwb-brand&post=19982"},{"taxonomy":"product_brand","embeddable":true,"href":"https:\/\/westbalt.ee\/index.php?rest_route=%2Fwp%2Fv2%2Fproduct_brand&post=19982"},{"taxonomy":"product_cat","embeddable":true,"href":"https:\/\/westbalt.ee\/index.php?rest_route=%2Fwp%2Fv2%2Fproduct_cat&post=19982"},{"taxonomy":"product_tag","embeddable":true,"href":"https:\/\/westbalt.ee\/index.php?rest_route=%2Fwp%2Fv2%2Fproduct_tag&post=19982"}],"curies":[{"name":"wp","href":"https:\/\/api.w.org\/{rel}","templated":true}]}}