{"id":20006,"date":"2016-12-29T21:09:03","date_gmt":"2016-12-29T18:09:03","guid":{"rendered":"https:\/\/westbalt.ee\/?post_type=product&#038;p=20006"},"modified":"2026-03-21T19:47:52","modified_gmt":"2026-03-21T16:47:52","slug":"akulaadija-mw8998-1-10xaaa-aa-1-2x9v","status":"publish","type":"product","link":"https:\/\/westbalt.ee\/?product=akulaadija-mw8998-1-10xaaa-aa-1-2x9v","title":{"rendered":"Akulaadija EMOS UNI6A R3,R6,R14,R20,6F22"},"content":{"rendered":"<p>&#8211;<\/p>\n","protected":false},"excerpt":{"rendered":"<p>\u2022 Intelligentne universaallaadija AA, AAA, C, D ja 9 V laetavatele NiMH akudele, millel on kuni 6 eraldi laadimiskanalit.<br \/>\n\u2022 230 V toitekaabel v\u00f5imaldab laadida isegi k\u00f5ige v\u00f5imsamad akud m\u00f5ne tunniga.<br \/>\n\u2022 Laadimisprotsessi kulgu n\u00e4itavad selgelt LED-tuled.<br \/>\n\u2022 9 V akude laadimist n\u00e4itab kogu laadimise ajal punane LED. Samuti ei l\u00f5petata laadimist automaatselt. Sobiva laadimisaja m\u00e4\u00e4ramiseks kasutage toote kasutusjuhendis olevat laadimisaegade tabelit. S\u00f5ltuvalt 9V aku v\u00f5imsusest soovitame laadida kuni 10 tundi.<\/p>\n","protected":false},"featured_media":26554,"comment_status":"open","ping_status":"closed","template":"","meta":{"_acf_changed":false,"_monsterinsights_skip_tracking":false,"_monsterinsights_sitenote_active":false,"_monsterinsights_sitenote_note":"","_monsterinsights_sitenote_category":0},"pwb-brand":[2437],"product_brand":[],"product_cat":[320],"product_tag":[],"class_list":{"0":"post-20006","1":"product","2":"type-product","3":"status-publish","4":"has-post-thumbnail","6":"pwb-brand-emos","7":"product_cat-akulaadijad","9":"first","10":"instock","11":"taxable","12":"shipping-taxable","13":"purchasable","14":"product-type-simple"},"acf":[],"aioseo_notices":[],"jetpack_sharing_enabled":true,"brands":[{"id":2437,"name":"EMOS","slug":"emos"}],"_links":{"self":[{"href":"https:\/\/westbalt.ee\/index.php?rest_route=\/wp\/v2\/product\/20006","targetHints":{"allow":["GET"]}}],"collection":[{"href":"https:\/\/westbalt.ee\/index.php?rest_route=\/wp\/v2\/product"}],"about":[{"href":"https:\/\/westbalt.ee\/index.php?rest_route=\/wp\/v2\/types\/product"}],"replies":[{"embeddable":true,"href":"https:\/\/westbalt.ee\/index.php?rest_route=%2Fwp%2Fv2%2Fcomments&post=20006"}],"wp:featuredmedia":[{"embeddable":true,"href":"https:\/\/westbalt.ee\/index.php?rest_route=\/wp\/v2\/media\/26554"}],"wp:attachment":[{"href":"https:\/\/westbalt.ee\/index.php?rest_route=%2Fwp%2Fv2%2Fmedia&parent=20006"}],"wp:term":[{"taxonomy":"pwb-brand","embeddable":true,"href":"https:\/\/westbalt.ee\/index.php?rest_route=%2Fwp%2Fv2%2Fpwb-brand&post=20006"},{"taxonomy":"product_brand","embeddable":true,"href":"https:\/\/westbalt.ee\/index.php?rest_route=%2Fwp%2Fv2%2Fproduct_brand&post=20006"},{"taxonomy":"product_cat","embeddable":true,"href":"https:\/\/westbalt.ee\/index.php?rest_route=%2Fwp%2Fv2%2Fproduct_cat&post=20006"},{"taxonomy":"product_tag","embeddable":true,"href":"https:\/\/westbalt.ee\/index.php?rest_route=%2Fwp%2Fv2%2Fproduct_tag&post=20006"}],"curies":[{"name":"wp","href":"https:\/\/api.w.org\/{rel}","templated":true}]}}