{"id":20034,"date":"2017-01-04T14:18:02","date_gmt":"2017-01-04T11:18:02","guid":{"rendered":"https:\/\/westbalt.ee\/?post_type=product&#038;p=20034"},"modified":"2026-03-21T19:53:52","modified_gmt":"2026-03-21T16:53:52","slug":"hamaraluliti-tesatek-valge","status":"publish","type":"product","link":"https:\/\/westbalt.ee\/?product=hamaraluliti-tesatek-valge","title":{"rendered":"H\u00e4maral\u00fcliti Tesatek valge"},"content":{"rendered":"<p>&#8211;<\/p>\n","protected":false},"excerpt":{"rendered":"<p>\u2022 valgustundlikkus 2-100Lux<br \/>\n\u2022 kaitseklass: IP44<br \/>\n\u2022 t\u00f6\u00f6temperatuur -20\u00b0Ckuni+40\u00b0C<br \/>\n\u2022 toitepinge 220-240 V \/ 50Hz<br \/>\n\u2022 l\u00fclitusv\u00f5imsus &#8211; halogeen ja h\u00f5\u00f5glambid: 2000 W<br \/>\n\u2022 l\u00fclitusv\u00f5imsus &#8211; s\u00e4\u00e4stu- ja LED- ja luminofoorlambid: 1000 W<\/p>\n","protected":false},"featured_media":20035,"comment_status":"open","ping_status":"closed","template":"","meta":{"_acf_changed":false,"_monsterinsights_skip_tracking":false,"_monsterinsights_sitenote_active":false,"_monsterinsights_sitenote_note":"","_monsterinsights_sitenote_category":0},"pwb-brand":[],"product_brand":[],"product_cat":[162],"product_tag":[],"class_list":{"0":"post-20034","1":"product","2":"type-product","3":"status-publish","4":"has-post-thumbnail","6":"product_cat-valgustite-komponendid","7":"pa_m-dud-95-x-65-x-35-mm","8":"pa_varv-valge","10":"first","11":"onbackorder","12":"taxable","13":"shipping-taxable","14":"purchasable","15":"product-type-simple"},"acf":[],"aioseo_notices":[],"jetpack_sharing_enabled":true,"brands":[],"_links":{"self":[{"href":"https:\/\/westbalt.ee\/index.php?rest_route=\/wp\/v2\/product\/20034","targetHints":{"allow":["GET"]}}],"collection":[{"href":"https:\/\/westbalt.ee\/index.php?rest_route=\/wp\/v2\/product"}],"about":[{"href":"https:\/\/westbalt.ee\/index.php?rest_route=\/wp\/v2\/types\/product"}],"replies":[{"embeddable":true,"href":"https:\/\/westbalt.ee\/index.php?rest_route=%2Fwp%2Fv2%2Fcomments&post=20034"}],"wp:featuredmedia":[{"embeddable":true,"href":"https:\/\/westbalt.ee\/index.php?rest_route=\/wp\/v2\/media\/20035"}],"wp:attachment":[{"href":"https:\/\/westbalt.ee\/index.php?rest_route=%2Fwp%2Fv2%2Fmedia&parent=20034"}],"wp:term":[{"taxonomy":"pwb-brand","embeddable":true,"href":"https:\/\/westbalt.ee\/index.php?rest_route=%2Fwp%2Fv2%2Fpwb-brand&post=20034"},{"taxonomy":"product_brand","embeddable":true,"href":"https:\/\/westbalt.ee\/index.php?rest_route=%2Fwp%2Fv2%2Fproduct_brand&post=20034"},{"taxonomy":"product_cat","embeddable":true,"href":"https:\/\/westbalt.ee\/index.php?rest_route=%2Fwp%2Fv2%2Fproduct_cat&post=20034"},{"taxonomy":"product_tag","embeddable":true,"href":"https:\/\/westbalt.ee\/index.php?rest_route=%2Fwp%2Fv2%2Fproduct_tag&post=20034"}],"curies":[{"name":"wp","href":"https:\/\/api.w.org\/{rel}","templated":true}]}}