{"id":20815,"date":"2018-10-11T19:18:26","date_gmt":"2018-10-11T16:18:26","guid":{"rendered":"https:\/\/westbalt.ee\/?post_type=product&#038;p=20815"},"modified":"2026-04-14T11:46:09","modified_gmt":"2026-04-14T08:46:09","slug":"2-5-4-2-1kv-20a","status":"publish","type":"product","link":"https:\/\/westbalt.ee\/?product=2-5-4-2-1kv-20a","title":{"rendered":"P\u00e4ikesepaneeli \u00fchendus pistik + pesa; 2.5\u00f74mm2; 1kV; 20A"},"content":{"rendered":"<p>&#8211;<\/p>\n","protected":false},"excerpt":{"rendered":"<p>\u2022 Male + female for cable, complete set, for photovoltaic modules<br \/>\n\u2022 Wire cross section\t2.5&#8230;4mm2<br \/>\n\u2022 Crimped contacts<br \/>\n\u2022 IP rating\tIP67<br \/>\n\u2022 Operating temperature\t-40&#8230;85\u00b0C<br \/>\n\u2022 Rated voltage\t1kV<br \/>\n\u2022 Current rating\t20A<\/p>\n","protected":false},"featured_media":20816,"comment_status":"open","ping_status":"closed","template":"","meta":{"_acf_changed":false,"_monsterinsights_skip_tracking":false,"_monsterinsights_sitenote_active":false,"_monsterinsights_sitenote_note":"","_monsterinsights_sitenote_category":0},"pwb-brand":[],"product_brand":[],"product_cat":[207],"product_tag":[],"class_list":{"0":"post-20815","1":"product","2":"type-product","3":"status-publish","4":"has-post-thumbnail","6":"product_cat-mitmekontaktilised","8":"first","9":"instock","10":"taxable","11":"shipping-taxable","12":"purchasable","13":"product-type-simple"},"acf":[],"aioseo_notices":[],"jetpack_sharing_enabled":true,"brands":[],"_links":{"self":[{"href":"https:\/\/westbalt.ee\/index.php?rest_route=\/wp\/v2\/product\/20815","targetHints":{"allow":["GET"]}}],"collection":[{"href":"https:\/\/westbalt.ee\/index.php?rest_route=\/wp\/v2\/product"}],"about":[{"href":"https:\/\/westbalt.ee\/index.php?rest_route=\/wp\/v2\/types\/product"}],"replies":[{"embeddable":true,"href":"https:\/\/westbalt.ee\/index.php?rest_route=%2Fwp%2Fv2%2Fcomments&post=20815"}],"wp:featuredmedia":[{"embeddable":true,"href":"https:\/\/westbalt.ee\/index.php?rest_route=\/wp\/v2\/media\/20816"}],"wp:attachment":[{"href":"https:\/\/westbalt.ee\/index.php?rest_route=%2Fwp%2Fv2%2Fmedia&parent=20815"}],"wp:term":[{"taxonomy":"pwb-brand","embeddable":true,"href":"https:\/\/westbalt.ee\/index.php?rest_route=%2Fwp%2Fv2%2Fpwb-brand&post=20815"},{"taxonomy":"product_brand","embeddable":true,"href":"https:\/\/westbalt.ee\/index.php?rest_route=%2Fwp%2Fv2%2Fproduct_brand&post=20815"},{"taxonomy":"product_cat","embeddable":true,"href":"https:\/\/westbalt.ee\/index.php?rest_route=%2Fwp%2Fv2%2Fproduct_cat&post=20815"},{"taxonomy":"product_tag","embeddable":true,"href":"https:\/\/westbalt.ee\/index.php?rest_route=%2Fwp%2Fv2%2Fproduct_tag&post=20815"}],"curies":[{"name":"wp","href":"https:\/\/api.w.org\/{rel}","templated":true}]}}