{"id":20959,"date":"2019-10-04T22:12:31","date_gmt":"2019-10-04T19:12:31","guid":{"rendered":"https:\/\/westbalt.ee\/?post_type=product&#038;p=20959"},"modified":"2026-03-21T19:49:40","modified_gmt":"2026-03-21T16:49:40","slug":"isolatsiooni-labistav-klemm-sliw54-16-120mm2-6-50mm2","status":"publish","type":"product","link":"https:\/\/westbalt.ee\/?product=isolatsiooni-labistav-klemm-sliw54-16-120mm2-6-50mm2","title":{"rendered":"Isolatsiooni l\u00e4bistav klemm SLIW54 16-120mm2\/6-50mm2"},"content":{"rendered":"<p>&#8211;<\/p>\n","protected":false},"excerpt":{"rendered":"<p>Klemmid on ette n\u00e4htud alumiinium- ja\/v\u00f5i vaskjutmete \u00fchendamiseks liinide hargnemisel v\u00f5i j\u00e4tkamisel. <\/p>\n","protected":false},"featured_media":20960,"comment_status":"open","ping_status":"open","template":"","meta":{"_acf_changed":false,"_monsterinsights_skip_tracking":false,"_monsterinsights_sitenote_active":false,"_monsterinsights_sitenote_note":"","_monsterinsights_sitenote_category":0},"pwb-brand":[2435],"product_brand":[],"product_cat":[267,258],"product_tag":[],"class_list":{"0":"post-20959","1":"product","2":"type-product","3":"status-publish","4":"has-post-thumbnail","6":"pwb-brand-ensto","7":"product_cat-klemmid","8":"product_cat-releed-2","9":"pa_m-dud-44x22x82mm","11":"first","12":"instock","13":"taxable","14":"shipping-taxable","15":"purchasable","16":"product-type-simple"},"acf":[],"aioseo_notices":[],"jetpack_sharing_enabled":true,"brands":[{"id":2435,"name":"ENSTO","slug":"ensto"}],"_links":{"self":[{"href":"https:\/\/westbalt.ee\/index.php?rest_route=\/wp\/v2\/product\/20959","targetHints":{"allow":["GET"]}}],"collection":[{"href":"https:\/\/westbalt.ee\/index.php?rest_route=\/wp\/v2\/product"}],"about":[{"href":"https:\/\/westbalt.ee\/index.php?rest_route=\/wp\/v2\/types\/product"}],"replies":[{"embeddable":true,"href":"https:\/\/westbalt.ee\/index.php?rest_route=%2Fwp%2Fv2%2Fcomments&post=20959"}],"wp:featuredmedia":[{"embeddable":true,"href":"https:\/\/westbalt.ee\/index.php?rest_route=\/wp\/v2\/media\/20960"}],"wp:attachment":[{"href":"https:\/\/westbalt.ee\/index.php?rest_route=%2Fwp%2Fv2%2Fmedia&parent=20959"}],"wp:term":[{"taxonomy":"pwb-brand","embeddable":true,"href":"https:\/\/westbalt.ee\/index.php?rest_route=%2Fwp%2Fv2%2Fpwb-brand&post=20959"},{"taxonomy":"product_brand","embeddable":true,"href":"https:\/\/westbalt.ee\/index.php?rest_route=%2Fwp%2Fv2%2Fproduct_brand&post=20959"},{"taxonomy":"product_cat","embeddable":true,"href":"https:\/\/westbalt.ee\/index.php?rest_route=%2Fwp%2Fv2%2Fproduct_cat&post=20959"},{"taxonomy":"product_tag","embeddable":true,"href":"https:\/\/westbalt.ee\/index.php?rest_route=%2Fwp%2Fv2%2Fproduct_tag&post=20959"}],"curies":[{"name":"wp","href":"https:\/\/api.w.org\/{rel}","templated":true}]}}