{"id":21163,"date":"2021-04-04T14:27:44","date_gmt":"2021-04-04T11:27:44","guid":{"rendered":"https:\/\/westbalt.ee\/?post_type=product&#038;p=21163"},"modified":"2026-03-21T19:48:27","modified_gmt":"2026-03-21T16:48:27","slug":"karbik-53x100x2000-1-osaline-obo-rapid-45-2","status":"publish","type":"product","link":"https:\/\/westbalt.ee\/?product=karbik-53x100x2000-1-osaline-obo-rapid-45-2","title":{"rendered":"Karbik 53x100x2000 1-osaline OBO Rapid 45-2"},"content":{"rendered":"","protected":false},"excerpt":{"rendered":"<p>Karbiku kaas ja karbik perforatsiooniga otse seinale monteerimiseks. PVC (Pol\u00fcvin\u00fc\u00fclkloriid), polaarvalge.<\/p>\n","protected":false},"featured_media":21164,"comment_status":"open","ping_status":"closed","template":"","meta":{"_acf_changed":false,"_monsterinsights_skip_tracking":false,"_monsterinsights_sitenote_active":false,"_monsterinsights_sitenote_note":"","_monsterinsights_sitenote_category":0},"pwb-brand":[2447],"product_brand":[],"product_cat":[271],"product_tag":[],"class_list":{"0":"post-21163","1":"product","2":"type-product","3":"status-publish","4":"has-post-thumbnail","6":"pwb-brand-obo-bettermann","7":"product_cat-kaablikaitsetorud","8":"pa_m-dud-130mm-x-60mm-x-2m","9":"pa_varv-valge","11":"first","12":"onbackorder","13":"taxable","14":"shipping-taxable","15":"purchasable","16":"product-type-simple"},"acf":[],"aioseo_notices":[],"jetpack_sharing_enabled":true,"brands":[{"id":2447,"name":"OBO Bettermann","slug":"obo-bettermann"}],"_links":{"self":[{"href":"https:\/\/westbalt.ee\/index.php?rest_route=\/wp\/v2\/product\/21163","targetHints":{"allow":["GET"]}}],"collection":[{"href":"https:\/\/westbalt.ee\/index.php?rest_route=\/wp\/v2\/product"}],"about":[{"href":"https:\/\/westbalt.ee\/index.php?rest_route=\/wp\/v2\/types\/product"}],"replies":[{"embeddable":true,"href":"https:\/\/westbalt.ee\/index.php?rest_route=%2Fwp%2Fv2%2Fcomments&post=21163"}],"wp:featuredmedia":[{"embeddable":true,"href":"https:\/\/westbalt.ee\/index.php?rest_route=\/wp\/v2\/media\/21164"}],"wp:attachment":[{"href":"https:\/\/westbalt.ee\/index.php?rest_route=%2Fwp%2Fv2%2Fmedia&parent=21163"}],"wp:term":[{"taxonomy":"pwb-brand","embeddable":true,"href":"https:\/\/westbalt.ee\/index.php?rest_route=%2Fwp%2Fv2%2Fpwb-brand&post=21163"},{"taxonomy":"product_brand","embeddable":true,"href":"https:\/\/westbalt.ee\/index.php?rest_route=%2Fwp%2Fv2%2Fproduct_brand&post=21163"},{"taxonomy":"product_cat","embeddable":true,"href":"https:\/\/westbalt.ee\/index.php?rest_route=%2Fwp%2Fv2%2Fproduct_cat&post=21163"},{"taxonomy":"product_tag","embeddable":true,"href":"https:\/\/westbalt.ee\/index.php?rest_route=%2Fwp%2Fv2%2Fproduct_tag&post=21163"}],"curies":[{"name":"wp","href":"https:\/\/api.w.org\/{rel}","templated":true}]}}