{"id":21169,"date":"2021-04-04T14:53:34","date_gmt":"2021-04-04T11:53:34","guid":{"rendered":"https:\/\/westbalt.ee\/?post_type=product&#038;p=21169"},"modified":"2026-03-21T19:45:06","modified_gmt":"2026-03-21T16:45:06","slug":"karbik-85x50-dlp-s-2m-kaanega-legrand","status":"publish","type":"product","link":"https:\/\/westbalt.ee\/?product=karbik-85x50-dlp-s-2m-kaanega-legrand","title":{"rendered":"Karbik  85&#215;50 DLP-S 2m kaanega Legrand"},"content":{"rendered":"","protected":false},"excerpt":{"rendered":"<p>1-sektsiooniline kanal<br \/>\nSisaldab:<br \/>\n1 kanal<br \/>\n1 kate (laius 45 mm)<br \/>\nV\u00f5ib paigaldada 45 mm tarvikuid, n\u00e4iteks Arteor v\u00f5i Mosaic<\/p>\n","protected":false},"featured_media":21170,"comment_status":"open","ping_status":"closed","template":"","meta":{"_acf_changed":false,"_monsterinsights_skip_tracking":false,"_monsterinsights_sitenote_active":false,"_monsterinsights_sitenote_note":"","_monsterinsights_sitenote_category":0},"pwb-brand":[2425],"product_brand":[],"product_cat":[271,2461],"product_tag":[],"class_list":{"0":"post-21169","1":"product","2":"type-product","3":"status-publish","4":"has-post-thumbnail","6":"pwb-brand-legrand","7":"product_cat-kaablikaitsetorud","8":"product_cat-legrand-mosaic","9":"pa_m-dud-130mm-x-60mm-x-2m","10":"pa_varv-valge","12":"first","13":"onbackorder","14":"taxable","15":"shipping-taxable","16":"purchasable","17":"product-type-simple"},"acf":[],"aioseo_notices":[],"jetpack_sharing_enabled":true,"brands":[{"id":2425,"name":"LEGRAND","slug":"legrand"}],"_links":{"self":[{"href":"https:\/\/westbalt.ee\/index.php?rest_route=\/wp\/v2\/product\/21169","targetHints":{"allow":["GET"]}}],"collection":[{"href":"https:\/\/westbalt.ee\/index.php?rest_route=\/wp\/v2\/product"}],"about":[{"href":"https:\/\/westbalt.ee\/index.php?rest_route=\/wp\/v2\/types\/product"}],"replies":[{"embeddable":true,"href":"https:\/\/westbalt.ee\/index.php?rest_route=%2Fwp%2Fv2%2Fcomments&post=21169"}],"wp:featuredmedia":[{"embeddable":true,"href":"https:\/\/westbalt.ee\/index.php?rest_route=\/wp\/v2\/media\/21170"}],"wp:attachment":[{"href":"https:\/\/westbalt.ee\/index.php?rest_route=%2Fwp%2Fv2%2Fmedia&parent=21169"}],"wp:term":[{"taxonomy":"pwb-brand","embeddable":true,"href":"https:\/\/westbalt.ee\/index.php?rest_route=%2Fwp%2Fv2%2Fpwb-brand&post=21169"},{"taxonomy":"product_brand","embeddable":true,"href":"https:\/\/westbalt.ee\/index.php?rest_route=%2Fwp%2Fv2%2Fproduct_brand&post=21169"},{"taxonomy":"product_cat","embeddable":true,"href":"https:\/\/westbalt.ee\/index.php?rest_route=%2Fwp%2Fv2%2Fproduct_cat&post=21169"},{"taxonomy":"product_tag","embeddable":true,"href":"https:\/\/westbalt.ee\/index.php?rest_route=%2Fwp%2Fv2%2Fproduct_tag&post=21169"}],"curies":[{"name":"wp","href":"https:\/\/api.w.org\/{rel}","templated":true}]}}