{"id":21216,"date":"2021-04-11T01:37:21","date_gmt":"2021-04-10T22:37:21","guid":{"rendered":"https:\/\/westbalt.ee\/?post_type=product&#038;p=21216"},"modified":"2026-03-21T19:40:55","modified_gmt":"2026-03-21T16:40:55","slug":"termokahanev-toru-liimiga-24-08-must-1-2m","status":"publish","type":"product","link":"https:\/\/westbalt.ee\/?product=termokahanev-toru-liimiga-24-08-must-1-2m","title":{"rendered":"Termokahanev toru liimiga  2,4\/0,8 must 1.2M"},"content":{"rendered":"","protected":false},"excerpt":{"rendered":"<p>\u2022 Kahanemissuhe 3:1<br \/>\n\u2022 L\u00e4bim\u00f5\u00f5t enne kahanemist 2.4mm<br \/>\n\u2022 L\u00e4bim\u00f5\u00f5t peale kahanemist: 0.8mm<br \/>\n\u2022 T\u00f6\u00f6temperatuur: -55 &#8230; 125 \u00b0 C<br \/>\n\u2022 Kahanemistemperatuur min. 120 \u00b0 C<\/p>\n","protected":false},"featured_media":21217,"comment_status":"open","ping_status":"closed","template":"","meta":{"_acf_changed":false,"_monsterinsights_skip_tracking":false,"_monsterinsights_sitenote_active":false,"_monsterinsights_sitenote_note":"","_monsterinsights_sitenote_category":0},"pwb-brand":[],"product_brand":[],"product_cat":[271],"product_tag":[],"class_list":{"0":"post-21216","1":"product","2":"type-product","3":"status-publish","4":"has-post-thumbnail","6":"product_cat-kaablikaitsetorud","7":"pa_m-dud-length-1m","8":"pa_varv-must","10":"first","11":"instock","12":"taxable","13":"shipping-taxable","14":"purchasable","15":"product-type-simple"},"acf":[],"aioseo_notices":[],"jetpack_sharing_enabled":true,"brands":[],"_links":{"self":[{"href":"https:\/\/westbalt.ee\/index.php?rest_route=\/wp\/v2\/product\/21216","targetHints":{"allow":["GET"]}}],"collection":[{"href":"https:\/\/westbalt.ee\/index.php?rest_route=\/wp\/v2\/product"}],"about":[{"href":"https:\/\/westbalt.ee\/index.php?rest_route=\/wp\/v2\/types\/product"}],"replies":[{"embeddable":true,"href":"https:\/\/westbalt.ee\/index.php?rest_route=%2Fwp%2Fv2%2Fcomments&post=21216"}],"wp:featuredmedia":[{"embeddable":true,"href":"https:\/\/westbalt.ee\/index.php?rest_route=\/wp\/v2\/media\/21217"}],"wp:attachment":[{"href":"https:\/\/westbalt.ee\/index.php?rest_route=%2Fwp%2Fv2%2Fmedia&parent=21216"}],"wp:term":[{"taxonomy":"pwb-brand","embeddable":true,"href":"https:\/\/westbalt.ee\/index.php?rest_route=%2Fwp%2Fv2%2Fpwb-brand&post=21216"},{"taxonomy":"product_brand","embeddable":true,"href":"https:\/\/westbalt.ee\/index.php?rest_route=%2Fwp%2Fv2%2Fproduct_brand&post=21216"},{"taxonomy":"product_cat","embeddable":true,"href":"https:\/\/westbalt.ee\/index.php?rest_route=%2Fwp%2Fv2%2Fproduct_cat&post=21216"},{"taxonomy":"product_tag","embeddable":true,"href":"https:\/\/westbalt.ee\/index.php?rest_route=%2Fwp%2Fv2%2Fproduct_tag&post=21216"}],"curies":[{"name":"wp","href":"https:\/\/api.w.org\/{rel}","templated":true}]}}