{"id":24453,"date":"2021-05-07T00:24:23","date_gmt":"2021-05-06T21:24:23","guid":{"rendered":"https:\/\/westbalt.ee\/?post_type=product&#038;p=24453"},"modified":"2026-03-21T19:44:43","modified_gmt":"2026-03-21T16:44:43","slug":"jootekolb-zd-972f-usb-5v-8w-jootetina-tangid","status":"publish","type":"product","link":"https:\/\/westbalt.ee\/?product=jootekolb-zd-972f-usb-5v-8w-jootetina-tangid","title":{"rendered":"Jootekolb ZD-972F USB 5V\/8W + jootetina + tangid"},"content":{"rendered":"","protected":false},"excerpt":{"rendered":"<p>Praktiline t\u00f6\u00f6riistakomplekt plastkarbis jootmiseks ja v\u00e4iksemateks remondit\u00f6\u00f6deks. See v\u00f5imaldab teil kiiresti ja t\u00f5husalt elektriseadmeid parandada v\u00f5i paigaldada. 8W jootekolvil on pikk, peenike ots, mida saab kasutada jootmiseks ka raskesti ligip\u00e4\u00e4setavates kohtades.<\/p>\n<p>&#8211; soojendamise aeg umbes 10 sekundit<br \/>\n&#8211; jahutamine v\u00e4hem kui 30 sekundiga<br \/>\n&#8211; pikk eluiga<br \/>\n&#8211; toiteallikas 5V \/ 8W, USB kaudu<br \/>\n&#8211; komplekt sisaldab: kampoliga jootetina, vahetatavate otsikutega kruvikeeraja, pikkmokk tangid, l\u00f5iketangid, USB jootekolb, metallist alus.<\/p>\n","protected":false},"featured_media":24454,"comment_status":"open","ping_status":"closed","template":"","meta":{"_acf_changed":false,"_monsterinsights_skip_tracking":false,"_monsterinsights_sitenote_active":false,"_monsterinsights_sitenote_note":"","_monsterinsights_sitenote_category":0},"pwb-brand":[],"product_brand":[],"product_cat":[308],"product_tag":[],"class_list":{"0":"post-24453","1":"product","2":"type-product","3":"status-publish","4":"has-post-thumbnail","6":"product_cat-jootetarvikud","8":"first","9":"instock","10":"taxable","11":"shipping-taxable","12":"purchasable","13":"product-type-simple"},"acf":[],"aioseo_notices":[],"jetpack_sharing_enabled":true,"brands":[],"_links":{"self":[{"href":"https:\/\/westbalt.ee\/index.php?rest_route=\/wp\/v2\/product\/24453","targetHints":{"allow":["GET"]}}],"collection":[{"href":"https:\/\/westbalt.ee\/index.php?rest_route=\/wp\/v2\/product"}],"about":[{"href":"https:\/\/westbalt.ee\/index.php?rest_route=\/wp\/v2\/types\/product"}],"replies":[{"embeddable":true,"href":"https:\/\/westbalt.ee\/index.php?rest_route=%2Fwp%2Fv2%2Fcomments&post=24453"}],"wp:featuredmedia":[{"embeddable":true,"href":"https:\/\/westbalt.ee\/index.php?rest_route=\/wp\/v2\/media\/24454"}],"wp:attachment":[{"href":"https:\/\/westbalt.ee\/index.php?rest_route=%2Fwp%2Fv2%2Fmedia&parent=24453"}],"wp:term":[{"taxonomy":"pwb-brand","embeddable":true,"href":"https:\/\/westbalt.ee\/index.php?rest_route=%2Fwp%2Fv2%2Fpwb-brand&post=24453"},{"taxonomy":"product_brand","embeddable":true,"href":"https:\/\/westbalt.ee\/index.php?rest_route=%2Fwp%2Fv2%2Fproduct_brand&post=24453"},{"taxonomy":"product_cat","embeddable":true,"href":"https:\/\/westbalt.ee\/index.php?rest_route=%2Fwp%2Fv2%2Fproduct_cat&post=24453"},{"taxonomy":"product_tag","embeddable":true,"href":"https:\/\/westbalt.ee\/index.php?rest_route=%2Fwp%2Fv2%2Fproduct_tag&post=24453"}],"curies":[{"name":"wp","href":"https:\/\/api.w.org\/{rel}","templated":true}]}}