{"id":24959,"date":"2021-08-11T18:14:41","date_gmt":"2021-08-11T15:14:41","guid":{"rendered":"https:\/\/westbalt.ee\/?post_type=product&#038;p=24959"},"modified":"2026-03-21T19:39:15","modified_gmt":"2026-03-21T16:39:15","slug":"kolarikaabel-2x075mm2-transparent","status":"publish","type":"product","link":"https:\/\/westbalt.ee\/?product=kolarikaabel-2x075mm2-transparent","title":{"rendered":"K\u00f5larikaabel 2&#215;0,75mm2 transparent"},"content":{"rendered":"<table class=\"table-params margin-bottom-20\">\n<tbody>\n<tr>\n<th style=\"text-align: left;\">Sisemise juhi l\u00e4bim\u00f5\u00f5t<\/th>\n<td>105 \u00d7 0,095 mm<\/td>\n<\/tr>\n<tr>\n<th style=\"text-align: left;\">V\u00e4line isolatsioon<\/th>\n<td>2 \u00d7 2,5 mm<\/td>\n<\/tr>\n<tr>\n<th style=\"text-align: left;\">Isolatsiooni materjal<\/th>\n<td>PVC<\/td>\n<\/tr>\n<tr>\n<th style=\"text-align: left;\">Sisemise juhi materjal<\/th>\n<td>hapnikuvaba vask (Cu)<\/td>\n<\/tr>\n<tr>\n<th style=\"text-align: left;\">Maksimaalne t\u00f6\u00f6pinge<\/th>\n<td>50 V<\/td>\n<\/tr>\n<tr>\n<th style=\"text-align: left;\">Pakend<\/th>\n<td>100 m, rull<\/td>\n<\/tr>\n<\/tbody>\n<\/table>\n","protected":false},"excerpt":{"rendered":"<p>Rullis 100m. Hind 1 meetri kohta.<\/p>\n","protected":false},"featured_media":24956,"comment_status":"open","ping_status":"closed","template":"","meta":{"_acf_changed":false,"_monsterinsights_skip_tracking":false,"_monsterinsights_sitenote_active":false,"_monsterinsights_sitenote_note":"","_monsterinsights_sitenote_category":0},"pwb-brand":[2437],"product_brand":[],"product_cat":[293],"product_tag":[],"class_list":{"0":"post-24959","1":"product","2":"type-product","3":"status-publish","4":"has-post-thumbnail","6":"pwb-brand-emos","7":"product_cat-andmeside-ja-audio-kaablid","8":"pa_varv-labipaistev","10":"first","11":"instock","12":"taxable","13":"shipping-taxable","14":"purchasable","15":"product-type-simple"},"acf":[],"aioseo_notices":[],"jetpack_sharing_enabled":true,"brands":[{"id":2437,"name":"EMOS","slug":"emos"}],"_links":{"self":[{"href":"https:\/\/westbalt.ee\/index.php?rest_route=\/wp\/v2\/product\/24959","targetHints":{"allow":["GET"]}}],"collection":[{"href":"https:\/\/westbalt.ee\/index.php?rest_route=\/wp\/v2\/product"}],"about":[{"href":"https:\/\/westbalt.ee\/index.php?rest_route=\/wp\/v2\/types\/product"}],"replies":[{"embeddable":true,"href":"https:\/\/westbalt.ee\/index.php?rest_route=%2Fwp%2Fv2%2Fcomments&post=24959"}],"wp:featuredmedia":[{"embeddable":true,"href":"https:\/\/westbalt.ee\/index.php?rest_route=\/wp\/v2\/media\/24956"}],"wp:attachment":[{"href":"https:\/\/westbalt.ee\/index.php?rest_route=%2Fwp%2Fv2%2Fmedia&parent=24959"}],"wp:term":[{"taxonomy":"pwb-brand","embeddable":true,"href":"https:\/\/westbalt.ee\/index.php?rest_route=%2Fwp%2Fv2%2Fpwb-brand&post=24959"},{"taxonomy":"product_brand","embeddable":true,"href":"https:\/\/westbalt.ee\/index.php?rest_route=%2Fwp%2Fv2%2Fproduct_brand&post=24959"},{"taxonomy":"product_cat","embeddable":true,"href":"https:\/\/westbalt.ee\/index.php?rest_route=%2Fwp%2Fv2%2Fproduct_cat&post=24959"},{"taxonomy":"product_tag","embeddable":true,"href":"https:\/\/westbalt.ee\/index.php?rest_route=%2Fwp%2Fv2%2Fproduct_tag&post=24959"}],"curies":[{"name":"wp","href":"https:\/\/api.w.org\/{rel}","templated":true}]}}