{"id":251,"date":"2012-10-03T12:07:57","date_gmt":"2012-10-03T09:07:57","guid":{"rendered":"https:\/\/westbalt.ee\/?post_type=product&#038;p=251"},"modified":"2026-03-21T19:54:45","modified_gmt":"2026-03-21T16:54:45","slug":"kit-mk114-valgusorel","status":"publish","type":"product","link":"https:\/\/westbalt.ee\/?product=kit-mk114-valgusorel","title":{"rendered":"Kit MK114 valgusorel"},"content":{"rendered":"<p>&#8211;<\/p>\n","protected":false},"excerpt":{"rendered":"<p>T\u00f6\u00f6tab ohutus pingediapasoonis, vilgutab lampe muusika taktis, kasutatav ka halogeenlampidega, optiliselt isoleeritud k\u00f5lari sisend, muudetav tundlikkus. Kasutatav autodes, kui lamp on isoleeritud korpusest.<br \/>\n\u2022 sisendtundlikkus: 2W &#8230;60W<br \/>\n\u2022 maks . koormus : 50W \/ 12V v\u00f5i 100W \/ 24V<br \/>\n\u2022 toide: 12V &#8230;24V DC v\u00f5i AC<\/p>\n","protected":false},"featured_media":252,"comment_status":"open","ping_status":"open","template":"","meta":{"_acf_changed":false,"_monsterinsights_skip_tracking":false,"_monsterinsights_sitenote_active":false,"_monsterinsights_sitenote_note":"","_monsterinsights_sitenote_category":0},"pwb-brand":[2410],"product_brand":[],"product_cat":[356],"product_tag":[],"class_list":{"0":"post-251","1":"product","2":"type-product","3":"status-publish","4":"has-post-thumbnail","6":"pwb-brand-velleman","7":"product_cat-konstruktorid","8":"pa_m-dud-45-x-88mm","10":"first","11":"outofstock","12":"taxable","13":"shipping-taxable","14":"purchasable","15":"product-type-simple"},"acf":[],"aioseo_notices":[],"jetpack_sharing_enabled":true,"brands":[{"id":2410,"name":"VELLEMAN","slug":"velleman"}],"_links":{"self":[{"href":"https:\/\/westbalt.ee\/index.php?rest_route=\/wp\/v2\/product\/251","targetHints":{"allow":["GET"]}}],"collection":[{"href":"https:\/\/westbalt.ee\/index.php?rest_route=\/wp\/v2\/product"}],"about":[{"href":"https:\/\/westbalt.ee\/index.php?rest_route=\/wp\/v2\/types\/product"}],"replies":[{"embeddable":true,"href":"https:\/\/westbalt.ee\/index.php?rest_route=%2Fwp%2Fv2%2Fcomments&post=251"}],"wp:featuredmedia":[{"embeddable":true,"href":"https:\/\/westbalt.ee\/index.php?rest_route=\/wp\/v2\/media\/252"}],"wp:attachment":[{"href":"https:\/\/westbalt.ee\/index.php?rest_route=%2Fwp%2Fv2%2Fmedia&parent=251"}],"wp:term":[{"taxonomy":"pwb-brand","embeddable":true,"href":"https:\/\/westbalt.ee\/index.php?rest_route=%2Fwp%2Fv2%2Fpwb-brand&post=251"},{"taxonomy":"product_brand","embeddable":true,"href":"https:\/\/westbalt.ee\/index.php?rest_route=%2Fwp%2Fv2%2Fproduct_brand&post=251"},{"taxonomy":"product_cat","embeddable":true,"href":"https:\/\/westbalt.ee\/index.php?rest_route=%2Fwp%2Fv2%2Fproduct_cat&post=251"},{"taxonomy":"product_tag","embeddable":true,"href":"https:\/\/westbalt.ee\/index.php?rest_route=%2Fwp%2Fv2%2Fproduct_tag&post=251"}],"curies":[{"name":"wp","href":"https:\/\/api.w.org\/{rel}","templated":true}]}}