{"id":2575,"date":"2012-10-03T20:28:33","date_gmt":"2012-10-03T17:28:33","guid":{"rendered":"https:\/\/westbalt.ee\/?post_type=product&#038;p=2575"},"modified":"2026-03-21T19:37:05","modified_gmt":"2026-03-21T16:37:05","slug":"capacitor-0-01uf-630v-rm10mm-wima","status":"publish","type":"product","link":"https:\/\/westbalt.ee\/?product=capacitor-0-01uf-630v-rm10mm-wima","title":{"rendered":"Kondensaator  0.01uF\/630V- Pitch 10mm"},"content":{"rendered":"<p>Metalliseeritud pol\u00fcprop\u00fcleenkondensaatorid, k\u00f5rge isolatsioonitakistusega;<br \/>\nmitteinduktiivsed;<br \/>\nsuurenenud kasutusiga;<br \/>\nkaetud epoks\u00fcvaiguga;<br \/>\nRakendus:\tfiltreerimine, k\u00f5rgsageduslikud ahelad, impulssahelad, summutusahelad<br \/>\nTolerantsus:\t\u00b110%<br \/>\nJalgade pikkus:\t22 mm<\/p>\n","protected":false},"excerpt":{"rendered":"<p>0.01uF = 10nF<\/p>\n","protected":false},"featured_media":27747,"comment_status":"open","ping_status":"closed","template":"","meta":{"_acf_changed":false,"_monsterinsights_skip_tracking":false,"_monsterinsights_sitenote_active":false,"_monsterinsights_sitenote_note":"","_monsterinsights_sitenote_category":0},"pwb-brand":[],"product_brand":[],"product_cat":[188],"product_tag":[],"class_list":{"0":"post-2575","1":"product","2":"type-product","3":"status-publish","4":"has-post-thumbnail","6":"product_cat-kilekondensaatorid","8":"first","9":"onbackorder","10":"taxable","11":"shipping-taxable","12":"purchasable","13":"product-type-simple"},"acf":[],"aioseo_notices":[],"jetpack_sharing_enabled":true,"brands":[],"_links":{"self":[{"href":"https:\/\/westbalt.ee\/index.php?rest_route=\/wp\/v2\/product\/2575","targetHints":{"allow":["GET"]}}],"collection":[{"href":"https:\/\/westbalt.ee\/index.php?rest_route=\/wp\/v2\/product"}],"about":[{"href":"https:\/\/westbalt.ee\/index.php?rest_route=\/wp\/v2\/types\/product"}],"replies":[{"embeddable":true,"href":"https:\/\/westbalt.ee\/index.php?rest_route=%2Fwp%2Fv2%2Fcomments&post=2575"}],"wp:featuredmedia":[{"embeddable":true,"href":"https:\/\/westbalt.ee\/index.php?rest_route=\/wp\/v2\/media\/27747"}],"wp:attachment":[{"href":"https:\/\/westbalt.ee\/index.php?rest_route=%2Fwp%2Fv2%2Fmedia&parent=2575"}],"wp:term":[{"taxonomy":"pwb-brand","embeddable":true,"href":"https:\/\/westbalt.ee\/index.php?rest_route=%2Fwp%2Fv2%2Fpwb-brand&post=2575"},{"taxonomy":"product_brand","embeddable":true,"href":"https:\/\/westbalt.ee\/index.php?rest_route=%2Fwp%2Fv2%2Fproduct_brand&post=2575"},{"taxonomy":"product_cat","embeddable":true,"href":"https:\/\/westbalt.ee\/index.php?rest_route=%2Fwp%2Fv2%2Fproduct_cat&post=2575"},{"taxonomy":"product_tag","embeddable":true,"href":"https:\/\/westbalt.ee\/index.php?rest_route=%2Fwp%2Fv2%2Fproduct_tag&post=2575"}],"curies":[{"name":"wp","href":"https:\/\/api.w.org\/{rel}","templated":true}]}}