{"id":25994,"date":"2021-11-16T20:03:11","date_gmt":"2021-11-16T17:03:11","guid":{"rendered":"https:\/\/westbalt.ee\/?post_type=product&#038;p=25994"},"modified":"2026-03-21T19:52:07","modified_gmt":"2026-03-21T16:52:07","slug":"vaseliinoli-300ml-pihusti-ag-termopasty","status":"publish","type":"product","link":"https:\/\/westbalt.ee\/?product=vaseliinoli-300ml-pihusti-ag-termopasty","title":{"rendered":"Vaseliin\u00f5li 300ml pihusti AG TERMOPASTY"},"content":{"rendered":"<p>&#8211;<\/p>\n","protected":false},"excerpt":{"rendered":"<p><strong><span>Vaseliin\u00f5li<\/span><\/strong><span> masinaosade ja t\u00e4psete mehhanismide m\u00e4\u00e4rimiseks auto-, tekstiili- ja telekommunikatsioonit\u00f6\u00f6stuses.\u00a0V\u00e4rvivaba, l\u00f5hnatu, v\u00e4rvitu, plastiga kokkupuutel neutraalne.\u00a0V\u00e4hendab h\u00f5\u00f5rdumist, s\u00e4ilitab ilmastikutingimustele avatud komponendid ja hoiab \u00e4ra plast- v\u00f5i kummidetailide nakkumise hallitusseentega.<\/span><\/p>\n","protected":false},"featured_media":25995,"comment_status":"open","ping_status":"closed","template":"","meta":{"_acf_changed":false,"_monsterinsights_skip_tracking":false,"_monsterinsights_sitenote_active":false,"_monsterinsights_sitenote_note":"","_monsterinsights_sitenote_category":0},"pwb-brand":[2426],"product_brand":[],"product_cat":[350],"product_tag":[],"class_list":{"0":"post-25994","1":"product","2":"type-product","3":"status-publish","4":"has-post-thumbnail","6":"pwb-brand-taerosol","7":"product_cat-maardeained-kaitsvad-ained","9":"first","10":"onbackorder","11":"taxable","12":"shipping-taxable","13":"purchasable","14":"product-type-simple"},"acf":[],"aioseo_notices":[],"jetpack_sharing_enabled":true,"brands":[{"id":2426,"name":"TAEROSOL","slug":"taerosol"}],"_links":{"self":[{"href":"https:\/\/westbalt.ee\/index.php?rest_route=\/wp\/v2\/product\/25994","targetHints":{"allow":["GET"]}}],"collection":[{"href":"https:\/\/westbalt.ee\/index.php?rest_route=\/wp\/v2\/product"}],"about":[{"href":"https:\/\/westbalt.ee\/index.php?rest_route=\/wp\/v2\/types\/product"}],"replies":[{"embeddable":true,"href":"https:\/\/westbalt.ee\/index.php?rest_route=%2Fwp%2Fv2%2Fcomments&post=25994"}],"wp:featuredmedia":[{"embeddable":true,"href":"https:\/\/westbalt.ee\/index.php?rest_route=\/wp\/v2\/media\/25995"}],"wp:attachment":[{"href":"https:\/\/westbalt.ee\/index.php?rest_route=%2Fwp%2Fv2%2Fmedia&parent=25994"}],"wp:term":[{"taxonomy":"pwb-brand","embeddable":true,"href":"https:\/\/westbalt.ee\/index.php?rest_route=%2Fwp%2Fv2%2Fpwb-brand&post=25994"},{"taxonomy":"product_brand","embeddable":true,"href":"https:\/\/westbalt.ee\/index.php?rest_route=%2Fwp%2Fv2%2Fproduct_brand&post=25994"},{"taxonomy":"product_cat","embeddable":true,"href":"https:\/\/westbalt.ee\/index.php?rest_route=%2Fwp%2Fv2%2Fproduct_cat&post=25994"},{"taxonomy":"product_tag","embeddable":true,"href":"https:\/\/westbalt.ee\/index.php?rest_route=%2Fwp%2Fv2%2Fproduct_tag&post=25994"}],"curies":[{"name":"wp","href":"https:\/\/api.w.org\/{rel}","templated":true}]}}