{"id":25998,"date":"2021-11-16T20:18:47","date_gmt":"2021-11-16T17:18:47","guid":{"rendered":"https:\/\/westbalt.ee\/?post_type=product&#038;p=25998"},"modified":"2026-03-24T15:11:53","modified_gmt":"2026-03-24T12:11:53","slug":"ampertangid-ut256a-200a-ac-lahtise-aasaga","status":"publish","type":"product","link":"https:\/\/westbalt.ee\/?product=ampertangid-ut256a-200a-ac-lahtise-aasaga","title":{"rendered":"Ampertangid UT256A 200A AC lahtise aasaga"},"content":{"rendered":"<table border=\"0\" width=\"689\" cellspacing=\"0\" cellpadding=\"0\">\n<tbody>\n<tr>\n<td colspan=\"3\" height=\"20\"><strong>Tehnilised andmed<\/strong><\/td>\n<\/tr>\n<tr>\n<td height=\"20\"><\/td>\n<td><\/td>\n<td><\/td>\n<\/tr>\n<tr>\n<td height=\"19\"><span>Vahelduvvool (A)<\/span><\/td>\n<td><span>200A<\/span><\/td>\n<td><span>\u00b1(1,8%+2)<\/span><\/td>\n<\/tr>\n<tr>\n<td height=\"19\"><span>Vahelduvpinge (V)<\/span><\/td>\n<td><span>1000V<\/span><\/td>\n<td><span>\u00b1(1,2%+3)<\/span><\/td>\n<\/tr>\n<tr>\n<td height=\"19\"><span>Alalisvoolu pinge (V)<\/span><\/td>\n<td><span>1000V<\/span><\/td>\n<td><span>\u00b1(0,8%+3)<\/span><\/td>\n<\/tr>\n<tr>\n<td height=\"19\"><span>Takistus (\u03a9)<\/span><\/td>\n<td><span>60M\u03a9<\/span><\/td>\n<td><span>\u00b1(1%+2)<\/span><\/td>\n<\/tr>\n<tr>\n<td height=\"19\"><span>Sagedus (Hz)<\/span><\/td>\n<td><span>10-10 kHz<\/span><\/td>\n<td><span>\u00b1(0,1%+5)<\/span><\/td>\n<\/tr>\n<tr>\n<td colspan=\"3\" height=\"20\"><span>Funktsioonid<\/span><\/td>\n<\/tr>\n<tr>\n<td height=\"19\"><span>Kuvamise arv<\/span><\/td>\n<td><\/td>\n<td><span>6000<\/span><\/td>\n<\/tr>\n<tr>\n<td height=\"19\"><span>Automaatne ulatus<\/span><\/td>\n<td><\/td>\n<td><span>\u221a<\/span><\/td>\n<\/tr>\n<tr>\n<td height=\"19\"><span>T\u00f5eline RMS<\/span><\/td>\n<td><\/td>\n<td><span>\u221a<\/span><\/td>\n<\/tr>\n<tr>\n<td height=\"19\"><span>NCV<\/span><\/td>\n<td><\/td>\n<td><span>Kolmev\u00e4rviline<\/span><\/td>\n<\/tr>\n<tr>\n<td height=\"19\"><span>Andmete hoidmine<\/span><\/td>\n<td><\/td>\n<td><span>\u221a<\/span><\/td>\n<\/tr>\n<tr>\n<td height=\"19\"><span>LCD taustvalgustus<\/span><\/td>\n<td><\/td>\n<td><span>\u221a<\/span><\/td>\n<\/tr>\n<tr>\n<td height=\"19\"><span>Automaatne v\u00e4ljal\u00fclitus<\/span><\/td>\n<td><span>Umbes 15 minutit<\/span><\/td>\n<td><span>\u221a<\/span><\/td>\n<\/tr>\n<tr>\n<td height=\"19\"><span>J\u00e4rjepidevuse sumisti<\/span><\/td>\n<td><\/td>\n<td><span>\u221a<\/span><\/td>\n<\/tr>\n<tr>\n<td height=\"19\"><span>Aku t\u00fchjenemise indikaator<\/span><\/td>\n<td><span>\u22642,4 V<\/span><\/td>\n<td><span>\u221a<\/span><\/td>\n<\/tr>\n<tr>\n<td height=\"19\"><span>Sisendkaitse<\/span><\/td>\n<td><\/td>\n<td><span>\u221a<\/span><\/td>\n<\/tr>\n<tr>\n<td height=\"19\"><span>Sisendtakistus<\/span><\/td>\n<td><span>\u226510M\u03a9<\/span><\/td>\n<td><span>\u221a<\/span><\/td>\n<\/tr>\n<tr>\n<td colspan=\"3\" height=\"20\"><strong>\u00dcldised omadused<\/strong><\/td>\n<\/tr>\n<tr>\n<td height=\"19\"><span>Toide<\/span><\/td>\n<td colspan=\"2\"><span>1,5 V aku (LR6) x 2<\/span><\/td>\n<\/tr>\n<tr>\n<td height=\"19\"><span>Ekraan<\/span><\/td>\n<td colspan=\"2\"><span>35mm x 26mm<\/span><\/td>\n<\/tr>\n<tr>\n<td height=\"19\"><span>Toote v\u00e4rv<\/span><\/td>\n<td colspan=\"2\"><span>Punane ja hall<\/span><\/td>\n<\/tr>\n<tr>\n<td height=\"19\"><span>Toote netokaal<\/span><\/td>\n<td colspan=\"2\"><span>251 g<\/span><\/td>\n<\/tr>\n<tr>\n<td height=\"19\"><span>Toote suurus<\/span><\/td>\n<td colspan=\"2\"><span>217 mm x 58,8 mm x 38,5 mm<\/span><\/td>\n<\/tr>\n<tr>\n<td height=\"19\"><span>Standardtarvikud<\/span><\/td>\n<td colspan=\"2\"><span>Patareid, testjuhtmed<\/span><\/td>\n<\/tr>\n<tr>\n<td height=\"19\"><span>Standardne individuaalne pakkimine<\/span><\/td>\n<td colspan=\"2\"><span>Kinkekarp, kandekott, ingliskeelne kasutusjuhend<\/span><\/td>\n<\/tr>\n<\/tbody>\n<\/table>\n","protected":false},"excerpt":{"rendered":"<p><span>&#8211; vahelduvvoolu m\u00f5\u00f5tmine kuni 200 A ja selle sagedus vahemikus 50 Hz kuni 60 Hz<\/span><br \/>\n<span>&#8211; vahelduvpinge m\u00f5\u00f5tmine kuni 1000 V ja selle sagedus vahemikus 10 Hz kuni 10 kHz<\/span><br \/>\n<span>&#8211; alalispinge m\u00f5\u00f5tmine kuni 1000 V<\/span><br \/>\n<span>&#8211; takistuse m\u00f5\u00f5tmine kuni 60 M\u03a9<\/span><br \/>\n<span>&#8211; liini j\u00e4rjepidevuse kontroll<\/span><br \/>\n<span>&#8211; automaatne polaarsuse n\u00e4it<\/span><br \/>\n<span>&#8211; v\u00f5imalus valida automaatne v\u00f5i k\u00e4sitsi vahemiku vahetamine<\/span><br \/>\n<span>&#8211; sisseehitatud lamp<\/span><br \/>\n<span>&#8211; True RMS<\/span><br \/>\n<span>&#8211; ekraani maksimaalne v\u00e4\u00e4rtus on 6000<\/span><br \/>\n<span>&#8211; taustvalgustusega LCD ekraan m\u00f5\u00f5tmine 35 mm x 26 mm<\/span><br \/>\n<span>&#8211; hoidmine<\/span><br \/>\n<span>&#8211; toide kahe 1,5 V AA patareiga<\/span><br \/>\n<span>&#8211; t\u00fchja patarei indikaator<\/span><br \/>\n<span>&#8211; automaatne v\u00e4ljal\u00fclitus 15 minuti p\u00e4rast (funktsiooni saab ajutiselt v\u00e4lja l\u00fclitada)<\/span><\/p>\n","protected":false},"featured_media":25999,"comment_status":"open","ping_status":"closed","template":"","meta":{"_acf_changed":false,"_monsterinsights_skip_tracking":false,"_monsterinsights_sitenote_active":false,"_monsterinsights_sitenote_note":"","_monsterinsights_sitenote_category":0},"pwb-brand":[2409],"product_brand":[],"product_cat":[299],"product_tag":[],"class_list":{"0":"post-25998","1":"product","2":"type-product","3":"status-publish","4":"has-post-thumbnail","6":"pwb-brand-uni-t","7":"product_cat-ampertangid","8":"pa_m-dud-210x53x35mm","10":"first","11":"instock","12":"taxable","13":"shipping-taxable","14":"purchasable","15":"product-type-simple"},"acf":[],"aioseo_notices":[],"jetpack_sharing_enabled":true,"brands":[{"id":2409,"name":"UNI-T","slug":"uni-t"}],"_links":{"self":[{"href":"https:\/\/westbalt.ee\/index.php?rest_route=\/wp\/v2\/product\/25998","targetHints":{"allow":["GET"]}}],"collection":[{"href":"https:\/\/westbalt.ee\/index.php?rest_route=\/wp\/v2\/product"}],"about":[{"href":"https:\/\/westbalt.ee\/index.php?rest_route=\/wp\/v2\/types\/product"}],"replies":[{"embeddable":true,"href":"https:\/\/westbalt.ee\/index.php?rest_route=%2Fwp%2Fv2%2Fcomments&post=25998"}],"wp:featuredmedia":[{"embeddable":true,"href":"https:\/\/westbalt.ee\/index.php?rest_route=\/wp\/v2\/media\/25999"}],"wp:attachment":[{"href":"https:\/\/westbalt.ee\/index.php?rest_route=%2Fwp%2Fv2%2Fmedia&parent=25998"}],"wp:term":[{"taxonomy":"pwb-brand","embeddable":true,"href":"https:\/\/westbalt.ee\/index.php?rest_route=%2Fwp%2Fv2%2Fpwb-brand&post=25998"},{"taxonomy":"product_brand","embeddable":true,"href":"https:\/\/westbalt.ee\/index.php?rest_route=%2Fwp%2Fv2%2Fproduct_brand&post=25998"},{"taxonomy":"product_cat","embeddable":true,"href":"https:\/\/westbalt.ee\/index.php?rest_route=%2Fwp%2Fv2%2Fproduct_cat&post=25998"},{"taxonomy":"product_tag","embeddable":true,"href":"https:\/\/westbalt.ee\/index.php?rest_route=%2Fwp%2Fv2%2Fproduct_tag&post=25998"}],"curies":[{"name":"wp","href":"https:\/\/api.w.org\/{rel}","templated":true}]}}