{"id":26067,"date":"2021-11-24T19:07:22","date_gmt":"2021-11-24T16:07:22","guid":{"rendered":"https:\/\/westbalt.ee\/?post_type=product&#038;p=26067"},"modified":"2026-03-21T19:37:07","modified_gmt":"2026-03-21T16:37:07","slug":"peenkiudjuhe-022mm2-flry-a-oranz","status":"publish","type":"product","link":"https:\/\/westbalt.ee\/?product=peenkiudjuhe-022mm2-flry-a-oranz","title":{"rendered":"Peenkiudjuhe   0,22mm2 FLRY-A oran\u017e"},"content":{"rendered":"<p>&#8211;<\/p>\n","protected":false},"excerpt":{"rendered":"<p>FLRY-A-t\u00fc\u00fcpi vaskjuhe autopaigaldistele<br \/>\nIsolatsiooni materjal: PVC<br \/>\nNimipinge: 60V<br \/>\nT\u00f6\u00f6temperatuur:\t-40&#8230;105\u00b0C<br \/>\nPaindlikkuse klass:\t5<br \/>\nMax traadi l\u00e4bim\u00f5\u00f5t:\t1,2 mm<br \/>\nHind 1 meetri kohta<\/p>\n","protected":false},"featured_media":26066,"comment_status":"open","ping_status":"closed","template":"","meta":{"_acf_changed":false,"_monsterinsights_skip_tracking":false,"_monsterinsights_sitenote_active":false,"_monsterinsights_sitenote_note":"","_monsterinsights_sitenote_category":0},"pwb-brand":[],"product_brand":[],"product_cat":[289],"product_tag":[],"class_list":{"0":"post-26067","1":"product","2":"type-product","3":"status-publish","4":"has-post-thumbnail","6":"product_cat-juhtmed","8":"first","9":"instock","10":"taxable","11":"shipping-taxable","12":"purchasable","13":"product-type-simple"},"acf":[],"aioseo_notices":[],"jetpack_sharing_enabled":true,"brands":[],"_links":{"self":[{"href":"https:\/\/westbalt.ee\/index.php?rest_route=\/wp\/v2\/product\/26067","targetHints":{"allow":["GET"]}}],"collection":[{"href":"https:\/\/westbalt.ee\/index.php?rest_route=\/wp\/v2\/product"}],"about":[{"href":"https:\/\/westbalt.ee\/index.php?rest_route=\/wp\/v2\/types\/product"}],"replies":[{"embeddable":true,"href":"https:\/\/westbalt.ee\/index.php?rest_route=%2Fwp%2Fv2%2Fcomments&post=26067"}],"wp:featuredmedia":[{"embeddable":true,"href":"https:\/\/westbalt.ee\/index.php?rest_route=\/wp\/v2\/media\/26066"}],"wp:attachment":[{"href":"https:\/\/westbalt.ee\/index.php?rest_route=%2Fwp%2Fv2%2Fmedia&parent=26067"}],"wp:term":[{"taxonomy":"pwb-brand","embeddable":true,"href":"https:\/\/westbalt.ee\/index.php?rest_route=%2Fwp%2Fv2%2Fpwb-brand&post=26067"},{"taxonomy":"product_brand","embeddable":true,"href":"https:\/\/westbalt.ee\/index.php?rest_route=%2Fwp%2Fv2%2Fproduct_brand&post=26067"},{"taxonomy":"product_cat","embeddable":true,"href":"https:\/\/westbalt.ee\/index.php?rest_route=%2Fwp%2Fv2%2Fproduct_cat&post=26067"},{"taxonomy":"product_tag","embeddable":true,"href":"https:\/\/westbalt.ee\/index.php?rest_route=%2Fwp%2Fv2%2Fproduct_tag&post=26067"}],"curies":[{"name":"wp","href":"https:\/\/api.w.org\/{rel}","templated":true}]}}