{"id":26126,"date":"2021-12-07T12:10:16","date_gmt":"2021-12-07T09:10:16","guid":{"rendered":"https:\/\/westbalt.ee\/?post_type=product&#038;p=26126"},"modified":"2026-03-21T19:49:30","modified_gmt":"2026-03-21T16:49:30","slug":"sp13-isa-4pin-ip68-5a-200v-kaablile-valiskeere","status":"publish","type":"product","link":"https:\/\/westbalt.ee\/?product=sp13-isa-4pin-ip68-5a-200v-kaablile-valiskeere","title":{"rendered":"SP13; isa;  4PIN; IP68; 5A\/200V; kaablile, v\u00e4liskeere"},"content":{"rendered":"<p>&#8211;<\/p>\n","protected":false},"excerpt":{"rendered":"<p>SP13 on miniatuurne plastikust korpusega IP68 veekindel pistik.<br \/>\n\u2022 kontaktide arv: 4<br \/>\n\u2022 nimivool ja pinge: 5A, 200V<br \/>\n\u2022 kaabli v\u00e4lisl\u00e4bim\u00f5\u00f5t: 4-6,5mm<br \/>\n\u2022 t\u00f6\u00f6temperatuur: -40&#8230;85\u00b0C<br \/>\n\u2022 juhtme ristl\u00f5ige:\t0,75 mm2<\/p>\n","protected":false},"featured_media":26127,"comment_status":"open","ping_status":"closed","template":"","meta":{"_acf_changed":false,"_monsterinsights_skip_tracking":false,"_monsterinsights_sitenote_active":false,"_monsterinsights_sitenote_note":"","_monsterinsights_sitenote_category":0},"pwb-brand":[],"product_brand":[],"product_cat":[207],"product_tag":[],"class_list":{"0":"post-26126","1":"product","2":"type-product","3":"status-publish","4":"has-post-thumbnail","6":"product_cat-mitmekontaktilised","8":"first","9":"instock","10":"taxable","11":"shipping-taxable","12":"purchasable","13":"product-type-simple"},"acf":[],"aioseo_notices":[],"jetpack_sharing_enabled":true,"brands":[],"_links":{"self":[{"href":"https:\/\/westbalt.ee\/index.php?rest_route=\/wp\/v2\/product\/26126","targetHints":{"allow":["GET"]}}],"collection":[{"href":"https:\/\/westbalt.ee\/index.php?rest_route=\/wp\/v2\/product"}],"about":[{"href":"https:\/\/westbalt.ee\/index.php?rest_route=\/wp\/v2\/types\/product"}],"replies":[{"embeddable":true,"href":"https:\/\/westbalt.ee\/index.php?rest_route=%2Fwp%2Fv2%2Fcomments&post=26126"}],"wp:featuredmedia":[{"embeddable":true,"href":"https:\/\/westbalt.ee\/index.php?rest_route=\/wp\/v2\/media\/26127"}],"wp:attachment":[{"href":"https:\/\/westbalt.ee\/index.php?rest_route=%2Fwp%2Fv2%2Fmedia&parent=26126"}],"wp:term":[{"taxonomy":"pwb-brand","embeddable":true,"href":"https:\/\/westbalt.ee\/index.php?rest_route=%2Fwp%2Fv2%2Fpwb-brand&post=26126"},{"taxonomy":"product_brand","embeddable":true,"href":"https:\/\/westbalt.ee\/index.php?rest_route=%2Fwp%2Fv2%2Fproduct_brand&post=26126"},{"taxonomy":"product_cat","embeddable":true,"href":"https:\/\/westbalt.ee\/index.php?rest_route=%2Fwp%2Fv2%2Fproduct_cat&post=26126"},{"taxonomy":"product_tag","embeddable":true,"href":"https:\/\/westbalt.ee\/index.php?rest_route=%2Fwp%2Fv2%2Fproduct_tag&post=26126"}],"curies":[{"name":"wp","href":"https:\/\/api.w.org\/{rel}","templated":true}]}}