{"id":26163,"date":"2021-12-14T14:37:56","date_gmt":"2021-12-14T11:37:56","guid":{"rendered":"https:\/\/westbalt.ee\/?post_type=product&#038;p=26163"},"modified":"2026-03-21T19:44:51","modified_gmt":"2026-03-21T16:44:51","slug":"kaabli-koorimis-loiketangid-ebxq-0-2-10mm2","status":"publish","type":"product","link":"https:\/\/westbalt.ee\/?product=kaabli-koorimis-loiketangid-ebxq-0-2-10mm2","title":{"rendered":"Kaabli koorimis\/l\u00f5iketangid EBXQ 0.2..10mm2"},"content":{"rendered":"<p>&#8211;<\/p>\n","protected":false},"excerpt":{"rendered":"<p>\u2022 kvaliteetse kroom-vanaadiumi legeerterasest<br \/>\n\u2022 k\u00f5rge k\u00f5vadusega terav serv, vastupidav<br \/>\n\u2022 PVC plastikust k\u00e4epide: libisemiskindel, kulumiskindel, mugav<br \/>\n\u2022 Kasutusala: 0,2-6 mm2 mitmekiuline painduv traat. Ei saa k\u00f5va terastraati l\u00f5igata, k\u00f5va traat kahjustab l\u00f5ikeserva<\/p>\n","protected":false},"featured_media":26164,"comment_status":"open","ping_status":"closed","template":"","meta":{"_acf_changed":false,"_monsterinsights_skip_tracking":false,"_monsterinsights_sitenote_active":false,"_monsterinsights_sitenote_note":"","_monsterinsights_sitenote_category":0},"pwb-brand":[],"product_brand":[],"product_cat":[297],"product_tag":[],"class_list":{"0":"post-26163","1":"product","2":"type-product","3":"status-publish","4":"has-post-thumbnail","6":"product_cat-elektriku-tooriistad","8":"first","9":"instock","10":"taxable","11":"shipping-taxable","12":"purchasable","13":"product-type-simple"},"acf":[],"aioseo_notices":[],"jetpack_sharing_enabled":true,"brands":[],"_links":{"self":[{"href":"https:\/\/westbalt.ee\/index.php?rest_route=\/wp\/v2\/product\/26163","targetHints":{"allow":["GET"]}}],"collection":[{"href":"https:\/\/westbalt.ee\/index.php?rest_route=\/wp\/v2\/product"}],"about":[{"href":"https:\/\/westbalt.ee\/index.php?rest_route=\/wp\/v2\/types\/product"}],"replies":[{"embeddable":true,"href":"https:\/\/westbalt.ee\/index.php?rest_route=%2Fwp%2Fv2%2Fcomments&post=26163"}],"wp:featuredmedia":[{"embeddable":true,"href":"https:\/\/westbalt.ee\/index.php?rest_route=\/wp\/v2\/media\/26164"}],"wp:attachment":[{"href":"https:\/\/westbalt.ee\/index.php?rest_route=%2Fwp%2Fv2%2Fmedia&parent=26163"}],"wp:term":[{"taxonomy":"pwb-brand","embeddable":true,"href":"https:\/\/westbalt.ee\/index.php?rest_route=%2Fwp%2Fv2%2Fpwb-brand&post=26163"},{"taxonomy":"product_brand","embeddable":true,"href":"https:\/\/westbalt.ee\/index.php?rest_route=%2Fwp%2Fv2%2Fproduct_brand&post=26163"},{"taxonomy":"product_cat","embeddable":true,"href":"https:\/\/westbalt.ee\/index.php?rest_route=%2Fwp%2Fv2%2Fproduct_cat&post=26163"},{"taxonomy":"product_tag","embeddable":true,"href":"https:\/\/westbalt.ee\/index.php?rest_route=%2Fwp%2Fv2%2Fproduct_tag&post=26163"}],"curies":[{"name":"wp","href":"https:\/\/api.w.org\/{rel}","templated":true}]}}