{"id":26168,"date":"2021-12-15T09:59:55","date_gmt":"2021-12-15T06:59:55","guid":{"rendered":"https:\/\/westbalt.ee\/?post_type=product&#038;p=26168"},"modified":"2026-03-22T17:26:04","modified_gmt":"2026-03-22T14:26:04","slug":"kaivitus-ja-seiskamisnupp-4pin-250v-6a-kjd6kjd19kjd20","status":"publish","type":"product","link":"https:\/\/westbalt.ee\/?product=kaivitus-ja-seiskamisnupp-4pin-250v-6a-kjd6kjd19kjd20","title":{"rendered":"K\u00e4ivitus- ja seiskamisnupp 4pin 250V\/6A  KJD6(KJD19,KJD20)"},"content":{"rendered":"<p><span>Seda saab kasutada j\u00e4rgmiste l\u00fclitite asendusena, v\u00f5ttes arvesse voolu max.\u00a06 A:<\/span><\/p>\n<ul>\n<li><span>KJD19<\/span><\/li>\n<li><span>20 KJD<\/span><\/li>\n<li><span>KDL<\/span><\/li>\n<li><span>DZ04<\/span><\/li>\n<li><span>KJD 6<\/span><\/li>\n<\/ul>\n","protected":false},"excerpt":{"rendered":"<p>Magnetl\u00fcliti CK-1 (KJD6-5E4) 1-faasilise mootori k\u00e4ivitamiseks<br \/>\nKontaktide arv:\t4<br \/>\nPooli pinge:\t230 volti<br \/>\nL\u00fclitusvool:\t6 A \/ \tAC 220-250V<br \/>\nKaitseklass:\tIP54<br \/>\nPaigaldusava m\u00f5\u00f5tmed:\t26,5 x 42 mm<br \/>\nV\u00e4lisosa m\u00f5\u00f5tmed:\t31 x 52 mm<\/p>\n","protected":false},"featured_media":26169,"comment_status":"open","ping_status":"closed","template":"","meta":{"_acf_changed":false,"_monsterinsights_skip_tracking":false,"_monsterinsights_sitenote_active":false,"_monsterinsights_sitenote_note":"","_monsterinsights_sitenote_category":0},"pwb-brand":[],"product_brand":[],"product_cat":[265,256],"product_tag":[],"class_list":{"0":"post-26168","1":"product","2":"type-product","3":"status-publish","4":"has-post-thumbnail","6":"product_cat-motorikaitselulitid","7":"product_cat-lulitid-surunupud","9":"first","10":"instock","11":"taxable","12":"shipping-taxable","13":"purchasable","14":"product-type-simple"},"acf":[],"aioseo_notices":[],"jetpack_sharing_enabled":true,"brands":[],"_links":{"self":[{"href":"https:\/\/westbalt.ee\/index.php?rest_route=\/wp\/v2\/product\/26168","targetHints":{"allow":["GET"]}}],"collection":[{"href":"https:\/\/westbalt.ee\/index.php?rest_route=\/wp\/v2\/product"}],"about":[{"href":"https:\/\/westbalt.ee\/index.php?rest_route=\/wp\/v2\/types\/product"}],"replies":[{"embeddable":true,"href":"https:\/\/westbalt.ee\/index.php?rest_route=%2Fwp%2Fv2%2Fcomments&post=26168"}],"wp:featuredmedia":[{"embeddable":true,"href":"https:\/\/westbalt.ee\/index.php?rest_route=\/wp\/v2\/media\/26169"}],"wp:attachment":[{"href":"https:\/\/westbalt.ee\/index.php?rest_route=%2Fwp%2Fv2%2Fmedia&parent=26168"}],"wp:term":[{"taxonomy":"pwb-brand","embeddable":true,"href":"https:\/\/westbalt.ee\/index.php?rest_route=%2Fwp%2Fv2%2Fpwb-brand&post=26168"},{"taxonomy":"product_brand","embeddable":true,"href":"https:\/\/westbalt.ee\/index.php?rest_route=%2Fwp%2Fv2%2Fproduct_brand&post=26168"},{"taxonomy":"product_cat","embeddable":true,"href":"https:\/\/westbalt.ee\/index.php?rest_route=%2Fwp%2Fv2%2Fproduct_cat&post=26168"},{"taxonomy":"product_tag","embeddable":true,"href":"https:\/\/westbalt.ee\/index.php?rest_route=%2Fwp%2Fv2%2Fproduct_tag&post=26168"}],"curies":[{"name":"wp","href":"https:\/\/api.w.org\/{rel}","templated":true}]}}