{"id":26170,"date":"2021-12-15T10:19:20","date_gmt":"2021-12-15T07:19:20","guid":{"rendered":"https:\/\/westbalt.ee\/?post_type=product&#038;p=26170"},"modified":"2026-03-21T19:45:47","modified_gmt":"2026-03-21T16:45:47","slug":"kaivitus-ja-seiskamisnupp-5pin-230v-16a-kjd17","status":"publish","type":"product","link":"https:\/\/westbalt.ee\/?product=kaivitus-ja-seiskamisnupp-5pin-230v-16a-kjd17","title":{"rendered":"K\u00e4ivitus- ja seiskamisnupp 5pin 230V\/16A  KJD17"},"content":{"rendered":"","protected":false},"excerpt":{"rendered":"<p>Magnetl\u00fcliti 1-faasilise mootori k\u00e4ivitamiseks<br \/>\nKontaktide arv: 5<br \/>\nPooli pinge: 230 volti<br \/>\nL\u00fclitusvool: 16 A \/ AC 220-250V<br \/>\nKaitseklass: IP54<br \/>\nPaigaldusava m\u00f5\u00f5tmed: 22 x 48 mm<br \/>\nV\u00e4lisosa m\u00f5\u00f5tmed: 30 x 53 mm<\/p>\n","protected":false},"featured_media":26171,"comment_status":"open","ping_status":"closed","template":"","meta":{"_acf_changed":false,"_monsterinsights_skip_tracking":false,"_monsterinsights_sitenote_active":false,"_monsterinsights_sitenote_note":"","_monsterinsights_sitenote_category":0},"pwb-brand":[],"product_brand":[],"product_cat":[265,256],"product_tag":[],"class_list":{"0":"post-26170","1":"product","2":"type-product","3":"status-publish","4":"has-post-thumbnail","6":"product_cat-motorikaitselulitid","7":"product_cat-lulitid-surunupud","9":"first","10":"instock","11":"taxable","12":"shipping-taxable","13":"purchasable","14":"product-type-simple"},"acf":[],"aioseo_notices":[],"jetpack_sharing_enabled":true,"brands":[],"_links":{"self":[{"href":"https:\/\/westbalt.ee\/index.php?rest_route=\/wp\/v2\/product\/26170","targetHints":{"allow":["GET"]}}],"collection":[{"href":"https:\/\/westbalt.ee\/index.php?rest_route=\/wp\/v2\/product"}],"about":[{"href":"https:\/\/westbalt.ee\/index.php?rest_route=\/wp\/v2\/types\/product"}],"replies":[{"embeddable":true,"href":"https:\/\/westbalt.ee\/index.php?rest_route=%2Fwp%2Fv2%2Fcomments&post=26170"}],"wp:featuredmedia":[{"embeddable":true,"href":"https:\/\/westbalt.ee\/index.php?rest_route=\/wp\/v2\/media\/26171"}],"wp:attachment":[{"href":"https:\/\/westbalt.ee\/index.php?rest_route=%2Fwp%2Fv2%2Fmedia&parent=26170"}],"wp:term":[{"taxonomy":"pwb-brand","embeddable":true,"href":"https:\/\/westbalt.ee\/index.php?rest_route=%2Fwp%2Fv2%2Fpwb-brand&post=26170"},{"taxonomy":"product_brand","embeddable":true,"href":"https:\/\/westbalt.ee\/index.php?rest_route=%2Fwp%2Fv2%2Fproduct_brand&post=26170"},{"taxonomy":"product_cat","embeddable":true,"href":"https:\/\/westbalt.ee\/index.php?rest_route=%2Fwp%2Fv2%2Fproduct_cat&post=26170"},{"taxonomy":"product_tag","embeddable":true,"href":"https:\/\/westbalt.ee\/index.php?rest_route=%2Fwp%2Fv2%2Fproduct_tag&post=26170"}],"curies":[{"name":"wp","href":"https:\/\/api.w.org\/{rel}","templated":true}]}}