{"id":26263,"date":"2022-01-13T19:12:59","date_gmt":"2022-01-13T16:12:59","guid":{"rendered":"https:\/\/westbalt.ee\/?post_type=product&#038;p=26263"},"modified":"2026-03-21T19:44:13","modified_gmt":"2026-03-21T16:44:13","slug":"vinguandur-tesatek","status":"publish","type":"product","link":"https:\/\/westbalt.ee\/?product=vinguandur-tesatek","title":{"rendered":"Vinguandur Tesatek"},"content":{"rendered":"<p>CO ehk s\u00fcsinikoksiid ehk vingugaas on l\u00f5hnatu, v\u00e4rvitu, maitsetu, inimesele m\u00e4rkamatu, kuid sissehingamisel eluohtik gaas, kuna p\u00e4rsib vere v\u00f5imet<br \/>\nhapnikku transportida. Vingugaas tekib puidu, bensiini, \u00f5li v\u00f5i gaasi v\u00f5i muude k\u00fctuste ja orgaaniliste ainete mittet\u00e4ielikul p\u00f5lemisel ning tema erikaal on<br \/>\nainult pisut v\u00e4iksem kui \u00f5hul, seega ei liigu ta otseteed toa lakke vaid kandub koos \u00f5huvooludega toas ringi ning tema \u00fcles liikumist m\u00f5jutavad ka<br \/>\nvingugaasi ning toa \u00f5hu temperatuurid. Vingugaasi \u00f5igeaegseks m\u00e4rkamiseks tuleb kasutada vinguandurit, mis ei asenda kohustuslikku suitsuandurit.<br \/>\nVinguandur vastab Euroopa Liidu standardile EN50291:2010. <\/p>\n","protected":false},"excerpt":{"rendered":"<p>Elektrokeemiline vinguandur reageerib vingugaasi j\u00f5udmisel andurisse korpuse servade kaudu, andur ei reageeri suitsu, muude gaaside, kuumuse ega<br \/>\nleegi peale. Reageerides kordab andur l\u00fchikeste pauside j\u00e4rel kolme pikka signaali valjudusega minimaalselt 85dB m\u00f5\u00f5detuna 3 meetri kauguselt.<br \/>\nSeade on varustatud standardse 9V patareiga.<\/p>\n","protected":false},"featured_media":26264,"comment_status":"open","ping_status":"closed","template":"","meta":{"_acf_changed":false,"_monsterinsights_skip_tracking":false,"_monsterinsights_sitenote_active":false,"_monsterinsights_sitenote_note":"","_monsterinsights_sitenote_category":0},"pwb-brand":[],"product_brand":[],"product_cat":[325],"product_tag":[],"class_list":{"0":"post-26263","1":"product","2":"type-product","3":"status-publish","4":"has-post-thumbnail","6":"product_cat-valveseadmed-2","7":"pa_varv-valge","9":"first","10":"onbackorder","11":"taxable","12":"shipping-taxable","13":"purchasable","14":"product-type-simple"},"acf":[],"aioseo_notices":[],"jetpack_sharing_enabled":true,"brands":[],"_links":{"self":[{"href":"https:\/\/westbalt.ee\/index.php?rest_route=\/wp\/v2\/product\/26263","targetHints":{"allow":["GET"]}}],"collection":[{"href":"https:\/\/westbalt.ee\/index.php?rest_route=\/wp\/v2\/product"}],"about":[{"href":"https:\/\/westbalt.ee\/index.php?rest_route=\/wp\/v2\/types\/product"}],"replies":[{"embeddable":true,"href":"https:\/\/westbalt.ee\/index.php?rest_route=%2Fwp%2Fv2%2Fcomments&post=26263"}],"wp:featuredmedia":[{"embeddable":true,"href":"https:\/\/westbalt.ee\/index.php?rest_route=\/wp\/v2\/media\/26264"}],"wp:attachment":[{"href":"https:\/\/westbalt.ee\/index.php?rest_route=%2Fwp%2Fv2%2Fmedia&parent=26263"}],"wp:term":[{"taxonomy":"pwb-brand","embeddable":true,"href":"https:\/\/westbalt.ee\/index.php?rest_route=%2Fwp%2Fv2%2Fpwb-brand&post=26263"},{"taxonomy":"product_brand","embeddable":true,"href":"https:\/\/westbalt.ee\/index.php?rest_route=%2Fwp%2Fv2%2Fproduct_brand&post=26263"},{"taxonomy":"product_cat","embeddable":true,"href":"https:\/\/westbalt.ee\/index.php?rest_route=%2Fwp%2Fv2%2Fproduct_cat&post=26263"},{"taxonomy":"product_tag","embeddable":true,"href":"https:\/\/westbalt.ee\/index.php?rest_route=%2Fwp%2Fv2%2Fproduct_tag&post=26263"}],"curies":[{"name":"wp","href":"https:\/\/api.w.org\/{rel}","templated":true}]}}