{"id":26341,"date":"2022-01-22T21:03:33","date_gmt":"2022-01-22T18:03:33","guid":{"rendered":"https:\/\/westbalt.ee\/?post_type=product&#038;p=26341"},"modified":"2026-03-21T19:52:08","modified_gmt":"2026-03-21T16:52:08","slug":"solenoidi-pistik-2pe-16a-24v-ip65-ledvaristor","status":"publish","type":"product","link":"https:\/\/westbalt.ee\/?product=solenoidi-pistik-2pe-16a-24v-ip65-ledvaristor","title":{"rendered":"Solenoidi pistik 2+PE 16A\/24V IP65 LED+Varistor"},"content":{"rendered":"<p>Tootja:\tMOLEX<br \/>\nPistikute seeria:\tmPm<br \/>\nKontaktide vahe: 18 mm<br \/>\nTihvtide arv:\t3 (2 + PE)<br \/>\nKinnitus kaablile<br \/>\nKaabli v\u00e4lisl\u00e4bim\u00f5\u00f5t\t4&#8230;9mm<br \/>\nElektri\u00fchendus: kruviklemm, h\u00f5betatud<br \/>\nIP reiting: IP65<br \/>\nMaksimaalne vool: 16A<br \/>\nMax Pinge: 24V<br \/>\nJuhtme ristl\u00f5ige: 1,5 mm 2<\/p>\n","protected":false},"excerpt":{"rendered":"<p>solenoidventiilide jaoks, vorm A<\/p>\n","protected":false},"featured_media":26342,"comment_status":"open","ping_status":"closed","template":"","meta":{"_acf_changed":false,"_monsterinsights_skip_tracking":false,"_monsterinsights_sitenote_active":false,"_monsterinsights_sitenote_note":"","_monsterinsights_sitenote_category":0},"pwb-brand":[],"product_brand":[],"product_cat":[207],"product_tag":[],"class_list":{"0":"post-26341","1":"product","2":"type-product","3":"status-publish","4":"has-post-thumbnail","6":"product_cat-mitmekontaktilised","8":"first","9":"instock","10":"taxable","11":"shipping-taxable","12":"purchasable","13":"product-type-simple"},"acf":[],"aioseo_notices":[],"jetpack_sharing_enabled":true,"brands":[],"_links":{"self":[{"href":"https:\/\/westbalt.ee\/index.php?rest_route=\/wp\/v2\/product\/26341","targetHints":{"allow":["GET"]}}],"collection":[{"href":"https:\/\/westbalt.ee\/index.php?rest_route=\/wp\/v2\/product"}],"about":[{"href":"https:\/\/westbalt.ee\/index.php?rest_route=\/wp\/v2\/types\/product"}],"replies":[{"embeddable":true,"href":"https:\/\/westbalt.ee\/index.php?rest_route=%2Fwp%2Fv2%2Fcomments&post=26341"}],"wp:featuredmedia":[{"embeddable":true,"href":"https:\/\/westbalt.ee\/index.php?rest_route=\/wp\/v2\/media\/26342"}],"wp:attachment":[{"href":"https:\/\/westbalt.ee\/index.php?rest_route=%2Fwp%2Fv2%2Fmedia&parent=26341"}],"wp:term":[{"taxonomy":"pwb-brand","embeddable":true,"href":"https:\/\/westbalt.ee\/index.php?rest_route=%2Fwp%2Fv2%2Fpwb-brand&post=26341"},{"taxonomy":"product_brand","embeddable":true,"href":"https:\/\/westbalt.ee\/index.php?rest_route=%2Fwp%2Fv2%2Fproduct_brand&post=26341"},{"taxonomy":"product_cat","embeddable":true,"href":"https:\/\/westbalt.ee\/index.php?rest_route=%2Fwp%2Fv2%2Fproduct_cat&post=26341"},{"taxonomy":"product_tag","embeddable":true,"href":"https:\/\/westbalt.ee\/index.php?rest_route=%2Fwp%2Fv2%2Fproduct_tag&post=26341"}],"curies":[{"name":"wp","href":"https:\/\/api.w.org\/{rel}","templated":true}]}}