{"id":26367,"date":"2022-01-26T00:53:40","date_gmt":"2022-01-25T21:53:40","guid":{"rendered":"https:\/\/westbalt.ee\/?post_type=product&#038;p=26367"},"modified":"2026-03-21T19:42:46","modified_gmt":"2026-03-21T16:42:46","slug":"radarsensor-mikrolaine-liikumisandur-1200w-lakke-ip20","status":"publish","type":"product","link":"https:\/\/westbalt.ee\/?product=radarsensor-mikrolaine-liikumisandur-1200w-lakke-ip20","title":{"rendered":"Radarsensor \/ Mikrolaine liikumisandur 1200W; lakke; IP20"},"content":{"rendered":"<p><img decoding=\"async\" src=\"https:\/\/westbalt.ee\/wp-content\/uploads\/2014\/09\/pdf.png\" alt=\"\" width=\"26\" height=\"26\" class=\"alignnone size-full wp-image-21314\" \/>&nbsp;<a href=\"http:\/\/www.westbalt.ee\/catalog\/pdf\/1454013100_31-G1190.pdf\" target=\"_blank\" rel=\"noopener\">1454013100_31-G1190.pdf<\/a><\/p>\n","protected":false},"excerpt":{"rendered":"<p>Toide: 230V\/50Hz<br \/>\nAvastamise piirkond: 360 \u00b0<br \/>\nMax koormus: 1200W (h\u00f5\u00f5glambid), 300W (s\u00e4\u00e4stupirnid)<br \/>\nTuvastusulatus: 8m<br \/>\nTundlikkus:\t<3 luksi\nL\u00fclitusaeg: 10sek...12min\nObjekti liikumise kiirus: 0,6 ~ 1,5 m \/ s\nEnergiatarve: 0.9W (stand by 0.1 W)\n<\/p>\n","protected":false},"featured_media":26368,"comment_status":"open","ping_status":"closed","template":"","meta":{"_acf_changed":false,"_monsterinsights_skip_tracking":false,"_monsterinsights_sitenote_active":false,"_monsterinsights_sitenote_note":"","_monsterinsights_sitenote_category":0},"pwb-brand":[2437],"product_brand":[],"product_cat":[162,325],"product_tag":[],"class_list":{"0":"post-26367","1":"product","2":"type-product","3":"status-publish","4":"has-post-thumbnail","6":"pwb-brand-emos","7":"product_cat-valgustite-komponendid","8":"product_cat-valveseadmed-2","10":"first","11":"instock","12":"taxable","13":"shipping-taxable","14":"purchasable","15":"product-type-simple"},"acf":[],"aioseo_notices":[],"jetpack_sharing_enabled":true,"brands":[{"id":2437,"name":"EMOS","slug":"emos"}],"_links":{"self":[{"href":"https:\/\/westbalt.ee\/index.php?rest_route=\/wp\/v2\/product\/26367","targetHints":{"allow":["GET"]}}],"collection":[{"href":"https:\/\/westbalt.ee\/index.php?rest_route=\/wp\/v2\/product"}],"about":[{"href":"https:\/\/westbalt.ee\/index.php?rest_route=\/wp\/v2\/types\/product"}],"replies":[{"embeddable":true,"href":"https:\/\/westbalt.ee\/index.php?rest_route=%2Fwp%2Fv2%2Fcomments&post=26367"}],"wp:featuredmedia":[{"embeddable":true,"href":"https:\/\/westbalt.ee\/index.php?rest_route=\/wp\/v2\/media\/26368"}],"wp:attachment":[{"href":"https:\/\/westbalt.ee\/index.php?rest_route=%2Fwp%2Fv2%2Fmedia&parent=26367"}],"wp:term":[{"taxonomy":"pwb-brand","embeddable":true,"href":"https:\/\/westbalt.ee\/index.php?rest_route=%2Fwp%2Fv2%2Fpwb-brand&post=26367"},{"taxonomy":"product_brand","embeddable":true,"href":"https:\/\/westbalt.ee\/index.php?rest_route=%2Fwp%2Fv2%2Fproduct_brand&post=26367"},{"taxonomy":"product_cat","embeddable":true,"href":"https:\/\/westbalt.ee\/index.php?rest_route=%2Fwp%2Fv2%2Fproduct_cat&post=26367"},{"taxonomy":"product_tag","embeddable":true,"href":"https:\/\/westbalt.ee\/index.php?rest_route=%2Fwp%2Fv2%2Fproduct_tag&post=26367"}],"curies":[{"name":"wp","href":"https:\/\/api.w.org\/{rel}","templated":true}]}}