{"id":26637,"date":"2022-02-21T11:11:41","date_gmt":"2022-02-21T08:11:41","guid":{"rendered":"https:\/\/westbalt.ee\/?post_type=product&#038;p=26637"},"modified":"2026-03-21T19:44:25","modified_gmt":"2026-03-21T16:44:25","slug":"dimmer-led-3-60w-emos","status":"publish","type":"product","link":"https:\/\/westbalt.ee\/?product=dimmer-led-3-60w-emos","title":{"rendered":"Dimmer LED 3-60W EMOS"},"content":{"rendered":"<p>Nimipinge: 230 V~, 50 Hz<br \/>\nKoormuste t\u00fc\u00fcbid:<br \/>\n\u2022 H\u00e4mardatavad LED-lambid: 3~60 VA<br \/>\n\u2022 Elektroonilise ballastiga madalpinge lambid: 7~110 W\/VA<br \/>\n\u2022 H\u00f5\u00f5glambid: 7~110 W\/VA<br \/>\n\u2022 Halogeenlambid: 7~110 W\/VA<br \/>\nL\u00fcliti: nupp\/kahesuunaline<br \/>\nKaitse: F1AH250V<br \/>\nTermokaitse peatab rakendumise j\u00e4rel ohutuseesm\u00e4rgil seadme t\u00f6\u00f6 alaliselt!<br \/>\nH\u00e4mardil m\u00e4rgitud maksimaalse lubatud koormuse v\u00e4hendamine oleneb \u00fcmbritsevast temperatuurist.<\/p>\n","protected":false},"excerpt":{"rendered":"<p>H\u00e4mardit kasutatakse h\u00e4mardatavate valgusallikate heleduse reguleerimiseks (vt koormuste t\u00fc\u00fcpe).<br \/>\nK\u00f5nealune seade ei sobi LED-ribade, -paneelide, -kiipide ja muude sarnaste valgusallikate otseseks h\u00e4mardamiseks, kui need pole ette n\u00e4htud h\u00e4mardamiseks.<br \/>\nH\u00e4mardit juhitakse nupu vajutamise ja keeramisega.<br \/>\nNupu vajutamine: aktiveerib h\u00e4mardamise.<br \/>\nH\u00e4mardi on projekteeritud paigaldamiseks harukarpidele (soovituslik miinimums\u00fcgavus on 40 mm)<\/p>\n","protected":false},"featured_media":26638,"comment_status":"open","ping_status":"closed","template":"","meta":{"_acf_changed":false,"_monsterinsights_skip_tracking":false,"_monsterinsights_sitenote_active":false,"_monsterinsights_sitenote_note":"","_monsterinsights_sitenote_category":0},"pwb-brand":[2437],"product_brand":[],"product_cat":[162,282],"product_tag":[],"class_list":{"0":"post-26637","1":"product","2":"type-product","3":"status-publish","4":"has-post-thumbnail","6":"pwb-brand-emos","7":"product_cat-valgustite-komponendid","8":"product_cat-emos","9":"pa_varv-valge","11":"first","12":"instock","13":"taxable","14":"shipping-taxable","15":"purchasable","16":"product-type-simple"},"acf":[],"aioseo_notices":[],"jetpack_sharing_enabled":true,"brands":[{"id":2437,"name":"EMOS","slug":"emos"}],"_links":{"self":[{"href":"https:\/\/westbalt.ee\/index.php?rest_route=\/wp\/v2\/product\/26637","targetHints":{"allow":["GET"]}}],"collection":[{"href":"https:\/\/westbalt.ee\/index.php?rest_route=\/wp\/v2\/product"}],"about":[{"href":"https:\/\/westbalt.ee\/index.php?rest_route=\/wp\/v2\/types\/product"}],"replies":[{"embeddable":true,"href":"https:\/\/westbalt.ee\/index.php?rest_route=%2Fwp%2Fv2%2Fcomments&post=26637"}],"wp:featuredmedia":[{"embeddable":true,"href":"https:\/\/westbalt.ee\/index.php?rest_route=\/wp\/v2\/media\/26638"}],"wp:attachment":[{"href":"https:\/\/westbalt.ee\/index.php?rest_route=%2Fwp%2Fv2%2Fmedia&parent=26637"}],"wp:term":[{"taxonomy":"pwb-brand","embeddable":true,"href":"https:\/\/westbalt.ee\/index.php?rest_route=%2Fwp%2Fv2%2Fpwb-brand&post=26637"},{"taxonomy":"product_brand","embeddable":true,"href":"https:\/\/westbalt.ee\/index.php?rest_route=%2Fwp%2Fv2%2Fproduct_brand&post=26637"},{"taxonomy":"product_cat","embeddable":true,"href":"https:\/\/westbalt.ee\/index.php?rest_route=%2Fwp%2Fv2%2Fproduct_cat&post=26637"},{"taxonomy":"product_tag","embeddable":true,"href":"https:\/\/westbalt.ee\/index.php?rest_route=%2Fwp%2Fv2%2Fproduct_tag&post=26637"}],"curies":[{"name":"wp","href":"https:\/\/api.w.org\/{rel}","templated":true}]}}