{"id":27107,"date":"2022-03-28T23:19:00","date_gmt":"2022-03-28T20:19:00","guid":{"rendered":"https:\/\/westbalt.ee\/?post_type=product&#038;p=27107"},"modified":"2022-03-28T23:27:39","modified_gmt":"2022-03-28T20:27:39","slug":"sp13-ema-3pin-ip68-5a-200v-kaablile-sisekeere","status":"publish","type":"product","link":"https:\/\/westbalt.ee\/?product=sp13-ema-3pin-ip68-5a-200v-kaablile-sisekeere","title":{"rendered":"SP13; ema;  3PIN; IP68; 5A\/200V; kaablile, sisekeere"},"content":{"rendered":"<p>&#8211;<\/p>\n","protected":false},"excerpt":{"rendered":"<p>SP13 on miniatuurne plastikust korpusega IP68 veekindel pistik.<br \/>\n\u2022 kontaktide arv: 3<br \/>\n\u2022 nimivool ja pinge: 5A, 200V<br \/>\n\u2022 kaabli v\u00e4lisl\u00e4bim\u00f5\u00f5t: 4-6,5mm<br \/>\n\u2022 t\u00f6\u00f6temperatuur: -40&#8230;85\u00b0C<br \/>\n\u2022 juhtme ristl\u00f5ige:\t0,75 mm2<\/p>\n","protected":false},"featured_media":27108,"comment_status":"open","ping_status":"closed","template":"","meta":{"_acf_changed":false,"_monsterinsights_skip_tracking":false,"_monsterinsights_sitenote_active":false,"_monsterinsights_sitenote_note":"","_monsterinsights_sitenote_category":0},"pwb-brand":[],"product_brand":[],"product_cat":[207],"product_tag":[],"class_list":{"0":"post-27107","1":"product","2":"type-product","3":"status-publish","4":"has-post-thumbnail","6":"product_cat-mitmekontaktilised","8":"first","9":"instock","10":"taxable","11":"shipping-taxable","12":"purchasable","13":"product-type-simple"},"acf":[],"aioseo_notices":[],"jetpack_sharing_enabled":true,"brands":[],"_links":{"self":[{"href":"https:\/\/westbalt.ee\/index.php?rest_route=\/wp\/v2\/product\/27107","targetHints":{"allow":["GET"]}}],"collection":[{"href":"https:\/\/westbalt.ee\/index.php?rest_route=\/wp\/v2\/product"}],"about":[{"href":"https:\/\/westbalt.ee\/index.php?rest_route=\/wp\/v2\/types\/product"}],"replies":[{"embeddable":true,"href":"https:\/\/westbalt.ee\/index.php?rest_route=%2Fwp%2Fv2%2Fcomments&post=27107"}],"wp:featuredmedia":[{"embeddable":true,"href":"https:\/\/westbalt.ee\/index.php?rest_route=\/wp\/v2\/media\/27108"}],"wp:attachment":[{"href":"https:\/\/westbalt.ee\/index.php?rest_route=%2Fwp%2Fv2%2Fmedia&parent=27107"}],"wp:term":[{"taxonomy":"pwb-brand","embeddable":true,"href":"https:\/\/westbalt.ee\/index.php?rest_route=%2Fwp%2Fv2%2Fpwb-brand&post=27107"},{"taxonomy":"product_brand","embeddable":true,"href":"https:\/\/westbalt.ee\/index.php?rest_route=%2Fwp%2Fv2%2Fproduct_brand&post=27107"},{"taxonomy":"product_cat","embeddable":true,"href":"https:\/\/westbalt.ee\/index.php?rest_route=%2Fwp%2Fv2%2Fproduct_cat&post=27107"},{"taxonomy":"product_tag","embeddable":true,"href":"https:\/\/westbalt.ee\/index.php?rest_route=%2Fwp%2Fv2%2Fproduct_tag&post=27107"}],"curies":[{"name":"wp","href":"https:\/\/api.w.org\/{rel}","templated":true}]}}