{"id":27407,"date":"2022-05-04T17:35:41","date_gmt":"2022-05-04T14:35:41","guid":{"rendered":"https:\/\/westbalt.ee\/?post_type=product&#038;p=27407"},"modified":"2026-03-21T19:52:23","modified_gmt":"2026-03-21T16:52:23","slug":"ampertangid-ut204-400a-ac-dc-true-rms","status":"publish","type":"product","link":"https:\/\/westbalt.ee\/?product=ampertangid-ut204-400a-ac-dc-true-rms","title":{"rendered":"Ampertangid UT204+ 400A AC\/DC (True RMS)"},"content":{"rendered":"<p>Max m\u00f5\u00f5detud kaabli l\u00e4bim\u00f5\u00f5t\t28 mm<br \/>\nKasutatud kuvari t\u00fc\u00fcp\tLCD (6000)<br \/>\nAlalisvoolu m\u00f5\u00f5tepiirkond\t60A\/600A<br \/>\nVahelduvvoolu m\u00f5\u00f5tmise vahemik (1) kaudne m\u00f5\u00f5tmine)\t60A\/600A<br \/>\nAlalisvoolu m\u00f5\u00f5tmise t\u00e4psus\t\u00b1(2,5% + 5 numbrit)<br \/>\nVahelduvvoolu m\u00f5\u00f5tmise t\u00e4psus\t\u00b1(2,5% + 5 numbrit)<br \/>\nAlalispinge m\u00f5\u00f5tepiirkond\t600mV\/6 V \/60V\/600V<br \/>\nAlalispinge m\u00f5\u00f5tmise t\u00e4psus\t\u00b1(0,5% + 2 numbrit)<br \/>\nVahelduvpinge m\u00f5\u00f5tmise vahemik\t6 V \/60V\/600V<br \/>\nVahelduvpinge m\u00f5\u00f5tmise t\u00e4psus\t\u00b1(0,8% + 5 numbrit)<br \/>\nT\u00f5eline efektiivse v\u00e4\u00e4rtuse m\u00f5\u00f5tmine<br \/>\nT\u00f5eline RMS<br \/>\nTakistuse m\u00f5\u00f5tmise vahemik\t600\u03a9 \/6k\u03a9 \/60k\u03a9 \/600k\u03a9 \/6M\u03a9\/60M\u03a9<br \/>\nTakistuse m\u00f5\u00f5tmise t\u00e4psus\t\u00b1(0,8% + 2 numbrit)<br \/>\nSageduse m\u00f5\u00f5tmise vahemik\t10&#8230;10MHz<br \/>\nT\u00f6\u00f6ts\u00fckli tegur\t0.1&#8230;99.9%<br \/>\nJ\u00e4rjepidevuse test\t<10\u03a9,  akustiline n\u00e4it\nDioodi test\n<\/p>\n","protected":false},"excerpt":{"rendered":"<p>M\u00f5\u00f5tmine: vahelduvvool,  vahelduvpinge,  j\u00e4rjepidevus,  alalisvool,  alalispinge,  t\u00f6\u00f6ts\u00fckkel,  sagedus,  temperatuur<br \/>\n\u2022 Automaatne v\u00e4ljal\u00fclitus<br \/>\n\u2022 Autoranging<br \/>\n\u2022 HOLD funktsioon<br \/>\n\u2022 Aku t\u00fchjenemise indikaator<br \/>\n\u2022 \u00dclevoolu indikaator<br \/>\n\u2022 Polaarsuse indikaator<br \/>\n\u2022 REL funktsioon<br \/>\n\u2022 Toiteallikas: R03 AAA 1,5V x2<br \/>\n\u2022 Standardvarustus: kott, testjuhtmed, termopaar<\/p>\n","protected":false},"featured_media":27408,"comment_status":"open","ping_status":"closed","template":"","meta":{"_acf_changed":false,"_monsterinsights_skip_tracking":false,"_monsterinsights_sitenote_active":false,"_monsterinsights_sitenote_note":"","_monsterinsights_sitenote_category":0},"pwb-brand":[2409],"product_brand":[],"product_cat":[299],"product_tag":[],"class_list":{"0":"post-27407","1":"product","2":"type-product","3":"status-publish","4":"has-post-thumbnail","6":"pwb-brand-uni-t","7":"product_cat-ampertangid","9":"first","10":"onbackorder","11":"taxable","12":"shipping-taxable","13":"purchasable","14":"product-type-simple"},"acf":[],"aioseo_notices":[],"jetpack_sharing_enabled":true,"brands":[{"id":2409,"name":"UNI-T","slug":"uni-t"}],"_links":{"self":[{"href":"https:\/\/westbalt.ee\/index.php?rest_route=\/wp\/v2\/product\/27407","targetHints":{"allow":["GET"]}}],"collection":[{"href":"https:\/\/westbalt.ee\/index.php?rest_route=\/wp\/v2\/product"}],"about":[{"href":"https:\/\/westbalt.ee\/index.php?rest_route=\/wp\/v2\/types\/product"}],"replies":[{"embeddable":true,"href":"https:\/\/westbalt.ee\/index.php?rest_route=%2Fwp%2Fv2%2Fcomments&post=27407"}],"wp:featuredmedia":[{"embeddable":true,"href":"https:\/\/westbalt.ee\/index.php?rest_route=\/wp\/v2\/media\/27408"}],"wp:attachment":[{"href":"https:\/\/westbalt.ee\/index.php?rest_route=%2Fwp%2Fv2%2Fmedia&parent=27407"}],"wp:term":[{"taxonomy":"pwb-brand","embeddable":true,"href":"https:\/\/westbalt.ee\/index.php?rest_route=%2Fwp%2Fv2%2Fpwb-brand&post=27407"},{"taxonomy":"product_brand","embeddable":true,"href":"https:\/\/westbalt.ee\/index.php?rest_route=%2Fwp%2Fv2%2Fproduct_brand&post=27407"},{"taxonomy":"product_cat","embeddable":true,"href":"https:\/\/westbalt.ee\/index.php?rest_route=%2Fwp%2Fv2%2Fproduct_cat&post=27407"},{"taxonomy":"product_tag","embeddable":true,"href":"https:\/\/westbalt.ee\/index.php?rest_route=%2Fwp%2Fv2%2Fproduct_tag&post=27407"}],"curies":[{"name":"wp","href":"https:\/\/api.w.org\/{rel}","templated":true}]}}