{"id":27418,"date":"2022-05-05T23:36:52","date_gmt":"2022-05-05T20:36:52","guid":{"rendered":"https:\/\/westbalt.ee\/?post_type=product&#038;p=27418"},"modified":"2026-03-21T19:43:50","modified_gmt":"2026-03-21T16:43:50","slug":"tooriistakohver-15pcs-loikurid-koorijad-kruvikeerajad","status":"publish","type":"product","link":"https:\/\/westbalt.ee\/?product=tooriistakohver-15pcs-loikurid-koorijad-kruvikeerajad","title":{"rendered":"T\u00f6\u00f6riistakohver, 15pcs &#8211; l\u00f5ikurid, koorijad, kruvikeerajad"},"content":{"rendered":"<p>&#8211;<\/p>\n","protected":false},"excerpt":{"rendered":"<p>Insulated Tool Set<br \/>\n15 PIECES SET TOOLS<br \/>\n91LB101 Insulated Pliers 200mm<br \/>\n91LB201 Insulated Nose Pliers 200mm<br \/>\n91LB302 Insulated Diagonal Pliers 160mm<br \/>\n91LB402 Insulated End Stripper Pliers 160mm<br \/>\n93LB101 Insulated Slotted Screwdriver 2.5&#215;75<br \/>\n93LB105 Insulated Slotted Screwdriver 3.0&#215;100<br \/>\n93LB102 Insulated Slotted Screwdriver 4x 100<br \/>\n93LB103 Insulated Slotted Screwdriver 5.5&#215;125<br \/>\n93LB104 Insulated Slotted Screwdriver 6.5X150<br \/>\n93LB201 Insulated Phillips Screwdriver PH0X60<br \/>\n93LB202 Insulated Phillips Screwdriver PHI X80<br \/>\n93LB203 Insulated Phillips Screwdriver PH2x 100<br \/>\n93LB204 Insulated Phillips Screwdriver PH3x 150<br \/>\n95LB003 Insulated Cable Knife (Straight) 50 x 180mm<br \/>\n93LB901 Insulated Voltage Tester 3.0x 70mm<\/p>\n","protected":false},"featured_media":27419,"comment_status":"open","ping_status":"closed","template":"","meta":{"_acf_changed":false,"_monsterinsights_skip_tracking":false,"_monsterinsights_sitenote_active":false,"_monsterinsights_sitenote_note":"","_monsterinsights_sitenote_category":0},"pwb-brand":[],"product_brand":[],"product_cat":[297],"product_tag":[],"class_list":{"0":"post-27418","1":"product","2":"type-product","3":"status-publish","4":"has-post-thumbnail","6":"product_cat-elektriku-tooriistad","8":"first","9":"onbackorder","10":"taxable","11":"shipping-taxable","12":"purchasable","13":"product-type-simple"},"acf":[],"aioseo_notices":[],"jetpack_sharing_enabled":true,"brands":[],"_links":{"self":[{"href":"https:\/\/westbalt.ee\/index.php?rest_route=\/wp\/v2\/product\/27418","targetHints":{"allow":["GET"]}}],"collection":[{"href":"https:\/\/westbalt.ee\/index.php?rest_route=\/wp\/v2\/product"}],"about":[{"href":"https:\/\/westbalt.ee\/index.php?rest_route=\/wp\/v2\/types\/product"}],"replies":[{"embeddable":true,"href":"https:\/\/westbalt.ee\/index.php?rest_route=%2Fwp%2Fv2%2Fcomments&post=27418"}],"wp:featuredmedia":[{"embeddable":true,"href":"https:\/\/westbalt.ee\/index.php?rest_route=\/wp\/v2\/media\/27419"}],"wp:attachment":[{"href":"https:\/\/westbalt.ee\/index.php?rest_route=%2Fwp%2Fv2%2Fmedia&parent=27418"}],"wp:term":[{"taxonomy":"pwb-brand","embeddable":true,"href":"https:\/\/westbalt.ee\/index.php?rest_route=%2Fwp%2Fv2%2Fpwb-brand&post=27418"},{"taxonomy":"product_brand","embeddable":true,"href":"https:\/\/westbalt.ee\/index.php?rest_route=%2Fwp%2Fv2%2Fproduct_brand&post=27418"},{"taxonomy":"product_cat","embeddable":true,"href":"https:\/\/westbalt.ee\/index.php?rest_route=%2Fwp%2Fv2%2Fproduct_cat&post=27418"},{"taxonomy":"product_tag","embeddable":true,"href":"https:\/\/westbalt.ee\/index.php?rest_route=%2Fwp%2Fv2%2Fproduct_tag&post=27418"}],"curies":[{"name":"wp","href":"https:\/\/api.w.org\/{rel}","templated":true}]}}