{"id":27589,"date":"2022-05-29T17:21:22","date_gmt":"2022-05-29T14:21:22","guid":{"rendered":"https:\/\/westbalt.ee\/?post_type=product&#038;p=27589"},"modified":"2026-03-21T19:39:39","modified_gmt":"2026-03-21T16:39:39","slug":"pistik-xt60-isa-2pin-kaablile-30a-500v","status":"publish","type":"product","link":"https:\/\/westbalt.ee\/?product=pistik-xt60-isa-2pin-kaablile-30a-500v","title":{"rendered":"Pistik XT60 isa 2PIN kaablile 30A\/500V"},"content":{"rendered":"<p>Nimipinge:\t500V<br \/>\nNimivool:\t30A<br \/>\nKontaktide arv:\t2<br \/>\nPistiku materjal:\tmessing<br \/>\nKorpuse materjal:\tpol\u00fcamiid<br \/>\nT\u00f6\u00f6temperatuur:\t-20\u00b0C kuni 120\u00b0C<br \/>\nElektriline paigaldus:\tjoodetav<br \/>\nMehhaaniline paigaldus:\tjuhtmele<\/p>\n","protected":false},"excerpt":{"rendered":"<p>Kasutatakse ajamite toiteks liitiumpol\u00fcmeer (LiPo) ja liitium-ioon (Li-ion) akudega. Samuti kasutatavad neid meeleldi elektrijalgrataste konstrueerijad ja tootjad, kasutades neid mootoreid juhtivateks k\u00f5rgvoolu \u00fchendusteks. Kontaktid on tehtud kullatud messingist, t\u00e4nu millele on vastupidavad korrosioonile ja v\u00f5imaldavad juhtida voolu tugevusega kuni 30A.<\/p>\n","protected":false},"featured_media":27590,"comment_status":"open","ping_status":"closed","template":"","meta":{"_acf_changed":false,"_monsterinsights_skip_tracking":false,"_monsterinsights_sitenote_active":false,"_monsterinsights_sitenote_note":"","_monsterinsights_sitenote_category":0},"pwb-brand":[],"product_brand":[],"product_cat":[207],"product_tag":[],"class_list":{"0":"post-27589","1":"product","2":"type-product","3":"status-publish","4":"has-post-thumbnail","6":"product_cat-mitmekontaktilised","8":"first","9":"instock","10":"taxable","11":"shipping-taxable","12":"purchasable","13":"product-type-simple"},"acf":[],"aioseo_notices":[],"jetpack_sharing_enabled":true,"brands":[],"_links":{"self":[{"href":"https:\/\/westbalt.ee\/index.php?rest_route=\/wp\/v2\/product\/27589","targetHints":{"allow":["GET"]}}],"collection":[{"href":"https:\/\/westbalt.ee\/index.php?rest_route=\/wp\/v2\/product"}],"about":[{"href":"https:\/\/westbalt.ee\/index.php?rest_route=\/wp\/v2\/types\/product"}],"replies":[{"embeddable":true,"href":"https:\/\/westbalt.ee\/index.php?rest_route=%2Fwp%2Fv2%2Fcomments&post=27589"}],"wp:featuredmedia":[{"embeddable":true,"href":"https:\/\/westbalt.ee\/index.php?rest_route=\/wp\/v2\/media\/27590"}],"wp:attachment":[{"href":"https:\/\/westbalt.ee\/index.php?rest_route=%2Fwp%2Fv2%2Fmedia&parent=27589"}],"wp:term":[{"taxonomy":"pwb-brand","embeddable":true,"href":"https:\/\/westbalt.ee\/index.php?rest_route=%2Fwp%2Fv2%2Fpwb-brand&post=27589"},{"taxonomy":"product_brand","embeddable":true,"href":"https:\/\/westbalt.ee\/index.php?rest_route=%2Fwp%2Fv2%2Fproduct_brand&post=27589"},{"taxonomy":"product_cat","embeddable":true,"href":"https:\/\/westbalt.ee\/index.php?rest_route=%2Fwp%2Fv2%2Fproduct_cat&post=27589"},{"taxonomy":"product_tag","embeddable":true,"href":"https:\/\/westbalt.ee\/index.php?rest_route=%2Fwp%2Fv2%2Fproduct_tag&post=27589"}],"curies":[{"name":"wp","href":"https:\/\/api.w.org\/{rel}","templated":true}]}}