{"id":27631,"date":"2022-06-08T15:48:54","date_gmt":"2022-06-08T12:48:54","guid":{"rendered":"https:\/\/westbalt.ee\/?post_type=product&#038;p=27631"},"modified":"2026-03-21T19:48:32","modified_gmt":"2026-03-21T16:48:32","slug":"evakuatsioonivalgusti-led-4w-3h-ip65-intelight","status":"publish","type":"product","link":"https:\/\/westbalt.ee\/?product=evakuatsioonivalgusti-led-4w-3h-ip65-intelight","title":{"rendered":"Evakuatsioonivalgusti LED 4W 3h IP65 Intelight"},"content":{"rendered":"<p>3 erinevat piktogrammi komplektis<\/p>\n","protected":false},"excerpt":{"rendered":"<p>Valgusallikas (mitte vahetatav): 4W: 10 x LED<br \/>\nT\u00f6\u00f6re\u017eiim: Pidevl\u00fclitus (M) v\u00f5i Valmisolekul\u00fclitus (NM)<br \/>\nTestimine: MT \u2013 k\u00e4sitsi<br \/>\nAutonoomsus: 3 tundi<br \/>\nAku (vahetatav): Versioon 4W: Ni-MH 1800 mAh \/ 3.6V v\u00f5i Ni-Cd 1800 mAh \/ 3.6V<br \/>\nAku laadimisaeg: v\u00e4hemalt 24 h; esmane laadimine >48h<br \/>\nToite pinge: 220-240V AC 50Hz<br \/>\nValgusvoog: 104 lm<br \/>\nV\u00f5imsus: 4W<br \/>\nN\u00e4htavus: 20 meetrit<br \/>\nKorpuse kaitseaste: IP65<\/p>\n","protected":false},"featured_media":27632,"comment_status":"open","ping_status":"closed","template":"","meta":{"_acf_changed":false,"_monsterinsights_skip_tracking":false,"_monsterinsights_sitenote_active":false,"_monsterinsights_sitenote_note":"","_monsterinsights_sitenote_category":0},"pwb-brand":[],"product_brand":[],"product_cat":[170],"product_tag":[],"class_list":{"0":"post-27631","1":"product","2":"type-product","3":"status-publish","4":"has-post-thumbnail","6":"product_cat-plafoonvalgustid","8":"first","9":"onbackorder","10":"taxable","11":"shipping-taxable","12":"purchasable","13":"product-type-simple"},"acf":[],"aioseo_notices":[],"jetpack_sharing_enabled":true,"brands":[],"_links":{"self":[{"href":"https:\/\/westbalt.ee\/index.php?rest_route=\/wp\/v2\/product\/27631","targetHints":{"allow":["GET"]}}],"collection":[{"href":"https:\/\/westbalt.ee\/index.php?rest_route=\/wp\/v2\/product"}],"about":[{"href":"https:\/\/westbalt.ee\/index.php?rest_route=\/wp\/v2\/types\/product"}],"replies":[{"embeddable":true,"href":"https:\/\/westbalt.ee\/index.php?rest_route=%2Fwp%2Fv2%2Fcomments&post=27631"}],"wp:featuredmedia":[{"embeddable":true,"href":"https:\/\/westbalt.ee\/index.php?rest_route=\/wp\/v2\/media\/27632"}],"wp:attachment":[{"href":"https:\/\/westbalt.ee\/index.php?rest_route=%2Fwp%2Fv2%2Fmedia&parent=27631"}],"wp:term":[{"taxonomy":"pwb-brand","embeddable":true,"href":"https:\/\/westbalt.ee\/index.php?rest_route=%2Fwp%2Fv2%2Fpwb-brand&post=27631"},{"taxonomy":"product_brand","embeddable":true,"href":"https:\/\/westbalt.ee\/index.php?rest_route=%2Fwp%2Fv2%2Fproduct_brand&post=27631"},{"taxonomy":"product_cat","embeddable":true,"href":"https:\/\/westbalt.ee\/index.php?rest_route=%2Fwp%2Fv2%2Fproduct_cat&post=27631"},{"taxonomy":"product_tag","embeddable":true,"href":"https:\/\/westbalt.ee\/index.php?rest_route=%2Fwp%2Fv2%2Fproduct_tag&post=27631"}],"curies":[{"name":"wp","href":"https:\/\/api.w.org\/{rel}","templated":true}]}}