{"id":27637,"date":"2022-06-09T15:47:13","date_gmt":"2022-06-09T12:47:13","guid":{"rendered":"https:\/\/westbalt.ee\/?post_type=product&#038;p=27637"},"modified":"2026-03-21T19:52:38","modified_gmt":"2026-03-21T16:52:38","slug":"pistik-16a-5p-ip44-faasi-vahetusega-maxpro","status":"publish","type":"product","link":"https:\/\/westbalt.ee\/?product=pistik-16a-5p-ip44-faasi-vahetusega-maxpro","title":{"rendered":"Pistik 16A 5P IP44 faasi vahetusega MaxPro"},"content":{"rendered":"<p>&#8211;<\/p>\n","protected":false},"excerpt":{"rendered":"<p>Kaitseklass:\tIP44<br \/>\nKonnektori konfiguratsioon:\t3P+N+PE (6H)<br \/>\nElektripaigaldus: kruviklemm<br \/>\nKontaktmaterjal:\tnikeldatud messing<br \/>\nKaabli v\u00e4lisl\u00e4bim\u00f5\u00f5t:\t8&#8230;16mm<br \/>\nNimipinge:\t400 VAC<br \/>\nJuhtme ristl\u00f5ige:\t1&#8230;2,5 mm 2<\/p>\n","protected":false},"featured_media":27638,"comment_status":"open","ping_status":"closed","template":"","meta":{"_acf_changed":false,"_monsterinsights_skip_tracking":false,"_monsterinsights_sitenote_active":false,"_monsterinsights_sitenote_note":"","_monsterinsights_sitenote_category":0},"pwb-brand":[],"product_brand":[],"product_cat":[273],"product_tag":[],"class_list":{"0":"post-27637","1":"product","2":"type-product","3":"status-publish","4":"has-post-thumbnail","6":"product_cat-j-upistikud","8":"first","9":"instock","10":"taxable","11":"shipping-taxable","12":"purchasable","13":"product-type-simple"},"acf":[],"aioseo_notices":[],"jetpack_sharing_enabled":true,"brands":[],"_links":{"self":[{"href":"https:\/\/westbalt.ee\/index.php?rest_route=\/wp\/v2\/product\/27637","targetHints":{"allow":["GET"]}}],"collection":[{"href":"https:\/\/westbalt.ee\/index.php?rest_route=\/wp\/v2\/product"}],"about":[{"href":"https:\/\/westbalt.ee\/index.php?rest_route=\/wp\/v2\/types\/product"}],"replies":[{"embeddable":true,"href":"https:\/\/westbalt.ee\/index.php?rest_route=%2Fwp%2Fv2%2Fcomments&post=27637"}],"wp:featuredmedia":[{"embeddable":true,"href":"https:\/\/westbalt.ee\/index.php?rest_route=\/wp\/v2\/media\/27638"}],"wp:attachment":[{"href":"https:\/\/westbalt.ee\/index.php?rest_route=%2Fwp%2Fv2%2Fmedia&parent=27637"}],"wp:term":[{"taxonomy":"pwb-brand","embeddable":true,"href":"https:\/\/westbalt.ee\/index.php?rest_route=%2Fwp%2Fv2%2Fpwb-brand&post=27637"},{"taxonomy":"product_brand","embeddable":true,"href":"https:\/\/westbalt.ee\/index.php?rest_route=%2Fwp%2Fv2%2Fproduct_brand&post=27637"},{"taxonomy":"product_cat","embeddable":true,"href":"https:\/\/westbalt.ee\/index.php?rest_route=%2Fwp%2Fv2%2Fproduct_cat&post=27637"},{"taxonomy":"product_tag","embeddable":true,"href":"https:\/\/westbalt.ee\/index.php?rest_route=%2Fwp%2Fv2%2Fproduct_tag&post=27637"}],"curies":[{"name":"wp","href":"https:\/\/api.w.org\/{rel}","templated":true}]}}