{"id":27644,"date":"2022-06-09T17:52:22","date_gmt":"2022-06-09T14:52:22","guid":{"rendered":"https:\/\/westbalt.ee\/?post_type=product&#038;p=27644"},"modified":"2026-03-21T19:49:30","modified_gmt":"2026-03-21T16:49:30","slug":"vandaalikindel-nupp-16mm-spst-no-2a-36v-hobe","status":"publish","type":"product","link":"https:\/\/westbalt.ee\/?product=vandaalikindel-nupp-16mm-spst-no-2a-36v-hobe","title":{"rendered":"Vandaalikindel nupp 16mm SPST-NO; 2A \/ 36V h\u00f5be"},"content":{"rendered":"<p>&#8211;<\/p>\n","protected":false},"excerpt":{"rendered":"<p>\u2022 Kontaktide konfiguratsioon \tSPST-NO; 0,5A \/ 220V AC (2A\/36V DC)<br \/>\n\u2022 IP kaitseaste: IP65<br \/>\n\u2022 Mittefikseeruv ON-(OFF)<br \/>\n\u2022 Kruviklemmid<br \/>\n\u2022 T\u00f6\u00f6temperatuur\t-20&#8230;55\u00b0C<br \/>\n\u2022 Elektriline eluiga\t200 000 ts\u00fcklit<br \/>\n\u2022 Max kontakti takistus:\t50 m\u03a9<br \/>\n\u2022 Tegevusj\u00f5ud\t4N<br \/>\n\u2022 Mehaaniline vastupidavus\t1000000 ts\u00fcklit<br \/>\n\u2022 Paigaldusava l\u00e4bim\u00f5\u00f5t\t\u00d816 mm<br \/>\n\u2022 Korpuse materjal:\troostevaba teras<br \/>\n\u2022 Kontaktmaterjal:\th\u00f5beda sulam<\/p>\n","protected":false},"featured_media":27645,"comment_status":"open","ping_status":"closed","template":"","meta":{"_acf_changed":false,"_monsterinsights_skip_tracking":false,"_monsterinsights_sitenote_active":false,"_monsterinsights_sitenote_note":"","_monsterinsights_sitenote_category":0},"pwb-brand":[],"product_brand":[],"product_cat":[2408],"product_tag":[],"class_list":{"0":"post-27644","1":"product","2":"type-product","3":"status-publish","4":"has-post-thumbnail","6":"product_cat-maaramata","8":"first","9":"instock","10":"taxable","11":"shipping-taxable","12":"purchasable","13":"product-type-simple"},"acf":[],"aioseo_notices":[],"jetpack_sharing_enabled":true,"brands":[],"_links":{"self":[{"href":"https:\/\/westbalt.ee\/index.php?rest_route=\/wp\/v2\/product\/27644","targetHints":{"allow":["GET"]}}],"collection":[{"href":"https:\/\/westbalt.ee\/index.php?rest_route=\/wp\/v2\/product"}],"about":[{"href":"https:\/\/westbalt.ee\/index.php?rest_route=\/wp\/v2\/types\/product"}],"replies":[{"embeddable":true,"href":"https:\/\/westbalt.ee\/index.php?rest_route=%2Fwp%2Fv2%2Fcomments&post=27644"}],"wp:featuredmedia":[{"embeddable":true,"href":"https:\/\/westbalt.ee\/index.php?rest_route=\/wp\/v2\/media\/27645"}],"wp:attachment":[{"href":"https:\/\/westbalt.ee\/index.php?rest_route=%2Fwp%2Fv2%2Fmedia&parent=27644"}],"wp:term":[{"taxonomy":"pwb-brand","embeddable":true,"href":"https:\/\/westbalt.ee\/index.php?rest_route=%2Fwp%2Fv2%2Fpwb-brand&post=27644"},{"taxonomy":"product_brand","embeddable":true,"href":"https:\/\/westbalt.ee\/index.php?rest_route=%2Fwp%2Fv2%2Fproduct_brand&post=27644"},{"taxonomy":"product_cat","embeddable":true,"href":"https:\/\/westbalt.ee\/index.php?rest_route=%2Fwp%2Fv2%2Fproduct_cat&post=27644"},{"taxonomy":"product_tag","embeddable":true,"href":"https:\/\/westbalt.ee\/index.php?rest_route=%2Fwp%2Fv2%2Fproduct_tag&post=27644"}],"curies":[{"name":"wp","href":"https:\/\/api.w.org\/{rel}","templated":true}]}}