{"id":27665,"date":"2022-06-15T00:42:21","date_gmt":"2022-06-14T21:42:21","guid":{"rendered":"https:\/\/westbalt.ee\/?post_type=product&#038;p=27665"},"modified":"2026-03-21T19:44:48","modified_gmt":"2026-03-21T16:44:48","slug":"kandelamp-led-laetav-400-lm-microusb-magnetiga","status":"publish","type":"product","link":"https:\/\/westbalt.ee\/?product=kandelamp-led-laetav-400-lm-microusb-magnetiga","title":{"rendered":"Kandelamp LED, laetav, 400 lm, microUSB, magnetiga"},"content":{"rendered":"<table class=\"table-params margin-bottom-20\">\n<tbody>\n<tr>\n<th>Pritsmekindel<\/th>\n<td>jah (IP43)<\/td>\n<\/tr>\n<tr>\n<th>Materjal<\/th>\n<td>plastik + kumm<\/td>\n<\/tr>\n<tr>\n<th>K\u00e4itusaeg<\/th>\n<td>3-8,5 tundi<\/td>\n<\/tr>\n<tr>\n<th>K\u00e4itusaja detail<\/th>\n<td>COB LED 100 % \u2013 3 tundi, COB LED 50 % \u2013 8,5 tundi, LED 100 % \u2013 7,5 tundi<\/td>\n<\/tr>\n<tr>\n<th>Laadimisaeg<\/th>\n<td>3 tundi<\/td>\n<\/tr>\n<tr>\n<th>L\u00f6\u00f6gikindlus<\/th>\n<td>jah<\/td>\n<\/tr>\n<tr>\n<th>V\u00e4rv<\/th>\n<td>must-roheline<\/td>\n<\/tr>\n<tr>\n<th>Valguse v\u00e4ljund<\/th>\n<td>COB LED 100 % \u2013 400 lm, COB LED 50 % \u2013 120 lm, LED 100 % \u2013 120 lm<\/td>\n<\/tr>\n<tr>\n<th>Valgusallikas<\/th>\n<td>COB LED + LED<\/td>\n<\/tr>\n<tr>\n<th>Kiire kaugus<\/th>\n<td>COB LED 100 % \u2013 30 m, COB LED 50 % \u2013 15 m, LED 100 % \u2013 40 m<\/td>\n<\/tr>\n<tr>\n<th>Aku t\u00fc\u00fcp<\/th>\n<td>2000 mAh \/ 3,7 V<\/td>\n<\/tr>\n<tr>\n<th>Valgustusre\u017eiimide arv<\/th>\n<td>3<\/td>\n<\/tr>\n<tr>\n<th>Toitepistiku t\u00fc\u00fcp<\/th>\n<td>mikro-USB B<\/td>\n<\/tr>\n<tr>\n<th>Aku kaasas<\/th>\n<td>jah<\/td>\n<\/tr>\n<tr>\n<th>LED indikaator aku oleku kohta<\/th>\n<td>jah<\/td>\n<\/tr>\n<tr>\n<th>Valgustusre\u017eiimid<\/th>\n<td>COB LED 100 %, COB LED 50 %, LED 100 %<\/td>\n<\/tr>\n<tr>\n<th>Laadimisprotsessi LED indikaator<\/th>\n<td>jah<\/td>\n<\/tr>\n<tr>\n<th>Tarvikud<\/th>\n<td>USB-kaabel<\/td>\n<\/tr>\n<tr>\n<th>Eriomadused<\/th>\n<td>kiirl\u00fcliti SISSE\/V\u00c4LJA, aku kaitse, p\u00f6\u00f6rlev k\u00e4epide, klamber, 1\u00d7 konks, 1\u00d7 magnet<\/td>\n<\/tr>\n<\/tbody>\n<\/table>\n","protected":false},"excerpt":{"rendered":"<p>\u2022 aku Li-Ion<br \/>\n\u2022 maksimaalne valgustugevus 400 lm<br \/>\n\u2022 valgusvihu maksimaalne kaugus 40 m<\/p>\n","protected":false},"featured_media":27666,"comment_status":"open","ping_status":"closed","template":"","meta":{"_acf_changed":false,"_monsterinsights_skip_tracking":false,"_monsterinsights_sitenote_active":false,"_monsterinsights_sitenote_note":"","_monsterinsights_sitenote_category":0},"pwb-brand":[2437],"product_brand":[],"product_cat":[161],"product_tag":[],"class_list":{"0":"post-27665","1":"product","2":"type-product","3":"status-publish","4":"has-post-thumbnail","6":"pwb-brand-emos","7":"product_cat-taskulambid-kandelambid","9":"first","10":"instock","11":"taxable","12":"shipping-taxable","13":"purchasable","14":"product-type-simple"},"acf":[],"aioseo_notices":[],"jetpack_sharing_enabled":true,"brands":[{"id":2437,"name":"EMOS","slug":"emos"}],"_links":{"self":[{"href":"https:\/\/westbalt.ee\/index.php?rest_route=\/wp\/v2\/product\/27665","targetHints":{"allow":["GET"]}}],"collection":[{"href":"https:\/\/westbalt.ee\/index.php?rest_route=\/wp\/v2\/product"}],"about":[{"href":"https:\/\/westbalt.ee\/index.php?rest_route=\/wp\/v2\/types\/product"}],"replies":[{"embeddable":true,"href":"https:\/\/westbalt.ee\/index.php?rest_route=%2Fwp%2Fv2%2Fcomments&post=27665"}],"wp:featuredmedia":[{"embeddable":true,"href":"https:\/\/westbalt.ee\/index.php?rest_route=\/wp\/v2\/media\/27666"}],"wp:attachment":[{"href":"https:\/\/westbalt.ee\/index.php?rest_route=%2Fwp%2Fv2%2Fmedia&parent=27665"}],"wp:term":[{"taxonomy":"pwb-brand","embeddable":true,"href":"https:\/\/westbalt.ee\/index.php?rest_route=%2Fwp%2Fv2%2Fpwb-brand&post=27665"},{"taxonomy":"product_brand","embeddable":true,"href":"https:\/\/westbalt.ee\/index.php?rest_route=%2Fwp%2Fv2%2Fproduct_brand&post=27665"},{"taxonomy":"product_cat","embeddable":true,"href":"https:\/\/westbalt.ee\/index.php?rest_route=%2Fwp%2Fv2%2Fproduct_cat&post=27665"},{"taxonomy":"product_tag","embeddable":true,"href":"https:\/\/westbalt.ee\/index.php?rest_route=%2Fwp%2Fv2%2Fproduct_tag&post=27665"}],"curies":[{"name":"wp","href":"https:\/\/api.w.org\/{rel}","templated":true}]}}