{"id":27786,"date":"2022-07-01T12:40:56","date_gmt":"2022-07-01T09:40:56","guid":{"rendered":"https:\/\/westbalt.ee\/?post_type=product&#038;p=27786"},"modified":"2026-03-21T19:50:49","modified_gmt":"2026-03-21T16:50:49","slug":"m22-dr-x-surunupp-fikseeruv-ilma-katteta","status":"publish","type":"product","link":"https:\/\/westbalt.ee\/?product=m22-dr-x-surunupp-fikseeruv-ilma-katteta","title":{"rendered":"M22-DR-X Surunupp fikseeruv, ilma katteta"},"content":{"rendered":"<p><img decoding=\"async\" src=\"https:\/\/westbalt.ee\/wp-content\/uploads\/2014\/09\/pdf.png\" alt=\"\" width=\"26\" height=\"26\" class=\"alignnone size-full wp-image-21314\" \/>&nbsp;<a href=\"http:\/\/www.westbalt.ee\/catalog\/pdf\/m22_.pdf\" target=\"_blank\" rel=\"noopener\">m22_.pdf<\/a><\/p>\n<p>https:\/\/westbalt.ee\/wp-admin\/edit.php?post_type=product&#038;action=duplicate_product&#038;post=27778&#038;_wpnonce=50344fd24c<\/p>\n","protected":false},"excerpt":{"rendered":"<p>Indikaatorlambi v\u00f5imalus<br \/>\nIP reiting\tIP67<br \/>\nPaigaldusava l\u00e4bim\u00f5\u00f5t\t\u00d8 22 mm<br \/>\nT\u00f6\u00f6temperatuur\t-25&#8230;70\u00b0C<\/p>\n","protected":false},"featured_media":27780,"comment_status":"open","ping_status":"closed","template":"","meta":{"_acf_changed":false,"_monsterinsights_skip_tracking":false,"_monsterinsights_sitenote_active":false,"_monsterinsights_sitenote_note":"","_monsterinsights_sitenote_category":0},"pwb-brand":[2444],"product_brand":[],"product_cat":[256],"product_tag":[],"class_list":{"0":"post-27786","1":"product","2":"type-product","3":"status-publish","4":"has-post-thumbnail","6":"pwb-brand-eaton","7":"product_cat-lulitid-surunupud","9":"first","10":"instock","11":"taxable","12":"shipping-taxable","13":"purchasable","14":"product-type-simple"},"acf":[],"aioseo_notices":[],"jetpack_sharing_enabled":true,"brands":[{"id":2444,"name":"EATON","slug":"eaton"}],"_links":{"self":[{"href":"https:\/\/westbalt.ee\/index.php?rest_route=\/wp\/v2\/product\/27786","targetHints":{"allow":["GET"]}}],"collection":[{"href":"https:\/\/westbalt.ee\/index.php?rest_route=\/wp\/v2\/product"}],"about":[{"href":"https:\/\/westbalt.ee\/index.php?rest_route=\/wp\/v2\/types\/product"}],"replies":[{"embeddable":true,"href":"https:\/\/westbalt.ee\/index.php?rest_route=%2Fwp%2Fv2%2Fcomments&post=27786"}],"wp:featuredmedia":[{"embeddable":true,"href":"https:\/\/westbalt.ee\/index.php?rest_route=\/wp\/v2\/media\/27780"}],"wp:attachment":[{"href":"https:\/\/westbalt.ee\/index.php?rest_route=%2Fwp%2Fv2%2Fmedia&parent=27786"}],"wp:term":[{"taxonomy":"pwb-brand","embeddable":true,"href":"https:\/\/westbalt.ee\/index.php?rest_route=%2Fwp%2Fv2%2Fpwb-brand&post=27786"},{"taxonomy":"product_brand","embeddable":true,"href":"https:\/\/westbalt.ee\/index.php?rest_route=%2Fwp%2Fv2%2Fproduct_brand&post=27786"},{"taxonomy":"product_cat","embeddable":true,"href":"https:\/\/westbalt.ee\/index.php?rest_route=%2Fwp%2Fv2%2Fproduct_cat&post=27786"},{"taxonomy":"product_tag","embeddable":true,"href":"https:\/\/westbalt.ee\/index.php?rest_route=%2Fwp%2Fv2%2Fproduct_tag&post=27786"}],"curies":[{"name":"wp","href":"https:\/\/api.w.org\/{rel}","templated":true}]}}