{"id":27849,"date":"2022-07-13T14:40:48","date_gmt":"2022-07-13T11:40:48","guid":{"rendered":"https:\/\/westbalt.ee\/?post_type=product&#038;p=27849"},"modified":"2026-03-21T19:40:53","modified_gmt":"2026-03-21T16:40:53","slug":"klahvluliti-sp3t-on-off-on-10a-250vac-must","status":"publish","type":"product","link":"https:\/\/westbalt.ee\/?product=klahvluliti-sp3t-on-off-on-10a-250vac-must","title":{"rendered":"Klahvl\u00fcliti SP3T; (ON)-OFF-(ON); 10A\/250VAC; must"},"content":{"rendered":"<p>&#8211;<\/p>\n","protected":false},"excerpt":{"rendered":"<p>\u2022 2 mittefikseeruvat asendit + 1 fiks. asend<br \/>\n\u2022 Kontaktide konfiguratsioon \tSP3T<br \/>\n\u2022 Kontaktide vool (takistuslikul koormusel)\t10A \/ 250V AC<br \/>\n\u2022 T\u00f6\u00f6temperatuur\t-20&#8230;85\u00b0C<br \/>\n\u2022 Elektriline eluiga\t6000 ts\u00fcklit<br \/>\n\u2022 Paigaldusava l\u00e4bim\u00f5\u00f5t\t\u00d8 20,2 mm<br \/>\n\u2022 Pistikud 4,8&#215;0,8mm<\/p>\n","protected":false},"featured_media":27850,"comment_status":"open","ping_status":"closed","template":"","meta":{"_acf_changed":false,"_monsterinsights_skip_tracking":false,"_monsterinsights_sitenote_active":false,"_monsterinsights_sitenote_note":"","_monsterinsights_sitenote_category":0},"pwb-brand":[],"product_brand":[],"product_cat":[246],"product_tag":[],"class_list":{"0":"post-27849","1":"product","2":"type-product","3":"status-publish","4":"has-post-thumbnail","6":"product_cat-klahvlulitid","8":"first","9":"onbackorder","10":"taxable","11":"shipping-taxable","12":"purchasable","13":"product-type-simple"},"acf":[],"aioseo_notices":[],"jetpack_sharing_enabled":true,"brands":[],"_links":{"self":[{"href":"https:\/\/westbalt.ee\/index.php?rest_route=\/wp\/v2\/product\/27849","targetHints":{"allow":["GET"]}}],"collection":[{"href":"https:\/\/westbalt.ee\/index.php?rest_route=\/wp\/v2\/product"}],"about":[{"href":"https:\/\/westbalt.ee\/index.php?rest_route=\/wp\/v2\/types\/product"}],"replies":[{"embeddable":true,"href":"https:\/\/westbalt.ee\/index.php?rest_route=%2Fwp%2Fv2%2Fcomments&post=27849"}],"wp:featuredmedia":[{"embeddable":true,"href":"https:\/\/westbalt.ee\/index.php?rest_route=\/wp\/v2\/media\/27850"}],"wp:attachment":[{"href":"https:\/\/westbalt.ee\/index.php?rest_route=%2Fwp%2Fv2%2Fmedia&parent=27849"}],"wp:term":[{"taxonomy":"pwb-brand","embeddable":true,"href":"https:\/\/westbalt.ee\/index.php?rest_route=%2Fwp%2Fv2%2Fpwb-brand&post=27849"},{"taxonomy":"product_brand","embeddable":true,"href":"https:\/\/westbalt.ee\/index.php?rest_route=%2Fwp%2Fv2%2Fproduct_brand&post=27849"},{"taxonomy":"product_cat","embeddable":true,"href":"https:\/\/westbalt.ee\/index.php?rest_route=%2Fwp%2Fv2%2Fproduct_cat&post=27849"},{"taxonomy":"product_tag","embeddable":true,"href":"https:\/\/westbalt.ee\/index.php?rest_route=%2Fwp%2Fv2%2Fproduct_tag&post=27849"}],"curies":[{"name":"wp","href":"https:\/\/api.w.org\/{rel}","templated":true}]}}