{"id":28043,"date":"2022-08-30T22:42:32","date_gmt":"2022-08-30T19:42:32","guid":{"rendered":"https:\/\/westbalt.ee\/?post_type=product&#038;p=28043"},"modified":"2026-03-21T19:48:22","modified_gmt":"2026-03-21T16:48:22","slug":"kaugjuhitavad-lulitid-3-vastuvotjat-comfort-line-mini","status":"publish","type":"product","link":"https:\/\/westbalt.ee\/?product=kaugjuhitavad-lulitid-3-vastuvotjat-comfort-line-mini","title":{"rendered":"Kaugjuhitavad l\u00fclitid &#8211; 3 vastuv\u00f5tjat &#8211; Comfort-Line mini"},"content":{"rendered":"<p>&#8211;<\/p>\n","protected":false},"excerpt":{"rendered":"<p>\u2022 Puldiga juhitavad pistikupesad siseruumides asuvate elektroonikaseadmete ja valgustite mugavaks sisse- ja v\u00e4ljal\u00fclitamiseks maksimaalse v\u00f5imsusega 2300 W iga pistikupesa kohta.<br \/>\n\u2022 3-kanaliline kaugjuhtimispult (433,92 MHz) \u00fcksikute v\u00f5i mitme vastuv\u00f5tja samaaegseks juhtimiseks \u2013 ulatus kuni 25 m. T\u00f6\u00f6raadius s\u00f5ltub asukohast ruumis ning hoone ehitusmaterjalidest.<br \/>\n\u2022 Lihtne ja paindlik kasutamine t\u00e4nu ise\u00f5ppivale kodeerimisele.<br \/>\n\u2022 Lastekaitsega pistikupesad.<br \/>\n\u2022 Tarnekomplekt: 3x vastuv\u00f5tjat, 1x kaugjuhtimispult, 1x CR2032 t\u00fc\u00fcpi patarei.<\/p>\n","protected":false},"featured_media":28046,"comment_status":"open","ping_status":"closed","template":"","meta":{"_acf_changed":false,"_monsterinsights_skip_tracking":false,"_monsterinsights_sitenote_active":false,"_monsterinsights_sitenote_note":"","_monsterinsights_sitenote_category":0},"pwb-brand":[2448],"product_brand":[],"product_cat":[334],"product_tag":[],"class_list":{"0":"post-28043","1":"product","2":"type-product","3":"status-publish","4":"has-post-thumbnail","6":"pwb-brand-brennenstuhl","7":"product_cat-muud-seadmed","8":"pa_varv-valge","10":"first","11":"instock","12":"taxable","13":"shipping-taxable","14":"purchasable","15":"product-type-simple"},"acf":[],"aioseo_notices":[],"jetpack_sharing_enabled":true,"brands":[{"id":2448,"name":"BRENNENSTUHL","slug":"brennenstuhl"}],"_links":{"self":[{"href":"https:\/\/westbalt.ee\/index.php?rest_route=\/wp\/v2\/product\/28043","targetHints":{"allow":["GET"]}}],"collection":[{"href":"https:\/\/westbalt.ee\/index.php?rest_route=\/wp\/v2\/product"}],"about":[{"href":"https:\/\/westbalt.ee\/index.php?rest_route=\/wp\/v2\/types\/product"}],"replies":[{"embeddable":true,"href":"https:\/\/westbalt.ee\/index.php?rest_route=%2Fwp%2Fv2%2Fcomments&post=28043"}],"wp:featuredmedia":[{"embeddable":true,"href":"https:\/\/westbalt.ee\/index.php?rest_route=\/wp\/v2\/media\/28046"}],"wp:attachment":[{"href":"https:\/\/westbalt.ee\/index.php?rest_route=%2Fwp%2Fv2%2Fmedia&parent=28043"}],"wp:term":[{"taxonomy":"pwb-brand","embeddable":true,"href":"https:\/\/westbalt.ee\/index.php?rest_route=%2Fwp%2Fv2%2Fpwb-brand&post=28043"},{"taxonomy":"product_brand","embeddable":true,"href":"https:\/\/westbalt.ee\/index.php?rest_route=%2Fwp%2Fv2%2Fproduct_brand&post=28043"},{"taxonomy":"product_cat","embeddable":true,"href":"https:\/\/westbalt.ee\/index.php?rest_route=%2Fwp%2Fv2%2Fproduct_cat&post=28043"},{"taxonomy":"product_tag","embeddable":true,"href":"https:\/\/westbalt.ee\/index.php?rest_route=%2Fwp%2Fv2%2Fproduct_tag&post=28043"}],"curies":[{"name":"wp","href":"https:\/\/api.w.org\/{rel}","templated":true}]}}