{"id":28120,"date":"2022-09-08T23:58:07","date_gmt":"2022-09-08T20:58:07","guid":{"rendered":"https:\/\/westbalt.ee\/?post_type=product&#038;p=28120"},"modified":"2026-03-21T19:48:05","modified_gmt":"2026-03-21T16:48:05","slug":"laua-sisse-suvistatav-pistikupesa-1p-16a-schuko-usb-5v-2-4a","status":"publish","type":"product","link":"https:\/\/westbalt.ee\/?product=laua-sisse-suvistatav-pistikupesa-1p-16a-schuko-usb-5v-2-4a","title":{"rendered":"Laua sisse s\u00fcvistatav pistikupesa 1P 16A SCHUKO + USB 5V\/2.4A"},"content":{"rendered":"<p>Paigaldamine t\u00f6\u00f6lauale on v\u00e4ga lihtne &#8211; lihtsalt puurige 60 mm l\u00e4bim\u00f5\u00f5duga auk, sisestage pikendusjuhe ja kinnitage see plastr\u00f5ngaga. Toode tarnitakse koos 1,5-meetrise toitejuhtmega.<\/p>\n","protected":false},"excerpt":{"rendered":"<p>Kompaktne disain. Alumiiniumist.<\/p>\n","protected":false},"featured_media":28121,"comment_status":"open","ping_status":"closed","template":"","meta":{"_acf_changed":false,"_monsterinsights_skip_tracking":false,"_monsterinsights_sitenote_active":false,"_monsterinsights_sitenote_note":"","_monsterinsights_sitenote_category":0},"pwb-brand":[2445],"product_brand":[],"product_cat":[272],"product_tag":[],"class_list":{"0":"post-28120","1":"product","2":"type-product","3":"status-publish","4":"has-post-thumbnail","6":"pwb-brand-gtv","7":"product_cat-pikendusjuhtmed","9":"first","10":"onbackorder","11":"taxable","12":"shipping-taxable","13":"purchasable","14":"product-type-simple"},"acf":[],"aioseo_notices":[],"jetpack_sharing_enabled":true,"brands":[{"id":2445,"name":"GTV","slug":"gtv"}],"_links":{"self":[{"href":"https:\/\/westbalt.ee\/index.php?rest_route=\/wp\/v2\/product\/28120","targetHints":{"allow":["GET"]}}],"collection":[{"href":"https:\/\/westbalt.ee\/index.php?rest_route=\/wp\/v2\/product"}],"about":[{"href":"https:\/\/westbalt.ee\/index.php?rest_route=\/wp\/v2\/types\/product"}],"replies":[{"embeddable":true,"href":"https:\/\/westbalt.ee\/index.php?rest_route=%2Fwp%2Fv2%2Fcomments&post=28120"}],"wp:featuredmedia":[{"embeddable":true,"href":"https:\/\/westbalt.ee\/index.php?rest_route=\/wp\/v2\/media\/28121"}],"wp:attachment":[{"href":"https:\/\/westbalt.ee\/index.php?rest_route=%2Fwp%2Fv2%2Fmedia&parent=28120"}],"wp:term":[{"taxonomy":"pwb-brand","embeddable":true,"href":"https:\/\/westbalt.ee\/index.php?rest_route=%2Fwp%2Fv2%2Fpwb-brand&post=28120"},{"taxonomy":"product_brand","embeddable":true,"href":"https:\/\/westbalt.ee\/index.php?rest_route=%2Fwp%2Fv2%2Fproduct_brand&post=28120"},{"taxonomy":"product_cat","embeddable":true,"href":"https:\/\/westbalt.ee\/index.php?rest_route=%2Fwp%2Fv2%2Fproduct_cat&post=28120"},{"taxonomy":"product_tag","embeddable":true,"href":"https:\/\/westbalt.ee\/index.php?rest_route=%2Fwp%2Fv2%2Fproduct_tag&post=28120"}],"curies":[{"name":"wp","href":"https:\/\/api.w.org\/{rel}","templated":true}]}}