{"id":28143,"date":"2022-09-14T00:40:02","date_gmt":"2022-09-13T21:40:02","guid":{"rendered":"https:\/\/westbalt.ee\/?post_type=product&#038;p=28143"},"modified":"2026-03-21T19:45:27","modified_gmt":"2026-03-21T16:45:27","slug":"kaabli-loikurid-d22mm-hogert-450mm","status":"publish","type":"product","link":"https:\/\/westbalt.ee\/?product=kaabli-loikurid-d22mm-hogert-450mm","title":{"rendered":"Kaabli l\u00f5ikurid D=22mm H\u00f6gert 450mm"},"content":{"rendered":"<p>&#8211;<\/p>\n","protected":false},"excerpt":{"rendered":"<p>K\u00e4\u00e4rid alumiiniumist ja vasest \u00fche- ja mitmesooneliste kaablite l\u00f5ikamiseks.<br \/>\n\u2022 k\u00f5rgekvaliteedilisest kroom-vanaadiumi legeerterasest l\u00f5iketerad;<br \/>\n\u2022 profileeritud k\u00e4epidemed;<br \/>\n\u2022 maksimaalne kaabli l\u00e4bim\u00f5\u00f5t on 22\u201326 mm<\/p>\n","protected":false},"featured_media":28144,"comment_status":"open","ping_status":"closed","template":"","meta":{"_acf_changed":false,"_monsterinsights_skip_tracking":false,"_monsterinsights_sitenote_active":false,"_monsterinsights_sitenote_note":"","_monsterinsights_sitenote_category":0},"pwb-brand":[],"product_brand":[],"product_cat":[297],"product_tag":[],"class_list":{"0":"post-28143","1":"product","2":"type-product","3":"status-publish","4":"has-post-thumbnail","6":"product_cat-elektriku-tooriistad","8":"first","9":"instock","10":"taxable","11":"shipping-taxable","12":"purchasable","13":"product-type-simple"},"acf":[],"aioseo_notices":[],"jetpack_sharing_enabled":true,"brands":[],"_links":{"self":[{"href":"https:\/\/westbalt.ee\/index.php?rest_route=\/wp\/v2\/product\/28143","targetHints":{"allow":["GET"]}}],"collection":[{"href":"https:\/\/westbalt.ee\/index.php?rest_route=\/wp\/v2\/product"}],"about":[{"href":"https:\/\/westbalt.ee\/index.php?rest_route=\/wp\/v2\/types\/product"}],"replies":[{"embeddable":true,"href":"https:\/\/westbalt.ee\/index.php?rest_route=%2Fwp%2Fv2%2Fcomments&post=28143"}],"wp:featuredmedia":[{"embeddable":true,"href":"https:\/\/westbalt.ee\/index.php?rest_route=\/wp\/v2\/media\/28144"}],"wp:attachment":[{"href":"https:\/\/westbalt.ee\/index.php?rest_route=%2Fwp%2Fv2%2Fmedia&parent=28143"}],"wp:term":[{"taxonomy":"pwb-brand","embeddable":true,"href":"https:\/\/westbalt.ee\/index.php?rest_route=%2Fwp%2Fv2%2Fpwb-brand&post=28143"},{"taxonomy":"product_brand","embeddable":true,"href":"https:\/\/westbalt.ee\/index.php?rest_route=%2Fwp%2Fv2%2Fproduct_brand&post=28143"},{"taxonomy":"product_cat","embeddable":true,"href":"https:\/\/westbalt.ee\/index.php?rest_route=%2Fwp%2Fv2%2Fproduct_cat&post=28143"},{"taxonomy":"product_tag","embeddable":true,"href":"https:\/\/westbalt.ee\/index.php?rest_route=%2Fwp%2Fv2%2Fproduct_tag&post=28143"}],"curies":[{"name":"wp","href":"https:\/\/api.w.org\/{rel}","templated":true}]}}