{"id":28151,"date":"2022-09-14T22:56:47","date_gmt":"2022-09-14T19:56:47","guid":{"rendered":"https:\/\/westbalt.ee\/?post_type=product&#038;p=28151"},"modified":"2026-03-21T19:48:03","modified_gmt":"2026-03-21T16:48:03","slug":"kaabli-puhastaja-loikur-pigistaja-005-100-mm2","status":"publish","type":"product","link":"https:\/\/westbalt.ee\/?product=kaabli-puhastaja-loikur-pigistaja-005-100-mm2","title":{"rendered":"Kaabli puhastaja \/ l\u00f5ikur \/ pigistaja 0,05\u201310,0 mm2"},"content":{"rendered":"<p>Automaatne juhtmekoorija \u00fche- ja mitmesooneliste juhtmete isolatsiooni eemaldamiseks.<br \/>\nM\u00f5eldud paigaldus- ja montaa\u017eit\u00f6\u00f6deks.<br \/>\n\u2022 valmistatud kvaliteetsest legeerterasest<br \/>\n\u2022 l\u00f5ikeservad valmistatud tugevast SK5 terasest &#8211; k\u00f5vadus 52-57 HRC<br \/>\n\u2022 integreeritud vaskjuhtmete l\u00f5ikur<br \/>\n\u2022 vastupidav, vastupidav deformatsioonile<br \/>\n\u2022 juhtmetele ristl\u00f5ikega 0,05\u201310,0 mm2 (30\u20138 AWG)<br \/>\n\u2022 libisemisvastane k\u00e4epide<\/p>\n","protected":false},"excerpt":{"rendered":"<p>&#8211;<\/p>\n","protected":false},"featured_media":28152,"comment_status":"open","ping_status":"closed","template":"","meta":{"_acf_changed":false,"_monsterinsights_skip_tracking":false,"_monsterinsights_sitenote_active":false,"_monsterinsights_sitenote_note":"","_monsterinsights_sitenote_category":0},"pwb-brand":[],"product_brand":[],"product_cat":[297],"product_tag":[],"class_list":{"0":"post-28151","1":"product","2":"type-product","3":"status-publish","4":"has-post-thumbnail","6":"product_cat-elektriku-tooriistad","8":"first","9":"outofstock","10":"taxable","11":"shipping-taxable","12":"purchasable","13":"product-type-simple"},"acf":[],"aioseo_notices":[],"jetpack_sharing_enabled":true,"brands":[],"_links":{"self":[{"href":"https:\/\/westbalt.ee\/index.php?rest_route=\/wp\/v2\/product\/28151","targetHints":{"allow":["GET"]}}],"collection":[{"href":"https:\/\/westbalt.ee\/index.php?rest_route=\/wp\/v2\/product"}],"about":[{"href":"https:\/\/westbalt.ee\/index.php?rest_route=\/wp\/v2\/types\/product"}],"replies":[{"embeddable":true,"href":"https:\/\/westbalt.ee\/index.php?rest_route=%2Fwp%2Fv2%2Fcomments&post=28151"}],"wp:featuredmedia":[{"embeddable":true,"href":"https:\/\/westbalt.ee\/index.php?rest_route=\/wp\/v2\/media\/28152"}],"wp:attachment":[{"href":"https:\/\/westbalt.ee\/index.php?rest_route=%2Fwp%2Fv2%2Fmedia&parent=28151"}],"wp:term":[{"taxonomy":"pwb-brand","embeddable":true,"href":"https:\/\/westbalt.ee\/index.php?rest_route=%2Fwp%2Fv2%2Fpwb-brand&post=28151"},{"taxonomy":"product_brand","embeddable":true,"href":"https:\/\/westbalt.ee\/index.php?rest_route=%2Fwp%2Fv2%2Fproduct_brand&post=28151"},{"taxonomy":"product_cat","embeddable":true,"href":"https:\/\/westbalt.ee\/index.php?rest_route=%2Fwp%2Fv2%2Fproduct_cat&post=28151"},{"taxonomy":"product_tag","embeddable":true,"href":"https:\/\/westbalt.ee\/index.php?rest_route=%2Fwp%2Fv2%2Fproduct_tag&post=28151"}],"curies":[{"name":"wp","href":"https:\/\/api.w.org\/{rel}","templated":true}]}}