{"id":28212,"date":"2022-09-20T23:24:17","date_gmt":"2022-09-20T20:24:17","guid":{"rendered":"https:\/\/westbalt.ee\/?post_type=product&#038;p=28212"},"modified":"2026-03-21T19:41:24","modified_gmt":"2026-03-21T16:41:24","slug":"toitepistik-5-5x3-3-1mm-lumberg","status":"publish","type":"product","link":"https:\/\/westbalt.ee\/?product=toitepistik-5-5x3-3-1mm-lumberg","title":{"rendered":"Toitepistik 5.5&#215;3.3\/1mm Lumberg"},"content":{"rendered":"<p>&#8211;<\/p>\n","protected":false},"excerpt":{"rendered":"<p>V\u00e4line diameeter: 5,5 mm<br \/>\nSisemine l\u00e4bim\u00f5\u00f5t: 3,3 mm<br \/>\nKeskmise tihvti l\u00e4bim\u00f5\u00f5t: 1,0 mm<br \/>\n\u00dchendatava kaabli l\u00e4bim\u00f5\u00f5t: 4 mm<br \/>\nNimivool: 2 A<br \/>\nNimipinge: 13,5 V DC<\/p>\n","protected":false},"featured_media":28213,"comment_status":"open","ping_status":"closed","template":"","meta":{"_acf_changed":false,"_monsterinsights_skip_tracking":false,"_monsterinsights_sitenote_active":false,"_monsterinsights_sitenote_note":"","_monsterinsights_sitenote_category":0},"pwb-brand":[],"product_brand":[],"product_cat":[222],"product_tag":[],"class_list":{"0":"post-28212","1":"product","2":"type-product","3":"status-publish","4":"has-post-thumbnail","6":"product_cat-ac-dc-toitepistikud-ja-pesad","8":"first","9":"instock","10":"taxable","11":"shipping-taxable","12":"purchasable","13":"product-type-simple"},"acf":[],"aioseo_notices":[],"jetpack_sharing_enabled":true,"brands":[],"_links":{"self":[{"href":"https:\/\/westbalt.ee\/index.php?rest_route=\/wp\/v2\/product\/28212","targetHints":{"allow":["GET"]}}],"collection":[{"href":"https:\/\/westbalt.ee\/index.php?rest_route=\/wp\/v2\/product"}],"about":[{"href":"https:\/\/westbalt.ee\/index.php?rest_route=\/wp\/v2\/types\/product"}],"replies":[{"embeddable":true,"href":"https:\/\/westbalt.ee\/index.php?rest_route=%2Fwp%2Fv2%2Fcomments&post=28212"}],"wp:featuredmedia":[{"embeddable":true,"href":"https:\/\/westbalt.ee\/index.php?rest_route=\/wp\/v2\/media\/28213"}],"wp:attachment":[{"href":"https:\/\/westbalt.ee\/index.php?rest_route=%2Fwp%2Fv2%2Fmedia&parent=28212"}],"wp:term":[{"taxonomy":"pwb-brand","embeddable":true,"href":"https:\/\/westbalt.ee\/index.php?rest_route=%2Fwp%2Fv2%2Fpwb-brand&post=28212"},{"taxonomy":"product_brand","embeddable":true,"href":"https:\/\/westbalt.ee\/index.php?rest_route=%2Fwp%2Fv2%2Fproduct_brand&post=28212"},{"taxonomy":"product_cat","embeddable":true,"href":"https:\/\/westbalt.ee\/index.php?rest_route=%2Fwp%2Fv2%2Fproduct_cat&post=28212"},{"taxonomy":"product_tag","embeddable":true,"href":"https:\/\/westbalt.ee\/index.php?rest_route=%2Fwp%2Fv2%2Fproduct_tag&post=28212"}],"curies":[{"name":"wp","href":"https:\/\/api.w.org\/{rel}","templated":true}]}}