{"id":28219,"date":"2022-09-20T23:42:41","date_gmt":"2022-09-20T20:42:41","guid":{"rendered":"https:\/\/westbalt.ee\/?post_type=product&#038;p=28219"},"modified":"2026-03-21T19:49:11","modified_gmt":"2026-03-21T16:49:11","slug":"toitepistik-7-9x5-6-0-9mm-lumberg","status":"publish","type":"product","link":"https:\/\/westbalt.ee\/?product=toitepistik-7-9x5-6-0-9mm-lumberg","title":{"rendered":"Toitepistik 7.9&#215;5.6\/0.9mm Lumberg"},"content":{"rendered":"<p>&#8211;<\/p>\n","protected":false},"excerpt":{"rendered":"<p>V\u00e4line diameeter: 7,9 mm<br \/>\nSisemine l\u00e4bim\u00f5\u00f5t: 5,6 mm<br \/>\nKeskmise tihvti l\u00e4bim\u00f5\u00f5t: 0,9 mm<br \/>\n\u00dchendatava kaabli l\u00e4bim\u00f5\u00f5t: 6 mm<br \/>\nNimivool: 10 A<br \/>\nNimipinge: 42 V DC<\/p>\n","protected":false},"featured_media":28220,"comment_status":"open","ping_status":"closed","template":"","meta":{"_acf_changed":false,"_monsterinsights_skip_tracking":false,"_monsterinsights_sitenote_active":false,"_monsterinsights_sitenote_note":"","_monsterinsights_sitenote_category":0},"pwb-brand":[],"product_brand":[],"product_cat":[222],"product_tag":[],"class_list":{"0":"post-28219","1":"product","2":"type-product","3":"status-publish","4":"has-post-thumbnail","6":"product_cat-ac-dc-toitepistikud-ja-pesad","8":"first","9":"instock","10":"taxable","11":"shipping-taxable","12":"purchasable","13":"product-type-simple"},"acf":[],"aioseo_notices":[],"jetpack_sharing_enabled":true,"brands":[],"_links":{"self":[{"href":"https:\/\/westbalt.ee\/index.php?rest_route=\/wp\/v2\/product\/28219","targetHints":{"allow":["GET"]}}],"collection":[{"href":"https:\/\/westbalt.ee\/index.php?rest_route=\/wp\/v2\/product"}],"about":[{"href":"https:\/\/westbalt.ee\/index.php?rest_route=\/wp\/v2\/types\/product"}],"replies":[{"embeddable":true,"href":"https:\/\/westbalt.ee\/index.php?rest_route=%2Fwp%2Fv2%2Fcomments&post=28219"}],"wp:featuredmedia":[{"embeddable":true,"href":"https:\/\/westbalt.ee\/index.php?rest_route=\/wp\/v2\/media\/28220"}],"wp:attachment":[{"href":"https:\/\/westbalt.ee\/index.php?rest_route=%2Fwp%2Fv2%2Fmedia&parent=28219"}],"wp:term":[{"taxonomy":"pwb-brand","embeddable":true,"href":"https:\/\/westbalt.ee\/index.php?rest_route=%2Fwp%2Fv2%2Fpwb-brand&post=28219"},{"taxonomy":"product_brand","embeddable":true,"href":"https:\/\/westbalt.ee\/index.php?rest_route=%2Fwp%2Fv2%2Fproduct_brand&post=28219"},{"taxonomy":"product_cat","embeddable":true,"href":"https:\/\/westbalt.ee\/index.php?rest_route=%2Fwp%2Fv2%2Fproduct_cat&post=28219"},{"taxonomy":"product_tag","embeddable":true,"href":"https:\/\/westbalt.ee\/index.php?rest_route=%2Fwp%2Fv2%2Fproduct_tag&post=28219"}],"curies":[{"name":"wp","href":"https:\/\/api.w.org\/{rel}","templated":true}]}}