{"id":28316,"date":"2022-10-06T23:33:12","date_gmt":"2022-10-06T20:33:12","guid":{"rendered":"https:\/\/westbalt.ee\/?post_type=product&#038;p=28316"},"modified":"2026-03-21T19:43:59","modified_gmt":"2026-03-21T16:43:59","slug":"led-riba-puutetundlik-dimmer-12v-45w-4a-tootab-labi-puidu","status":"publish","type":"product","link":"https:\/\/westbalt.ee\/?product=led-riba-puutetundlik-dimmer-12v-45w-4a-tootab-labi-puidu","title":{"rendered":"LED riba puutetundlik dimmer 12V 45W 4A, t\u00f6\u00f6tab l\u00e4bi puidu"},"content":{"rendered":"<p>Tehnilised parameetrid:<br \/>\n&#8211; funktsioonid: ON \/ OFF + dimmer + m\u00e4lu<br \/>\n&#8211; kasutus: kapid, k\u00f6\u00f6giletid, vannitoad, vitriinid<br \/>\n&#8211; paigaldus: kleepimisega (kaasas 3M kleeplint)<br \/>\n&#8211; sisendpinge: 12 &#8211; 24 V DC<br \/>\n&#8211; v\u00e4ljundvool: 4A<br \/>\n&#8211; v\u00e4ljundv\u00f5imsus: 12V = 48W, 24V = 96W<br \/>\n&#8211; toitekaablite pikkus: 25cm<br \/>\n&#8211; sisend: DC pistik 2,1 x 5,5 mm<br \/>\n&#8211; v\u00e4ljund: DC pesa 2,1 x 5,5 mm<\/p>\n","protected":false},"excerpt":{"rendered":"<p>See puutetundlik l\u00fcliti on m\u00f5eldud peidetud paigaldamiseks puitmaterjalide, klaasi v\u00f5i peegli taha (alla) maksimaalse materjali paksusega 25 mm. L\u00fcliti v\u00f5imaldab valgusallikat sisse\/v\u00e4lja l\u00fclitada v\u00f5i h\u00e4mardada. Sellel on ka m\u00e4lu: v\u00e4lja- ja uuesti sissel\u00fclitamisel s\u00fcttib tuli algselt seatud heledusega.<\/p>\n","protected":false},"featured_media":28319,"comment_status":"open","ping_status":"closed","template":"","meta":{"_acf_changed":false,"_monsterinsights_skip_tracking":false,"_monsterinsights_sitenote_active":false,"_monsterinsights_sitenote_note":"","_monsterinsights_sitenote_category":0},"pwb-brand":[],"product_brand":[],"product_cat":[163],"product_tag":[],"class_list":{"0":"post-28316","1":"product","2":"type-product","3":"status-publish","4":"has-post-thumbnail","6":"product_cat-led-ribad-ja-moodulid","8":"first","9":"onbackorder","10":"taxable","11":"shipping-taxable","12":"purchasable","13":"product-type-simple"},"acf":[],"aioseo_notices":[],"jetpack_sharing_enabled":true,"brands":[],"_links":{"self":[{"href":"https:\/\/westbalt.ee\/index.php?rest_route=\/wp\/v2\/product\/28316","targetHints":{"allow":["GET"]}}],"collection":[{"href":"https:\/\/westbalt.ee\/index.php?rest_route=\/wp\/v2\/product"}],"about":[{"href":"https:\/\/westbalt.ee\/index.php?rest_route=\/wp\/v2\/types\/product"}],"replies":[{"embeddable":true,"href":"https:\/\/westbalt.ee\/index.php?rest_route=%2Fwp%2Fv2%2Fcomments&post=28316"}],"wp:featuredmedia":[{"embeddable":true,"href":"https:\/\/westbalt.ee\/index.php?rest_route=\/wp\/v2\/media\/28319"}],"wp:attachment":[{"href":"https:\/\/westbalt.ee\/index.php?rest_route=%2Fwp%2Fv2%2Fmedia&parent=28316"}],"wp:term":[{"taxonomy":"pwb-brand","embeddable":true,"href":"https:\/\/westbalt.ee\/index.php?rest_route=%2Fwp%2Fv2%2Fpwb-brand&post=28316"},{"taxonomy":"product_brand","embeddable":true,"href":"https:\/\/westbalt.ee\/index.php?rest_route=%2Fwp%2Fv2%2Fproduct_brand&post=28316"},{"taxonomy":"product_cat","embeddable":true,"href":"https:\/\/westbalt.ee\/index.php?rest_route=%2Fwp%2Fv2%2Fproduct_cat&post=28316"},{"taxonomy":"product_tag","embeddable":true,"href":"https:\/\/westbalt.ee\/index.php?rest_route=%2Fwp%2Fv2%2Fproduct_tag&post=28316"}],"curies":[{"name":"wp","href":"https:\/\/api.w.org\/{rel}","templated":true}]}}