{"id":28324,"date":"2022-10-10T09:24:03","date_gmt":"2022-10-10T06:24:03","guid":{"rendered":"https:\/\/westbalt.ee\/?post_type=product&#038;p=28324"},"modified":"2026-03-21T19:52:19","modified_gmt":"2026-03-21T16:52:19","slug":"ampertangid-ut204r-600a-ac-dc","status":"publish","type":"product","link":"https:\/\/westbalt.ee\/?product=ampertangid-ut204r-600a-ac-dc","title":{"rendered":"Ampertangid UT204R 600A AC\/DC"},"content":{"rendered":"<p>Max m\u00f5\u00f5detud kaabli l\u00e4bim\u00f5\u00f5t\t28 mm<br \/>\nKasutatud kuvari t\u00fc\u00fcp\tLCD (6000)<br \/>\nAlalisvoolu m\u00f5\u00f5tepiirkond\t60A\/600A<br \/>\nVahelduvvoolu m\u00f5\u00f5tmise vahemik \t60A\/600A<br \/>\nAlalispinge m\u00f5\u00f5tepiirkond\t600mV\/6V\/60V\/600V<br \/>\nVahelduvpinge m\u00f5\u00f5tmise vahemik\t6V\/60V\/600V<br \/>\nT\u00f5eline RMS<br \/>\nTakistuse m\u00f5\u00f5tmise vahemikud\t600\u03a9 \/6k\u03a9 \/60k\u03a9 \/600k\u03a9 \/6M\u03a9\/60M\u03a9<br \/>\nSageduse m\u00f5\u00f5tmise vahemik\t10&#8230;10MHz<br \/>\nMahtuvuse m\u00f5\u00f5tmise vahemikud    60nF\/600nF\/60\u03bcF\/600\u03bcF\/6000\u03bcF\/60mF<br \/>\nTemperatuuri m\u00f5\u00f5tmise vahemik   -40\u00b0C kuni +1000 \u00b0C<br \/>\nT\u00f6\u00f6ts\u00fckli tegur\t0.1&#8230;99.9%<br \/>\nJ\u00e4rjepidevuse test\t<10\u03a9,  akustiline n\u00e4it\nDioodi test\n<\/p>\n","protected":false},"excerpt":{"rendered":"<p>M\u00f5\u00f5tmine: vahelduvvool,  vahelduvpinge,  j\u00e4rjepidevus,  alalisvool,  alalispinge,  t\u00f6\u00f6ts\u00fckkel,  sagedus,  temperatuur, mahtuvus.<br \/>\n\u2022 Automaatne v\u00e4ljal\u00fclitus<br \/>\n\u2022 Maksimaalsete ja minimaalsete v\u00e4\u00e4rtuste m\u00f5\u00f5tmine<br \/>\n\u2022 HOLD funktsioon<br \/>\n\u2022 Aku t\u00fchjenemise indikaator<br \/>\n\u2022 \u00dclevoolu indikaator<br \/>\n\u2022 Polaarsuse indikaator<br \/>\n\u2022 REL funktsioon<br \/>\n\u2022 Toiteallikas: R03 AAA 1,5V x2<br \/>\n\u2022 Standardvarustus: kott, testjuhtmed, termopaar<\/p>\n","protected":false},"featured_media":28331,"comment_status":"open","ping_status":"closed","template":"","meta":{"_acf_changed":false,"_monsterinsights_skip_tracking":false,"_monsterinsights_sitenote_active":false,"_monsterinsights_sitenote_note":"","_monsterinsights_sitenote_category":0},"pwb-brand":[2409],"product_brand":[],"product_cat":[299],"product_tag":[],"class_list":{"0":"post-28324","1":"product","2":"type-product","3":"status-publish","4":"has-post-thumbnail","6":"pwb-brand-uni-t","7":"product_cat-ampertangid","9":"first","10":"instock","11":"taxable","12":"shipping-taxable","13":"purchasable","14":"product-type-simple"},"acf":[],"aioseo_notices":[],"jetpack_sharing_enabled":true,"brands":[{"id":2409,"name":"UNI-T","slug":"uni-t"}],"_links":{"self":[{"href":"https:\/\/westbalt.ee\/index.php?rest_route=\/wp\/v2\/product\/28324","targetHints":{"allow":["GET"]}}],"collection":[{"href":"https:\/\/westbalt.ee\/index.php?rest_route=\/wp\/v2\/product"}],"about":[{"href":"https:\/\/westbalt.ee\/index.php?rest_route=\/wp\/v2\/types\/product"}],"replies":[{"embeddable":true,"href":"https:\/\/westbalt.ee\/index.php?rest_route=%2Fwp%2Fv2%2Fcomments&post=28324"}],"wp:featuredmedia":[{"embeddable":true,"href":"https:\/\/westbalt.ee\/index.php?rest_route=\/wp\/v2\/media\/28331"}],"wp:attachment":[{"href":"https:\/\/westbalt.ee\/index.php?rest_route=%2Fwp%2Fv2%2Fmedia&parent=28324"}],"wp:term":[{"taxonomy":"pwb-brand","embeddable":true,"href":"https:\/\/westbalt.ee\/index.php?rest_route=%2Fwp%2Fv2%2Fpwb-brand&post=28324"},{"taxonomy":"product_brand","embeddable":true,"href":"https:\/\/westbalt.ee\/index.php?rest_route=%2Fwp%2Fv2%2Fproduct_brand&post=28324"},{"taxonomy":"product_cat","embeddable":true,"href":"https:\/\/westbalt.ee\/index.php?rest_route=%2Fwp%2Fv2%2Fproduct_cat&post=28324"},{"taxonomy":"product_tag","embeddable":true,"href":"https:\/\/westbalt.ee\/index.php?rest_route=%2Fwp%2Fv2%2Fproduct_tag&post=28324"}],"curies":[{"name":"wp","href":"https:\/\/api.w.org\/{rel}","templated":true}]}}